{"id":730246,"date":"2025-08-27T21:11:13","date_gmt":"2025-08-27T18:11:13","guid":{"rendered":"https:\/\/roveyayinevi.com.tr\/index.php\/urun\/yuruyen-cinar\/"},"modified":"2026-04-16T02:37:43","modified_gmt":"2026-04-15T23:37:43","slug":"yuruyen-cinar","status":"publish","type":"product","link":"https:\/\/roveyayinevi.com.tr\/index.php\/urun\/yuruyen-cinar\/","title":{"rendered":"Y\u00fcr\u00fcyen \u00c7\u0131nar"},"content":{"rendered":"<p>Y\u00fcr\u00fcyen K\u00f6\u015fk\u2019\u00fc duymu\u015f muydunuz? Yalova\u2019da, denize bakan bir m\u00fcze \u015fimdi&#8230; Atat\u00fcrk sahilde g\u00f6r\u00fcp \u00e7ok etkilendi\u011fi ulu bir \u00e7\u0131nar a\u011fac\u0131n\u0131n yan\u0131na bir k\u00f6\u015fk yapt\u0131r\u0131r. Fakat bir s\u00fcre sonra \u00e7\u0131nar\u0131n dallar\u0131 k\u00f6\u015fk\u00fcn \u00e7at\u0131s\u0131na zarar vermeye ba\u015flar ve bah\u00e7\u0131van Atat\u00fcrk\u2019ten dallar\u0131 kesmek i\u00e7in izin ister. Atat\u00fcrk dallar\u0131n kesilmesi yerine k\u00f6\u015fk\u00fcn y\u00fcr\u00fct\u00fclmesini isteyince de k\u00f6\u015fk, \u0130stanbul&#8217;dan getirtilen tramvay raylar\u0131 \u00fczerinde sekiz \u00e7ocuk ad\u0131m\u0131 y\u00fcr\u00fct\u00fcl\u00fcr.\u0130\u015fte &#8220;Y\u00fcr\u00fcyen \u00c7\u0131nar&#8221; ilham\u0131n\u0131 bu me\u015fhur \u00e7\u0131nardan al\u0131yor. \u00c7\u0131nar nas\u0131l da \u00f6fkeliydi bir g\u00fcn. \u00c7\u0131kard\u0131 k\u00f6klerini topraktan, y\u00fcr\u00fcd\u00fc yapraklar\u0131n\u0131 f\u0131rlata f\u0131rlata. Nereye b\u00f6yle \u00e7\u0131nar? Atat\u00fcrk dallar\u0131na zarar gelmesin diye ta\u015f\u0131tmad\u0131 m\u0131 koca k\u00f6\u015fk\u00fc yan\u0131ndan?..\u00d6d\u00fcll\u00fc sanat\u00e7\u0131 Huban Korman&#8217;\u0131n reng\u00e2renk resimleriyle yeniden raflarda yerini alan &#8220;Y\u00fcr\u00fcyen \u00c7\u0131nar&#8221;, a\u011fa\u00e7lar\u0131 ve do\u011fay\u0131 koruman\u0131n \u00f6nemini vurgulayan bir \u00f6yk\u00fc. Hem \u00e7ocuklara hem yeti\u015fkinlere y\u00f6nelik kitaplar\u0131yla sevilen yazar Siml\u00e2 Sunay&#8217;\u0131n yazd\u0131\u011f\u0131 bu \u00f6yk\u00fcn\u00fcn kahramanlar\u0131 ise, Y\u00fcr\u00fcyen K\u00f6\u015fk\u2019\u00fcn tarihi \u00e7\u0131nar\u0131 ile \u00e7ocuklar.<\/p>\n","protected":false},"excerpt":{"rendered":"<p>Y\u00fcr\u00fcyen K\u00f6\u015fk\u2019\u00fc duymu\u015f muydunuz? Yalova\u2019da, denize bakan bir m\u00fcze \u015fimdi&#8230; Atat\u00fcrk sahilde g\u00f6r\u00fcp \u00e7ok etkilendi\u011fi ulu bir \u00e7\u0131nar a\u011fac\u0131n\u0131n yan\u0131na bir k\u00f6\u015fk yapt\u0131r\u0131r. Fakat bir s\u00fcre<span class=\"excerpt-hellip\"> [\u2026]<\/span><\/p>\n","protected":false},"featured_media":0,"template":"","meta":{"_monsterinsights_skip_tracking":false,"_monsterinsights_sitenote_active":false,"_monsterinsights_sitenote_note":"","_monsterinsights_sitenote_category":0},"product_brand":[],"product_cat":[12275,12274],"product_tag":[],"class_list":{"0":"post-730246","1":"product","2":"type-product","3":"status-publish","5":"product_cat-6-12-yas-kitaplari","6":"product_cat-cocuk-ve-genclik-kitaplari","7":"pa_cilt-ciltsiz","8":"pa_tur-kitap","9":"pa_yayinevi-redhouse-kidz-yayinlari","10":"pa_yazar-simla-sunay","12":"first","13":"instock","14":"sale","15":"shipping-taxable","16":"purchasable","17":"product-type-simple"},"_links":{"self":[{"href":"https:\/\/roveyayinevi.com.tr\/index.php\/wp-json\/wp\/v2\/product\/730246","targetHints":{"allow":["GET"]}}],"collection":[{"href":"https:\/\/roveyayinevi.com.tr\/index.php\/wp-json\/wp\/v2\/product"}],"about":[{"href":"https:\/\/roveyayinevi.com.tr\/index.php\/wp-json\/wp\/v2\/types\/product"}],"wp:attachment":[{"href":"https:\/\/roveyayinevi.com.tr\/index.php\/wp-json\/wp\/v2\/media?parent=730246"}],"wp:term":[{"taxonomy":"product_brand","embeddable":true,"href":"https:\/\/roveyayinevi.com.tr\/index.php\/wp-json\/wp\/v2\/product_brand?post=730246"},{"taxonomy":"product_cat","embeddable":true,"href":"https:\/\/roveyayinevi.com.tr\/index.php\/wp-json\/wp\/v2\/product_cat?post=730246"},{"taxonomy":"product_tag","embeddable":true,"href":"https:\/\/roveyayinevi.com.tr\/index.php\/wp-json\/wp\/v2\/product_tag?post=730246"}],"curies":[{"name":"wp","href":"https:\/\/api.w.org\/{rel}","templated":true}]}}