{"id":730243,"date":"2025-08-27T21:11:10","date_gmt":"2025-08-27T18:11:10","guid":{"rendered":"https:\/\/roveyayinevi.com.tr\/index.php\/urun\/kuskucu-bir-hayalperestin-yasami-e-t-a-hoffmann\/"},"modified":"2026-04-16T02:37:43","modified_gmt":"2026-04-15T23:37:43","slug":"kuskucu-bir-hayalperestin-yasami-e-t-a-hoffmann","status":"publish","type":"product","link":"https:\/\/roveyayinevi.com.tr\/index.php\/urun\/kuskucu-bir-hayalperestin-yasami-e-t-a-hoffmann\/","title":{"rendered":"Ku\u015fkucu Bir Hayalperestin Ya\u015fam\u0131  E.T.A. Hoffmann"},"content":{"rendered":"<p>Avrupa\u2019n\u0131n politik olarak \u00e7alkant\u0131l\u0131 bir d\u00f6neminde ya\u015fayan Hoffmann, d\u00fcnya edebiyat tarihinin en gizemli yazarlar\u0131ndan birisidir. Hayat\u0131 boyunca kendisini m\u00fczisyen olarak g\u00f6rse de, \u00e7ok ba\u015far\u0131l\u0131 oldu\u011funa inanmad\u0131\u011f\u0131ndan sert bir alayc\u0131l\u0131\u011f\u0131n h\u00e2kim oldu\u011fu peri masallar\u0131 kaleme al\u0131r. Bilin\u00e7alt\u0131n\u0131n \u00fcrk\u00fct\u00fcc\u00fc yanlar\u0131yla fantastiklerin bug\u00fcne kadarki en \u00fcnl\u00fc ve etkili anlat\u0131c\u0131s\u0131 haline gelir. Yap\u0131tlar\u0131n\u0131n zamanla azalmayan \u00e7ok \u00f6zel bir \u00e7ekicili\u011fi vard\u0131r. Ku\u015fkucu Bir Hayalperestin Ya\u015fam\u0131\u2019nda k\u00fc\u00e7\u00fck ya\u015fta sanat\u00e7\u0131 olmaya \u00e7a\u011fr\u0131lan Hoffmann\u2019\u0131n e\u011fitim ser\u00fcveni, ard\u0131ndan avukatl\u0131k mesle\u011fi, aile hayat\u0131ndaki karma\u015falar, entelekt\u00fcel d\u00fcnyayla gerilimi ve \u00e7ocukluk arkada\u015f\u0131 Hippel\u2019le kapsaml\u0131 yaz\u0131\u015fmalar\u0131 analitik bir titizlikle i\u015flenmi\u015f ve de\u011fi\u015fen hayat\u0131n\u0131n derinliklerine inilmi\u015ftir. Usta biyografi yazar\u0131 Safranski, Hoffmann\u2019\u0131n tuhaf fantezilerinin \u00f6z\u00fcne girmeyi ba\u015fararak, onu sadece b\u00fcy\u00fck bir yazar olarak de\u011fil, ayr\u0131ca zaman\u0131n\u0131n \u00e7ok \u00f6tesinde, \u00e7ok y\u00f6nl\u00fc yetene\u011fe sahip bir \u015fahsiyet olarak \u00f6ne \u00e7\u0131karmay\u0131 ba\u015far\u0131yor. <\/p>\n","protected":false},"excerpt":{"rendered":"<p>Avrupa\u2019n\u0131n politik olarak \u00e7alkant\u0131l\u0131 bir d\u00f6neminde ya\u015fayan Hoffmann, d\u00fcnya edebiyat tarihinin en gizemli yazarlar\u0131ndan birisidir. Hayat\u0131 boyunca kendisini m\u00fczisyen olarak g\u00f6rse de, \u00e7ok ba\u015far\u0131l\u0131 oldu\u011funa inanmad\u0131\u011f\u0131ndan<span class=\"excerpt-hellip\"> [\u2026]<\/span><\/p>\n","protected":false},"featured_media":0,"template":"","meta":{"_monsterinsights_skip_tracking":false,"_monsterinsights_sitenote_active":false,"_monsterinsights_sitenote_note":"","_monsterinsights_sitenote_category":0},"product_brand":[],"product_cat":[14009,12291],"product_tag":[],"class_list":{"0":"post-730243","1":"product","2":"type-product","3":"status-publish","5":"product_cat-biyografi-otobiyografi-edebiyat","6":"product_cat-edebiyat","7":"pa_cilt-ciltsiz","8":"pa_tur-kitap","9":"pa_yayinevi-alfa-yayinlari","10":"pa_yazar-rudiger-safranski","12":"first","13":"instock","14":"sale","15":"shipping-taxable","16":"purchasable","17":"product-type-simple"},"_links":{"self":[{"href":"https:\/\/roveyayinevi.com.tr\/index.php\/wp-json\/wp\/v2\/product\/730243","targetHints":{"allow":["GET"]}}],"collection":[{"href":"https:\/\/roveyayinevi.com.tr\/index.php\/wp-json\/wp\/v2\/product"}],"about":[{"href":"https:\/\/roveyayinevi.com.tr\/index.php\/wp-json\/wp\/v2\/types\/product"}],"wp:attachment":[{"href":"https:\/\/roveyayinevi.com.tr\/index.php\/wp-json\/wp\/v2\/media?parent=730243"}],"wp:term":[{"taxonomy":"product_brand","embeddable":true,"href":"https:\/\/roveyayinevi.com.tr\/index.php\/wp-json\/wp\/v2\/product_brand?post=730243"},{"taxonomy":"product_cat","embeddable":true,"href":"https:\/\/roveyayinevi.com.tr\/index.php\/wp-json\/wp\/v2\/product_cat?post=730243"},{"taxonomy":"product_tag","embeddable":true,"href":"https:\/\/roveyayinevi.com.tr\/index.php\/wp-json\/wp\/v2\/product_tag?post=730243"}],"curies":[{"name":"wp","href":"https:\/\/api.w.org\/{rel}","templated":true}]}}