{"id":730241,"date":"2025-08-27T21:11:09","date_gmt":"2025-08-27T18:11:09","guid":{"rendered":"https:\/\/roveyayinevi.com.tr\/index.php\/urun\/pandemi-polemikleri\/"},"modified":"2026-04-16T02:37:43","modified_gmt":"2026-04-15T23:37:43","slug":"pandemi-polemikleri","status":"publish","type":"product","link":"https:\/\/roveyayinevi.com.tr\/index.php\/urun\/pandemi-polemikleri\/","title":{"rendered":"Pandemi Polemikleri"},"content":{"rendered":"<p>Elinizde bulunan \u2018Pandemi Polemikleri\u2019 adl\u0131 bu \u00e7al\u0131\u015fma, \u00e7ok de\u011fil, bir y\u0131la yak\u0131n bir zaman diliminde \u00fclkede ve d\u00fcnyada en \u00f6nemli g\u00fcndem maddemiz olan Kovid-19 vir\u00fcs\u00fcn\u00fcn bireysel ve toplumsal ya\u015fam\u0131m\u0131za ne derece etki etti\u011fini \u201cfarkl\u0131\u201d bir pencereden irdeliyor. \u00c7al\u0131\u015fmay\u0131 \u201cfarkl\u0131\u201d k\u0131lan, soruna bir\u00e7ok y\u00f6n\u00fcyle bakmas\u0131 ve sorul(a)mayan \/ s\u00f6ylen(e)meyen yada dezenforme y\u00f6ntemleri kullan\u0131larak sorulmas\u0131\/sorulmas\u0131 istenmeyeni y\u00fcksek perdeden dillendirmesi olmu\u015ftur. <\/p>\n","protected":false},"excerpt":{"rendered":"<p>Elinizde bulunan \u2018Pandemi Polemikleri\u2019 adl\u0131 bu \u00e7al\u0131\u015fma, \u00e7ok de\u011fil, bir y\u0131la yak\u0131n bir zaman diliminde \u00fclkede ve d\u00fcnyada en \u00f6nemli g\u00fcndem maddemiz olan Kovid-19 vir\u00fcs\u00fcn\u00fcn bireysel<span class=\"excerpt-hellip\"> [\u2026]<\/span><\/p>\n","protected":false},"featured_media":0,"template":"","meta":{"_monsterinsights_skip_tracking":false,"_monsterinsights_sitenote_active":false,"_monsterinsights_sitenote_note":"","_monsterinsights_sitenote_category":0},"product_brand":[],"product_cat":[13590,12337],"product_tag":[],"class_list":{"0":"post-730241","1":"product","2":"type-product","3":"status-publish","5":"product_cat-arastirma-inceleme-politika-siyaset","6":"product_cat-politika-siyaset","7":"pa_cilt-ciltsiz","8":"pa_tur-kitap","9":"pa_yayinevi-toz-yayinlari","10":"pa_yazar-ali-tepe","12":"first","13":"instock","14":"sale","15":"shipping-taxable","16":"purchasable","17":"product-type-simple"},"_links":{"self":[{"href":"https:\/\/roveyayinevi.com.tr\/index.php\/wp-json\/wp\/v2\/product\/730241","targetHints":{"allow":["GET"]}}],"collection":[{"href":"https:\/\/roveyayinevi.com.tr\/index.php\/wp-json\/wp\/v2\/product"}],"about":[{"href":"https:\/\/roveyayinevi.com.tr\/index.php\/wp-json\/wp\/v2\/types\/product"}],"wp:attachment":[{"href":"https:\/\/roveyayinevi.com.tr\/index.php\/wp-json\/wp\/v2\/media?parent=730241"}],"wp:term":[{"taxonomy":"product_brand","embeddable":true,"href":"https:\/\/roveyayinevi.com.tr\/index.php\/wp-json\/wp\/v2\/product_brand?post=730241"},{"taxonomy":"product_cat","embeddable":true,"href":"https:\/\/roveyayinevi.com.tr\/index.php\/wp-json\/wp\/v2\/product_cat?post=730241"},{"taxonomy":"product_tag","embeddable":true,"href":"https:\/\/roveyayinevi.com.tr\/index.php\/wp-json\/wp\/v2\/product_tag?post=730241"}],"curies":[{"name":"wp","href":"https:\/\/api.w.org\/{rel}","templated":true}]}}