{"id":730233,"date":"2025-08-27T21:11:01","date_gmt":"2025-08-27T18:11:01","guid":{"rendered":"https:\/\/roveyayinevi.com.tr\/index.php\/urun\/ogrenme-kuramlari-ve-yetiskin-ogrenme-modelleri-uzerine-kisa-bir-inceleme\/"},"modified":"2026-01-30T03:04:41","modified_gmt":"2026-01-30T00:04:41","slug":"ogrenme-kuramlari-ve-yetiskin-ogrenme-modelleri-uzerine-kisa-bir-inceleme","status":"publish","type":"product","link":"https:\/\/roveyayinevi.com.tr\/index.php\/urun\/ogrenme-kuramlari-ve-yetiskin-ogrenme-modelleri-uzerine-kisa-bir-inceleme\/","title":{"rendered":"\u00d6\u011frenme Kuramlar\u0131 ve Yeti\u015fkin \u00d6\u011frenme Modelleri \u00dczerine K\u0131sa Bir \u0130nceleme"},"content":{"rendered":"<p>\u00d6\u011frenmeyi okul d\u0131\u015f\u0131nda, ya\u015fam boyu s\u00fcren bir s\u00fcre\u00e7 olarak ele ald\u0131\u011f\u0131m\u0131zda kar\u015f\u0131m\u0131za yeti\u015fkin \u00f6\u011frenme kuram ve yakla\u015f\u0131mlar\u0131 \u00e7\u0131kar. Ancak belirtmek gerekir ki, yeti\u015fkin \u00f6\u011frenmesi \u00fczerine literat\u00fcr, \u00e7ocuklar\u0131n \u00f6\u011frenmesi ve \u00e7ocuk geli\u015fimi ile ilgili zengin bilgi birikimi ile kar\u015f\u0131la\u015ft\u0131r\u0131ld\u0131\u011f\u0131nda daha s\u0131n\u0131rl\u0131d\u0131r. Asl\u0131nda yeti\u015fkinlerin \u00f6\u011frenip-\u00f6\u011frenemeyece\u011fi ve nas\u0131l \u00f6\u011frendi\u011fi konusu, insanl\u0131k tarihi kadar eskidir. 1930\u2019lu y\u0131llara kadar yeti\u015fkinlerin \u00f6\u011frenip \u00f6\u011frenemeyece\u011fi do\u011frultusunda sorular olduk\u00e7a yayg\u0131nd\u0131. Ancak 1928 y\u0131l\u0131nda Thorndike taraf\u0131ndan yay\u0131mlanan Yeti\u015fkin \u00d6\u011frenmesi kitab\u0131 ile yeti\u015fkinlerin \u00f6\u011frenebilece\u011fi, bilimsel bulgulara dayal\u0131 olarak ortaya konmu\u015f oldu. B\u00f6ylece yeti\u015fkin e\u011fitimi ve \u00f6\u011frenmesi \u00fczerinde yo\u011funla\u015fan yeni bir d\u00f6nem ba\u015flam\u0131\u015ft\u0131r. Karin Tusting ve David Barton taraf\u0131ndan kaleme al\u0131nan bu kitapta \u00f6ncelikle, yeti\u015fkin \u00f6\u011frenmesi konusundaki \u00e7al\u0131\u015fmalar\u0131 etkileyen ve esinleyen davran\u0131\u015f\u00e7\u0131l\u0131k, bili\u015fselcilik, bili\u015fsel yap\u0131land\u0131rmac\u0131l\u0131k, geli\u015fim kuramlar\u0131, eylem kuram\u0131, toplumsal yap\u0131land\u0131rmac\u0131l\u0131k, durumsal bili\u015f ve beyin ara\u015ft\u0131rmalar\u0131 gibi daha \u00e7ok psikoloji k\u00f6kenli yakla\u015f\u0131m ve kuramlar ele al\u0131nm\u0131\u015ft\u0131r.   Ahmet Y\u0131ld\u0131z <\/p>\n","protected":false},"excerpt":{"rendered":"<p>\u00d6\u011frenmeyi okul d\u0131\u015f\u0131nda, ya\u015fam boyu s\u00fcren bir s\u00fcre\u00e7 olarak ele ald\u0131\u011f\u0131m\u0131zda kar\u015f\u0131m\u0131za yeti\u015fkin \u00f6\u011frenme kuram ve yakla\u015f\u0131mlar\u0131 \u00e7\u0131kar. Ancak belirtmek gerekir ki, yeti\u015fkin \u00f6\u011frenmesi \u00fczerine literat\u00fcr,<span class=\"excerpt-hellip\"> [\u2026]<\/span><\/p>\n","protected":false},"featured_media":0,"template":"","meta":{"_monsterinsights_skip_tracking":false,"_monsterinsights_sitenote_active":false,"_monsterinsights_sitenote_note":"","_monsterinsights_sitenote_category":0},"product_brand":[],"product_cat":[12573,12566],"product_tag":[],"class_list":{"0":"post-730233","1":"product","2":"type-product","3":"status-publish","5":"product_cat-akademik-kitaplar","6":"product_cat-egitim","7":"pa_cilt-ciltsiz","8":"pa_tur-kitap","9":"pa_yayinevi-kalkedon-yayincilik","10":"pa_yazar-karin-tusting-david-barton","12":"first","13":"instock","14":"sale","15":"shipping-taxable","16":"purchasable","17":"product-type-simple"},"_links":{"self":[{"href":"https:\/\/roveyayinevi.com.tr\/index.php\/wp-json\/wp\/v2\/product\/730233","targetHints":{"allow":["GET"]}}],"collection":[{"href":"https:\/\/roveyayinevi.com.tr\/index.php\/wp-json\/wp\/v2\/product"}],"about":[{"href":"https:\/\/roveyayinevi.com.tr\/index.php\/wp-json\/wp\/v2\/types\/product"}],"wp:attachment":[{"href":"https:\/\/roveyayinevi.com.tr\/index.php\/wp-json\/wp\/v2\/media?parent=730233"}],"wp:term":[{"taxonomy":"product_brand","embeddable":true,"href":"https:\/\/roveyayinevi.com.tr\/index.php\/wp-json\/wp\/v2\/product_brand?post=730233"},{"taxonomy":"product_cat","embeddable":true,"href":"https:\/\/roveyayinevi.com.tr\/index.php\/wp-json\/wp\/v2\/product_cat?post=730233"},{"taxonomy":"product_tag","embeddable":true,"href":"https:\/\/roveyayinevi.com.tr\/index.php\/wp-json\/wp\/v2\/product_tag?post=730233"}],"curies":[{"name":"wp","href":"https:\/\/api.w.org\/{rel}","templated":true}]}}