{"id":730232,"date":"2025-08-27T21:11:01","date_gmt":"2025-08-27T18:11:01","guid":{"rendered":"https:\/\/roveyayinevi.com.tr\/index.php\/urun\/abolisyonist-sosyalist-feminizm\/"},"modified":"2026-04-16T02:37:43","modified_gmt":"2026-04-15T23:37:43","slug":"abolisyonist-sosyalist-feminizm","status":"publish","type":"product","link":"https:\/\/roveyayinevi.com.tr\/index.php\/urun\/abolisyonist-sosyalist-feminizm\/","title":{"rendered":"Abolisyonist Sosyalist Feminizm"},"content":{"rendered":"<p>neden sosyalizm? Her insan a\u00e7l\u0131k, evsizlik, hastal\u0131k, i\u015fsizlik ve engellilik kayg\u0131s\u0131 olmaks\u0131z\u0131n ya\u015famay\u0131 hak eder. K\u00e2r amac\u0131 g\u00fctmek insanl\u0131\u011f\u0131 yok eder. Sosyalizme bir ba\u015flang\u0131\u00e7 yapmak, herkesin evrensel olarak ya\u015fanabilir bir gelire ve sa\u011fl\u0131k hizmetlerine kavu\u015fmas\u0131 demektir. neden feminizm? \u00c7\u00fcnk\u00fc bireyin ya\u015fam tercihlerini, ne biyolojik ne de toplumsal cinsiyeti belirlemelidir. \u00c7\u00fcnk\u00fc mizojini (kad\u0131n d\u00fc\u015fmanl\u0131\u011f\u0131) ve kad\u0131nlar\u0131n ya\u015fad\u0131\u011f\u0131 e\u015fitsizli\u011fe yap\u0131sal destek sa\u011flayan hetero-ataerki, kad\u0131nlar\u0131n bedenleri \u00fczerinde egemenlik kurma ve onlar\u0131 denetim alt\u0131na alman\u0131n pe\u015findedir. Benim \u201ckad\u0131nlar\u201d tabirini kullan\u0131\u015f\u0131m her zaman trans, geleneksel cinsiyet normlar\u0131na uyum g\u00f6stermeyen ve non-binary kimlikleri de kapsamaktad\u0131r. Bu belirlenmi\u015f ve evrensel bir kabuld\u00fcr. neden abolisyonizm? K\u00f6lelik sadece \u015fekil de\u011fi\u015ftirmi\u015f durumda; bireylik ile uygarl\u0131k ve insanl\u0131\u011f\u0131n do\u011furdu\u011fu haklar ancak s\u00f6zde kalmaya devam ediyor. Beyazlar\u0131n \u00fcst\u00fcnl\u00fc\u011f\u00fc, hukukun yap\u0131land\u0131r\u0131lmas\u0131ndan, hapishanelerden ve \u0131rka dayal\u0131 i\u015f b\u00f6l\u00fcm\u00fc d\u00fczenlemelerinden b\u00fct\u00fcn\u00fcyle s\u00f6k\u00fcl\u00fcp at\u0131lmal\u0131d\u0131r&#8230; Abolisyonizm, g\u00fcn\u00fcm\u00fczde genellikle mevcut hapishane sistemini sona erdirmek \u00fczere s\u00fcrd\u00fcr\u00fclen diren\u00e7li harekete at\u0131fta bulunmak i\u00e7in kullan\u0131lmaktad\u0131r. Benim kullan\u0131m\u0131m ise, her nerede b\u00fcy\u00fcy\u00fcp geli\u015firse geli\u015fsin, mizojinist (kad\u0131n d\u00fc\u015fman\u0131) \u0131rk\u00e7\u0131l\u0131\u011f\u0131n yap\u0131sal b\u00fct\u00fcnl\u00fc\u011f\u00fcn\u00fc kapsamaktad\u0131r.  Neden y\u0131llard\u0131r kapitalist \u0131rk\u00e7\u0131 hetero-ataerkiye \u0131rk\u00e7\u0131l\u0131k ve mizojini kar\u015f\u0131t\u0131 ele\u015ftirilerde bulunmam\u0131n ard\u0131ndan, hala bu a\u00e7\u0131klamalar\u0131 yapmak zorunda kal\u0131yorum? Neden bu hala mesele olmay\u0131 s\u00fcrd\u00fcr\u00fcyor? Neden ilerici d\u00fc\u015f\u00fcnenler ve her \u00e7izgiden aktivistler biraz daha de\u011fi\u015femediler? Neden sol cenah, ki\u015fisel olan\u0131n politik oldu\u011funu, cinsiyetin de bir politikas\u0131 oldu\u011funu, cinselle\u015ftirilmi\u015f \u0131rk\u00e7\u0131l\u0131\u011f\u0131n s\u0131n\u0131f meselesinin temelini att\u0131\u011f\u0131n\u0131 bir t\u00fcrl\u00fc anlayamad\u0131? Neden hi\u00e7bir zaman ba\u015far\u0131l\u0131 bir sosyalist devrimin ger\u00e7ekle\u015fmedi\u011fini a\u00e7\u0131klayan \u015fey, radikal ve devrimci tarihin bu ayr\u0131cal\u0131kl\u0131 olma hali midir? Devrimlerin salt erk, zul\u00fcm ve s\u00f6m\u00fcr\u00fc aras\u0131ndaki ba\u011flant\u0131n\u0131n par\u00e7alar\u0131n\u0131 d\u00fczenlemeyi se\u00e7mi\u015f olmalar\u0131n\u0131n sebebi bu mudur? Sebep sosyalizmin daha fazla kalbe ve bedene, daha fazla abolisyonist sosyalist feministe ihtiya\u00e7 duymas\u0131 m\u0131d\u0131r? Bizler -devrim niteli\u011finde de\u011fi\u015fimi arzulayanlar- ilerlemeyi se\u00e7meliyiz. Eskiye g\u00f6m\u00fcl\u00fcp kal\u0131rsak, ancak onu tekrar ederiz. <\/p>\n","protected":false},"excerpt":{"rendered":"<p>neden sosyalizm? Her insan a\u00e7l\u0131k, evsizlik, hastal\u0131k, i\u015fsizlik ve engellilik kayg\u0131s\u0131 olmaks\u0131z\u0131n ya\u015famay\u0131 hak eder. K\u00e2r amac\u0131 g\u00fctmek insanl\u0131\u011f\u0131 yok eder. Sosyalizme bir ba\u015flang\u0131\u00e7 yapmak, herkesin<span class=\"excerpt-hellip\"> [\u2026]<\/span><\/p>\n","protected":false},"featured_media":0,"template":"","meta":{"_monsterinsights_skip_tracking":false,"_monsterinsights_sitenote_active":false,"_monsterinsights_sitenote_note":"","_monsterinsights_sitenote_category":0},"product_brand":[],"product_cat":[13590,12337],"product_tag":[],"class_list":{"0":"post-730232","1":"product","2":"type-product","3":"status-publish","5":"product_cat-arastirma-inceleme-politika-siyaset","6":"product_cat-politika-siyaset","7":"pa_cilt-ciltsiz","8":"pa_tur-kitap","9":"pa_yayinevi-kalkedon-yayincilik","10":"pa_yazar-zillah-eisenstein","12":"first","13":"instock","14":"sale","15":"shipping-taxable","16":"purchasable","17":"product-type-simple"},"_links":{"self":[{"href":"https:\/\/roveyayinevi.com.tr\/index.php\/wp-json\/wp\/v2\/product\/730232","targetHints":{"allow":["GET"]}}],"collection":[{"href":"https:\/\/roveyayinevi.com.tr\/index.php\/wp-json\/wp\/v2\/product"}],"about":[{"href":"https:\/\/roveyayinevi.com.tr\/index.php\/wp-json\/wp\/v2\/types\/product"}],"wp:attachment":[{"href":"https:\/\/roveyayinevi.com.tr\/index.php\/wp-json\/wp\/v2\/media?parent=730232"}],"wp:term":[{"taxonomy":"product_brand","embeddable":true,"href":"https:\/\/roveyayinevi.com.tr\/index.php\/wp-json\/wp\/v2\/product_brand?post=730232"},{"taxonomy":"product_cat","embeddable":true,"href":"https:\/\/roveyayinevi.com.tr\/index.php\/wp-json\/wp\/v2\/product_cat?post=730232"},{"taxonomy":"product_tag","embeddable":true,"href":"https:\/\/roveyayinevi.com.tr\/index.php\/wp-json\/wp\/v2\/product_tag?post=730232"}],"curies":[{"name":"wp","href":"https:\/\/api.w.org\/{rel}","templated":true}]}}