{"id":730228,"date":"2025-08-27T21:10:25","date_gmt":"2025-08-27T18:10:25","guid":{"rendered":"https:\/\/roveyayinevi.com.tr\/index.php\/urun\/tuhaf-kus\/"},"modified":"2026-04-16T02:37:43","modified_gmt":"2026-04-15T23:37:43","slug":"tuhaf-kus","status":"publish","type":"product","link":"https:\/\/roveyayinevi.com.tr\/index.php\/urun\/tuhaf-kus\/","title":{"rendered":"Tuhaf Ku\u015f"},"content":{"rendered":"<p>S\u00f6zc\u00fcklerin gizemi, \u00e7ocuklar\u0131n yarat\u0131c\u0131l\u0131\u011f\u0131nda sakl\u0131! \u00d6p\u00fcc\u00fck Ne Renktir?\u2019in yarat\u0131c\u0131s\u0131, sevilen sanat\u00e7\u0131 Rocio Bonilla, bir benzetme nedeniyle ku\u015flarla aras\u0131nda ba\u011f kurmaya \u00e7abalayan bir \u00e7ocu\u011fun hik\u00e2yesini anlat\u0131yor. K\u00fc\u00e7\u00fck okurlar\u0131n\u0131 kavramlar\u0131n ve s\u00f6zc\u00fcklerin gizemli d\u00fcnyas\u0131na davet ediyor. Yeti\u015fkinlerin kal\u0131pla\u015fm\u0131\u015f benzetmelerine, dilin kullan\u0131m olanaklar\u0131na, merakl\u0131 bir \u00e7ocu\u011fun g\u00f6z\u00fcnden yakla\u015f\u0131yor. Kom\u015funun yapt\u0131\u011f\u0131 bir benzetmeyle kafas\u0131 kar\u0131\u015fan bir \u00e7ocuk, ku\u015flar\u0131n ve \u00e7a\u011fr\u0131\u015f\u0131mlar\u0131n evreninde komik bir maceraya \u00e7\u0131k\u0131yor. Sorular\u0131n, hayal g\u00fcc\u00fcn\u00fcn ve yarat\u0131c\u0131l\u0131\u011f\u0131n de\u011ferini y\u00fccelten ne\u015feli resimli \u00f6yk\u00fc, her ya\u015ftan okura g\u00f6rsel bir \u015f\u00f6len sunuyor. Alvaro, ara\u015ft\u0131rmay\u0131, \u00f6\u011frenmeyi seven, \u00e7ok merakl\u0131 bir \u00e7ocuktur. Bir g\u00fcn, kom\u015fu Bayan Manolita onu ku\u015fa benzetti\u011fini s\u00f6yleyince kafas\u0131 kar\u0131\u015f\u0131r ve hemen ku\u015flar\u0131 ara\u015ft\u0131rmaya ba\u015flar. Bir ku\u015f gibi g\u00f6r\u00fcnmeyi, davranmay\u0131 dener. Ama bir t\u00fcrl\u00fc kendini ku\u015fa benzetemez. Yoksa kom\u015fu kad\u0131n ba\u015fka bir \u015feyi mi kastetmi\u015ftir?..<\/p>\n","protected":false},"excerpt":{"rendered":"<p>S\u00f6zc\u00fcklerin gizemi, \u00e7ocuklar\u0131n yarat\u0131c\u0131l\u0131\u011f\u0131nda sakl\u0131! \u00d6p\u00fcc\u00fck Ne Renktir?\u2019in yarat\u0131c\u0131s\u0131, sevilen sanat\u00e7\u0131 Rocio Bonilla, bir benzetme nedeniyle ku\u015flarla aras\u0131nda ba\u011f kurmaya \u00e7abalayan bir \u00e7ocu\u011fun hik\u00e2yesini anlat\u0131yor. K\u00fc\u00e7\u00fck<span class=\"excerpt-hellip\"> [\u2026]<\/span><\/p>\n","protected":false},"featured_media":0,"template":"","meta":{"_monsterinsights_skip_tracking":false,"_monsterinsights_sitenote_active":false,"_monsterinsights_sitenote_note":"","_monsterinsights_sitenote_category":0},"product_brand":[],"product_cat":[12275,12274],"product_tag":[],"class_list":{"0":"post-730228","1":"product","2":"type-product","3":"status-publish","5":"product_cat-6-12-yas-kitaplari","6":"product_cat-cocuk-ve-genclik-kitaplari","7":"pa_cilt-ciltsiz","8":"pa_tur-kitap","9":"pa_yayinevi-gunisigi-kitapligi","10":"pa_yazar-rocio-bonilla","12":"first","13":"instock","14":"sale","15":"shipping-taxable","16":"purchasable","17":"product-type-simple"},"_links":{"self":[{"href":"https:\/\/roveyayinevi.com.tr\/index.php\/wp-json\/wp\/v2\/product\/730228","targetHints":{"allow":["GET"]}}],"collection":[{"href":"https:\/\/roveyayinevi.com.tr\/index.php\/wp-json\/wp\/v2\/product"}],"about":[{"href":"https:\/\/roveyayinevi.com.tr\/index.php\/wp-json\/wp\/v2\/types\/product"}],"wp:attachment":[{"href":"https:\/\/roveyayinevi.com.tr\/index.php\/wp-json\/wp\/v2\/media?parent=730228"}],"wp:term":[{"taxonomy":"product_brand","embeddable":true,"href":"https:\/\/roveyayinevi.com.tr\/index.php\/wp-json\/wp\/v2\/product_brand?post=730228"},{"taxonomy":"product_cat","embeddable":true,"href":"https:\/\/roveyayinevi.com.tr\/index.php\/wp-json\/wp\/v2\/product_cat?post=730228"},{"taxonomy":"product_tag","embeddable":true,"href":"https:\/\/roveyayinevi.com.tr\/index.php\/wp-json\/wp\/v2\/product_tag?post=730228"}],"curies":[{"name":"wp","href":"https:\/\/api.w.org\/{rel}","templated":true}]}}