{"id":730227,"date":"2025-08-27T21:10:24","date_gmt":"2025-08-27T18:10:24","guid":{"rendered":"https:\/\/roveyayinevi.com.tr\/index.php\/urun\/yeni-sesli-kultur-podcast\/"},"modified":"2026-04-16T02:37:43","modified_gmt":"2026-04-15T23:37:43","slug":"yeni-sesli-kultur-podcast","status":"publish","type":"product","link":"https:\/\/roveyayinevi.com.tr\/index.php\/urun\/yeni-sesli-kultur-podcast\/","title":{"rendered":"Yeni Sesli K\u00fclt\u00fcr &#8211; Podcast"},"content":{"rendered":"<p>\u201cDinleyicilerin istedikleri, ilgi duyduklar\u0131 i\u00e7erikleri \u00fcretmeleri, internet radyoculu\u011fu ile ba\u015flam\u0131\u015ft\u0131. 2000&#8217;li y\u0131llardan sonra, radyo yay\u0131nc\u0131l\u0131\u011f\u0131 dinleyicisini de yap\u0131sal olarak d\u00f6n\u00fc\u015ft\u00fcrm\u00fc\u015ft\u00fc. Bu d\u00f6n\u00fc\u015f\u00fcmle birlikte, m\u00fczik \u00e7alar &#8220;\u0130pod&#8221; ile &#8220;broadcast&#8221; s\u00f6zc\u00fcklerinden t\u00fcretilen &#8220;podcast&#8221; yay\u0131nc\u0131l\u0131\u011f\u0131, t\u00fcm renklili\u011fi ve canl\u0131l\u0131\u011f\u0131yla ya\u015fam\u0131m\u0131za giriverdi. Art\u0131k dinleyicilerin d\u00fc\u015f\u00fcncelerini, duygular\u0131n\u0131 aktard\u0131klar\u0131, kendi \u00fcrettikleri ya da dinlemekten zevk ald\u0131klar\u0131 podcastleri vard\u0131. Yeni bir bi\u00e7im i\u00e7inde, i\u015fitsel k\u00fclt\u00fcr kap\u0131m\u0131z\u0131 \u00e7alm\u0131\u015ft\u0131 ve biz ya\u015fam\u0131m\u0131za giren bu konu\u011fu \u00e7ok benimsemi\u015ftik. Asl\u0131nda, podcast yay\u0131nlar\u0131, kendine \u00f6zg\u00fc nitelikleri olan radyo programlar\u0131d\u0131r. Bu programlar, tablet, ak\u0131ll\u0131 telefon, ta\u015f\u0131nabilir medya oynat\u0131c\u0131lar\u0131 ve bilgisayarlarda oynat\u0131lmak \u00fczere \u0130nternet arac\u0131l\u0131\u011f\u0131yla da\u011f\u0131t\u0131lma tekni\u011fidir. Podcast uygulamas\u0131, radyo yay\u0131nc\u0131l\u0131\u011f\u0131n\u0131n bir\u00e7ok alan\u0131n\u0131 kapsayan yeni bir i\u015fitsel k\u00fclt\u00fcr ortam\u0131d\u0131r. Dinleyici, podcast yoluyla i\u00e7erik \u00fcretebilece\u011fi gibi, ilgi alan\u0131na g\u00f6re se\u00e7ti\u011fi podcasti dinler ve \u00fcretirken de dinlerken de ba\u011f\u0131ms\u0131zd\u0131r, \u00f6zg\u00fcrd\u00fcr.\u201d Prof. Dr. \u00d6zden Cankaya <\/p>\n","protected":false},"excerpt":{"rendered":"<p>\u201cDinleyicilerin istedikleri, ilgi duyduklar\u0131 i\u00e7erikleri \u00fcretmeleri, internet radyoculu\u011fu ile ba\u015flam\u0131\u015ft\u0131. 2000&#8217;li y\u0131llardan sonra, radyo yay\u0131nc\u0131l\u0131\u011f\u0131 dinleyicisini de yap\u0131sal olarak d\u00f6n\u00fc\u015ft\u00fcrm\u00fc\u015ft\u00fc. Bu d\u00f6n\u00fc\u015f\u00fcmle birlikte, m\u00fczik \u00e7alar &#8220;\u0130pod&#8221;<span class=\"excerpt-hellip\"> [\u2026]<\/span><\/p>\n","protected":false},"featured_media":0,"template":"","meta":{"_monsterinsights_skip_tracking":false,"_monsterinsights_sitenote_active":false,"_monsterinsights_sitenote_note":"","_monsterinsights_sitenote_category":0},"product_brand":[],"product_cat":[13072,12291],"product_tag":[],"class_list":{"0":"post-730227","1":"product","2":"type-product","3":"status-publish","5":"product_cat-arastirma-inceleme-referans","6":"product_cat-edebiyat","7":"pa_cilt-ciltsiz","8":"pa_tur-kitap","9":"pa_yayinevi-toz-yayinlari","10":"pa_yazar-ozgul-birsen","12":"first","13":"instock","14":"sale","15":"shipping-taxable","16":"purchasable","17":"product-type-simple"},"_links":{"self":[{"href":"https:\/\/roveyayinevi.com.tr\/index.php\/wp-json\/wp\/v2\/product\/730227","targetHints":{"allow":["GET"]}}],"collection":[{"href":"https:\/\/roveyayinevi.com.tr\/index.php\/wp-json\/wp\/v2\/product"}],"about":[{"href":"https:\/\/roveyayinevi.com.tr\/index.php\/wp-json\/wp\/v2\/types\/product"}],"wp:attachment":[{"href":"https:\/\/roveyayinevi.com.tr\/index.php\/wp-json\/wp\/v2\/media?parent=730227"}],"wp:term":[{"taxonomy":"product_brand","embeddable":true,"href":"https:\/\/roveyayinevi.com.tr\/index.php\/wp-json\/wp\/v2\/product_brand?post=730227"},{"taxonomy":"product_cat","embeddable":true,"href":"https:\/\/roveyayinevi.com.tr\/index.php\/wp-json\/wp\/v2\/product_cat?post=730227"},{"taxonomy":"product_tag","embeddable":true,"href":"https:\/\/roveyayinevi.com.tr\/index.php\/wp-json\/wp\/v2\/product_tag?post=730227"}],"curies":[{"name":"wp","href":"https:\/\/api.w.org\/{rel}","templated":true}]}}