{"id":730226,"date":"2025-08-27T21:10:23","date_gmt":"2025-08-27T18:10:23","guid":{"rendered":"https:\/\/roveyayinevi.com.tr\/index.php\/urun\/kucuk-prens-tam-metin\/"},"modified":"2026-04-16T02:37:43","modified_gmt":"2026-04-15T23:37:43","slug":"kucuk-prens-tam-metin","status":"publish","type":"product","link":"https:\/\/roveyayinevi.com.tr\/index.php\/urun\/kucuk-prens-tam-metin\/","title":{"rendered":"K\u00fc\u00e7\u00fck Prens (Tam Metin )"},"content":{"rendered":"<p>D\u00dcNYANIN EN \u00c7OK OKUNAN VE EN \u00c7OK SEV\u0130LEN K\u0130TABI K\u00fc\u00e7\u00fck Prens, u\u00e7a\u011f\u0131 \u00e7\u00f6lde ar\u0131za yapan bir pilot ile bamba\u015fka bir gezegenden gelen K\u00fc\u00e7\u00fck Prens\u2019in d\u00fcnyaya y\u0131ld\u0131zlardan bakan hik\u00e2yesi. K\u00fc\u00e7\u00fck Prens, her biri kendi d\u00fcnyalar\u0131nda ya\u015fayan bir kral\u0131, bir kendini be\u011fenmi\u015fi, bir ayya\u015f\u0131, bir i\u015f adam\u0131n\u0131, bir fenerciyi ve bir co\u011frafyac\u0131y\u0131 ard\u0131nda b\u0131rak\u0131p D\u00fcnya\u2019ya gelir. Pilot ile K\u00fc\u00e7\u00fck Prens\u2019in sohbetleri, pilot i\u00e7in oldu\u011fu kadar, onun bu hik\u00e2yeyi anlatt\u0131\u011f\u0131 okurlar i\u00e7in de kendi hayatlar\u0131na bamba\u015fka bir g\u00f6zle bakman\u0131n yolunu a\u00e7ar. Frans\u0131z yazar ve askeri pilot Antoine de Saint-Exup\u00e9ry, K\u00fc\u00e7\u00fck Prens\u2019i II. D\u00fcnya Sava\u015f\u0131 s\u0131ras\u0131nda, \u00fclkesinin Almanya taraf\u0131ndan i\u015fgal edilmesinin ard\u0131ndan New York\u2019a ka\u00e7mak zorunda kald\u0131\u011f\u0131nda yazm\u0131\u015f ve resimlemi\u015ftir. Saint-Exup\u00e9ry\u2019nin en bilinen eseri olan bu k\u0131sa hik\u00e2ye, bir \u00e7\u00f6le zorunlu ini\u015f yapan bir pilotun, k\u00fc\u00e7\u00fck bir asteroitten D\u00fcnya\u2019ya d\u00fc\u015fen K\u00fc\u00e7\u00fck Prens\u2019le kar\u015f\u0131la\u015fmas\u0131n\u0131 anlat\u0131r. Frans\u0131zcan\u0131n en \u00e7ok okunan ve en \u00e7ok \u00e7evrilen kitab\u0131 unvan\u0131n\u0131 elinde bulunduran K\u00fc\u00e7\u00fck Prens, Fransa\u2019da 20. y\u00fczy\u0131l\u0131n en iyi kitab\u0131 se\u00e7ilmi\u015ftir. Braille Alfabesi de d\u00e2hil olmak \u00fczere 300 kadar dil ve leh\u00e7eye \u00e7evrilmi\u015f, 200 milyondan fazla satarak t\u00fcm zamanlar\u0131n en \u00e7ok satan kitab\u0131 olmu\u015ftur. <\/p>\n","protected":false},"excerpt":{"rendered":"<p>D\u00dcNYANIN EN \u00c7OK OKUNAN VE EN \u00c7OK SEV\u0130LEN K\u0130TABI K\u00fc\u00e7\u00fck Prens, u\u00e7a\u011f\u0131 \u00e7\u00f6lde ar\u0131za yapan bir pilot ile bamba\u015fka bir gezegenden gelen K\u00fc\u00e7\u00fck Prens\u2019in d\u00fcnyaya y\u0131ld\u0131zlardan<span class=\"excerpt-hellip\"> [\u2026]<\/span><\/p>\n","protected":false},"featured_media":0,"template":"","meta":{"_monsterinsights_skip_tracking":false,"_monsterinsights_sitenote_active":false,"_monsterinsights_sitenote_note":"","_monsterinsights_sitenote_category":0},"product_brand":[],"product_cat":[12275,12274],"product_tag":[],"class_list":{"0":"post-730226","1":"product","2":"type-product","3":"status-publish","5":"product_cat-6-12-yas-kitaplari","6":"product_cat-cocuk-ve-genclik-kitaplari","7":"pa_cilt-ciltsiz","8":"pa_tur-kitap","9":"pa_yayinevi-artemis-yayinlari","10":"pa_yazar-antoine-de-saint-exupery","12":"first","13":"instock","14":"sale","15":"shipping-taxable","16":"purchasable","17":"product-type-simple"},"_links":{"self":[{"href":"https:\/\/roveyayinevi.com.tr\/index.php\/wp-json\/wp\/v2\/product\/730226","targetHints":{"allow":["GET"]}}],"collection":[{"href":"https:\/\/roveyayinevi.com.tr\/index.php\/wp-json\/wp\/v2\/product"}],"about":[{"href":"https:\/\/roveyayinevi.com.tr\/index.php\/wp-json\/wp\/v2\/types\/product"}],"wp:attachment":[{"href":"https:\/\/roveyayinevi.com.tr\/index.php\/wp-json\/wp\/v2\/media?parent=730226"}],"wp:term":[{"taxonomy":"product_brand","embeddable":true,"href":"https:\/\/roveyayinevi.com.tr\/index.php\/wp-json\/wp\/v2\/product_brand?post=730226"},{"taxonomy":"product_cat","embeddable":true,"href":"https:\/\/roveyayinevi.com.tr\/index.php\/wp-json\/wp\/v2\/product_cat?post=730226"},{"taxonomy":"product_tag","embeddable":true,"href":"https:\/\/roveyayinevi.com.tr\/index.php\/wp-json\/wp\/v2\/product_tag?post=730226"}],"curies":[{"name":"wp","href":"https:\/\/api.w.org\/{rel}","templated":true}]}}