{"id":730224,"date":"2025-08-27T21:10:21","date_gmt":"2025-08-27T18:10:21","guid":{"rendered":"https:\/\/roveyayinevi.com.tr\/index.php\/urun\/yenidunya\/"},"modified":"2026-04-16T02:37:43","modified_gmt":"2026-04-15T23:37:43","slug":"yenidunya","status":"publish","type":"product","link":"https:\/\/roveyayinevi.com.tr\/index.php\/urun\/yenidunya\/","title":{"rendered":"Yenid\u00fcnya"},"content":{"rendered":"<p>7 Ocak 1959 y\u0131l\u0131nda Mersin&#8217;in Silifke il\u00e7esinde do\u011fdum. \u00dc\u00e7 bu\u00e7uk ya\u015f\u0131na kadar Silifke\u2019de b\u00fcy\u00fcd\u00fcm, sonras\u0131nda ailede \u00e7\u0131kan anla\u015fmazl\u0131k gere\u011fi bir aileye evlatl\u0131k verilmi\u015fim. Annemin ad\u0131 Sultan babam\u0131nki ise Mustafa DURMAZ. Y\u00f6remizde lakab\u0131 Yenid\u00fcnya Mustafa olarak bilinirdi. 1980 y\u0131l\u0131nda babam\u0131, 1994 y\u0131l\u0131nda da annemi kaybettim. Dokuz ya\u015f\u0131na kadar Evkaf \u00e7iftli\u011fi k\u00f6y\u00fcnde \u00e7ocuklu\u011fumu ge\u00e7irmi\u015f, ilk \u00f6\u011frenimime k\u00f6y okulunda ba\u015flay\u0131p 1969 y\u0131l\u0131nda Mut il\u00e7esine g\u00f6\u00e7 etmi\u015fiz. \u0130lk ve ortaokulu bitirip lise 1 de o d\u00f6nemin siyasi \u00e7alkant\u0131lar i\u00e7erisinde olmas\u0131 ve okula bir s\u00fcre ara vermem, tekrar d\u00f6nd\u00fc\u011f\u00fcmde uyum sorunu ya\u015famam nedeniyle b\u0131rakt\u0131m. 1999 y\u0131l\u0131nda a\u00e7\u0131ktan EML\u2019i bitirdim. 1979 y\u0131l\u0131nda askere gittim. 20 ay sonunda terhis olup Mut&#8217;a d\u00f6nd\u00fcm. 5 May\u0131s 1982\u2019de Mesude han\u0131mla evlilik yapt\u0131m. Gonca, P\u0131nar Sultan ad\u0131nda iki k\u0131z\u0131m; \u00fc\u00e7 k\u0131z bir erkek de torunum var. E\u015fimin anlay\u0131\u015f yetisi ve kaderimizin benzerli\u011fiyle 39 y\u0131ll\u0131k evlili\u011fimiz devam etmektedir. 1985 y\u0131l\u0131nda PTT\u2019de i\u015fe girdim. 2009 y\u0131l\u0131nda emekli oldum. Bo\u015f zamanlar\u0131m\u0131 de\u011ferlendirmek i\u00e7in \u2018\u00c7\u0131tl\u0131k\u2019 adl\u0131 bir gezi gurubuna kat\u0131ld\u0131m. Bu grup sayesinde arkada\u015flar\u0131n farkl\u0131 ki\u015filiklerin olmas\u0131 bunlar\u0131 g\u00f6zlemlemem, do\u011fa gezileri 30 y\u0131ll\u0131k an\u0131lar\u0131 depre\u015ftirmesi ile yeniden \u015fiir yazmaya ba\u015flad\u0131m. \u0130n\u015fallah be\u011fenilir. Bazen hiciv bazen ta\u015flama, sevgi yergi ,\u00f6vg\u00fc hepsini harmanlad\u0131m. Cengiz DURMAZ <\/p>\n","protected":false},"excerpt":{"rendered":"<p>7 Ocak 1959 y\u0131l\u0131nda Mersin&#8217;in Silifke il\u00e7esinde do\u011fdum. \u00dc\u00e7 bu\u00e7uk ya\u015f\u0131na kadar Silifke\u2019de b\u00fcy\u00fcd\u00fcm, sonras\u0131nda ailede \u00e7\u0131kan anla\u015fmazl\u0131k gere\u011fi bir aileye evlatl\u0131k verilmi\u015fim. Annemin ad\u0131 Sultan<span class=\"excerpt-hellip\"> [\u2026]<\/span><\/p>\n","protected":false},"featured_media":0,"template":"","meta":{"_monsterinsights_skip_tracking":false,"_monsterinsights_sitenote_active":false,"_monsterinsights_sitenote_note":"","_monsterinsights_sitenote_category":0},"product_brand":[],"product_cat":[12291,12509],"product_tag":[],"class_list":{"0":"post-730224","1":"product","2":"type-product","3":"status-publish","5":"product_cat-edebiyat","6":"product_cat-siir","7":"pa_cilt-ciltsiz","8":"pa_tur-kitap","9":"pa_yayinevi-gulnar-yayinlari","10":"pa_yazar-cengiz-durmaz","12":"first","13":"instock","14":"sale","15":"shipping-taxable","16":"purchasable","17":"product-type-simple"},"_links":{"self":[{"href":"https:\/\/roveyayinevi.com.tr\/index.php\/wp-json\/wp\/v2\/product\/730224","targetHints":{"allow":["GET"]}}],"collection":[{"href":"https:\/\/roveyayinevi.com.tr\/index.php\/wp-json\/wp\/v2\/product"}],"about":[{"href":"https:\/\/roveyayinevi.com.tr\/index.php\/wp-json\/wp\/v2\/types\/product"}],"wp:attachment":[{"href":"https:\/\/roveyayinevi.com.tr\/index.php\/wp-json\/wp\/v2\/media?parent=730224"}],"wp:term":[{"taxonomy":"product_brand","embeddable":true,"href":"https:\/\/roveyayinevi.com.tr\/index.php\/wp-json\/wp\/v2\/product_brand?post=730224"},{"taxonomy":"product_cat","embeddable":true,"href":"https:\/\/roveyayinevi.com.tr\/index.php\/wp-json\/wp\/v2\/product_cat?post=730224"},{"taxonomy":"product_tag","embeddable":true,"href":"https:\/\/roveyayinevi.com.tr\/index.php\/wp-json\/wp\/v2\/product_tag?post=730224"}],"curies":[{"name":"wp","href":"https:\/\/api.w.org\/{rel}","templated":true}]}}