{"id":730223,"date":"2025-08-27T21:10:20","date_gmt":"2025-08-27T18:10:20","guid":{"rendered":"https:\/\/roveyayinevi.com.tr\/index.php\/urun\/mahallenin-en-guzel-kizi\/"},"modified":"2026-04-16T02:37:43","modified_gmt":"2026-04-15T23:37:43","slug":"mahallenin-en-guzel-kizi","status":"publish","type":"product","link":"https:\/\/roveyayinevi.com.tr\/index.php\/urun\/mahallenin-en-guzel-kizi\/","title":{"rendered":"Mahallenin  En G\u00fczel K\u0131z\u0131"},"content":{"rendered":"<p>\u201cBen bir seramik \u00e7amuru de\u011filim, d\u00f6n\u00fcp duran ah\u015fap levhan\u0131n \u00fczerinde duygular\u0131ma \u015fekil vermeniz m\u00fcmk\u00fcn de\u011fil. Ben bireyim ve hayallerim var. Hayallerime m\u00fcdahale etti\u011finiz her an kimli\u011fime olan inanc\u0131m\u0131 yitirmeye ba\u015flar\u0131m.\u201d Murat Ali Ersan yeni roman\u0131 Mahallenin En G\u00fczel K\u0131z\u0131\u2019nda, insan\u0131n i\u00e7 d\u00fcnyas\u0131yla hesapla\u015fmas\u0131 sonunda, ba\u015fka hik\u00e2yelerde buldu\u011fu yeni yollarda dola\u015f\u0131yor. Bu romanda, \u00fcmitlerin bitti\u011fi yerde bile insana her an yeni ya\u015fama sebeplerinin sunuldu\u011funa \u015fahit olacak ve belki de kendi \u00e7\u0131kmazlar\u0131n\u0131zdan ayr\u0131lan yeni yollar bulacaks\u0131n\u0131z. <\/p>\n","protected":false},"excerpt":{"rendered":"<p>\u201cBen bir seramik \u00e7amuru de\u011filim, d\u00f6n\u00fcp duran ah\u015fap levhan\u0131n \u00fczerinde duygular\u0131ma \u015fekil vermeniz m\u00fcmk\u00fcn de\u011fil. Ben bireyim ve hayallerim var. Hayallerime m\u00fcdahale etti\u011finiz her an kimli\u011fime<span class=\"excerpt-hellip\"> [\u2026]<\/span><\/p>\n","protected":false},"featured_media":0,"template":"","meta":{"_monsterinsights_skip_tracking":false,"_monsterinsights_sitenote_active":false,"_monsterinsights_sitenote_note":"","_monsterinsights_sitenote_category":0},"product_brand":[],"product_cat":[12291,12711],"product_tag":[],"class_list":{"0":"post-730223","1":"product","2":"type-product","3":"status-publish","5":"product_cat-edebiyat","6":"product_cat-roman-oyku","7":"pa_cilt-ciltsiz","8":"pa_tur-kitap","9":"pa_yayinevi-hayykitap","10":"pa_yazar-murat-ali-ersan","12":"first","13":"instock","14":"sale","15":"shipping-taxable","16":"purchasable","17":"product-type-simple"},"_links":{"self":[{"href":"https:\/\/roveyayinevi.com.tr\/index.php\/wp-json\/wp\/v2\/product\/730223","targetHints":{"allow":["GET"]}}],"collection":[{"href":"https:\/\/roveyayinevi.com.tr\/index.php\/wp-json\/wp\/v2\/product"}],"about":[{"href":"https:\/\/roveyayinevi.com.tr\/index.php\/wp-json\/wp\/v2\/types\/product"}],"wp:attachment":[{"href":"https:\/\/roveyayinevi.com.tr\/index.php\/wp-json\/wp\/v2\/media?parent=730223"}],"wp:term":[{"taxonomy":"product_brand","embeddable":true,"href":"https:\/\/roveyayinevi.com.tr\/index.php\/wp-json\/wp\/v2\/product_brand?post=730223"},{"taxonomy":"product_cat","embeddable":true,"href":"https:\/\/roveyayinevi.com.tr\/index.php\/wp-json\/wp\/v2\/product_cat?post=730223"},{"taxonomy":"product_tag","embeddable":true,"href":"https:\/\/roveyayinevi.com.tr\/index.php\/wp-json\/wp\/v2\/product_tag?post=730223"}],"curies":[{"name":"wp","href":"https:\/\/api.w.org\/{rel}","templated":true}]}}