{"id":730219,"date":"2025-08-27T21:10:17","date_gmt":"2025-08-27T18:10:17","guid":{"rendered":"https:\/\/roveyayinevi.com.tr\/index.php\/urun\/korsanlar-3\/"},"modified":"2026-04-16T02:37:43","modified_gmt":"2026-04-15T23:37:43","slug":"korsanlar-3","status":"publish","type":"product","link":"https:\/\/roveyayinevi.com.tr\/index.php\/urun\/korsanlar-3\/","title":{"rendered":"Korsanlar"},"content":{"rendered":"<p>Korsanl\u0131\u011f\u0131n y\u00fczlerce y\u0131ll\u0131k tarihi hakk\u0131nda \u00e7\u0131\u011f\u0131r a\u00e7an bir kitap. Lehr, korsanl\u0131\u011f\u0131n nedenleri hakk\u0131nda ayr\u0131nt\u0131l\u0131 bir analiz yaparak eski zamanlar\u0131n \u00e7o\u011fu zaman g\u00f6zden ka\u00e7an korsanl\u0131k faaliyetlerini ortaya \u00e7\u0131kar\u0131yor. Malakka Bo\u011faz\u0131\u2019ndaki, Gine K\u00f6rfezi\u2019ndeki ve Somali\u2019deki korsan sald\u0131r\u0131lar\u0131na ise tam bir uzman bak\u0131\u015f\u0131 ile yakla\u015f\u0131yor. David Cordingly, Under the Black Flag kitab\u0131n\u0131n yazar\u0131 &#8212;&#8212; Korsanl\u0131k hakk\u0131nda \u015fu ana dek okudu\u011fum en kapsaml\u0131 metin. Son derece s\u00fcr\u00fckleyici bir kitap. Adrian Tinniswood, Pirates of Barbary adl\u0131 kitab\u0131n yazar\u0131 &#8212;&#8211; Deniz g\u00fcvenli\u011fi ve ter\u00f6rle m\u00fccadele konusunda d\u00fcnyan\u0131n en \u00f6nde gelen uzmanlardan biri taraf\u0131ndan kaleme al\u0131nan, korsanl\u0131\u011f\u0131n \u00e7a\u011flar boyunca s\u00fcren maceras\u0131n\u0131 k\u00fcresel bazda ele alan bir kitap. Lehr, korsanl\u0131\u011fa kar\u015f\u0131 getirilen su\u00e7lay\u0131c\u0131 \u00f6nyarg\u0131lar\u0131 bir kenara atarak romantik bak\u0131\u015f a\u00e7\u0131lar\u0131ndan uzak, korsanl\u0131k merkezli bir metin ortaya koyuyor\u2026 Alan\u0131nda son derece mahir bir kalemin elinden \u00e7\u0131kan bu kitap son derece \u00f6\u011fretici. Bu kitap tam manas\u0131yla \u00e7a\u011f\u0131m\u0131z\u0131n tarihi. Kris E. Lane, Pillaging the Empire kitab\u0131n\u0131n yazar\u0131 <\/p>\n","protected":false},"excerpt":{"rendered":"<p>Korsanl\u0131\u011f\u0131n y\u00fczlerce y\u0131ll\u0131k tarihi hakk\u0131nda \u00e7\u0131\u011f\u0131r a\u00e7an bir kitap. Lehr, korsanl\u0131\u011f\u0131n nedenleri hakk\u0131nda ayr\u0131nt\u0131l\u0131 bir analiz yaparak eski zamanlar\u0131n \u00e7o\u011fu zaman g\u00f6zden ka\u00e7an korsanl\u0131k faaliyetlerini ortaya<span class=\"excerpt-hellip\"> [\u2026]<\/span><\/p>\n","protected":false},"featured_media":0,"template":"","meta":{"_monsterinsights_skip_tracking":false,"_monsterinsights_sitenote_active":false,"_monsterinsights_sitenote_note":"","_monsterinsights_sitenote_category":0},"product_brand":[],"product_cat":[12370,12304],"product_tag":[],"class_list":{"0":"post-730219","1":"product","2":"type-product","3":"status-publish","5":"product_cat-arastirma-inceleme","6":"product_cat-tarih","7":"pa_cilt-ciltsiz","8":"pa_tur-kitap","9":"pa_yayinevi-yeditepe-yayinevi","10":"pa_yazar-peter-lehr","12":"first","13":"instock","14":"sale","15":"shipping-taxable","16":"purchasable","17":"product-type-simple"},"_links":{"self":[{"href":"https:\/\/roveyayinevi.com.tr\/index.php\/wp-json\/wp\/v2\/product\/730219","targetHints":{"allow":["GET"]}}],"collection":[{"href":"https:\/\/roveyayinevi.com.tr\/index.php\/wp-json\/wp\/v2\/product"}],"about":[{"href":"https:\/\/roveyayinevi.com.tr\/index.php\/wp-json\/wp\/v2\/types\/product"}],"wp:attachment":[{"href":"https:\/\/roveyayinevi.com.tr\/index.php\/wp-json\/wp\/v2\/media?parent=730219"}],"wp:term":[{"taxonomy":"product_brand","embeddable":true,"href":"https:\/\/roveyayinevi.com.tr\/index.php\/wp-json\/wp\/v2\/product_brand?post=730219"},{"taxonomy":"product_cat","embeddable":true,"href":"https:\/\/roveyayinevi.com.tr\/index.php\/wp-json\/wp\/v2\/product_cat?post=730219"},{"taxonomy":"product_tag","embeddable":true,"href":"https:\/\/roveyayinevi.com.tr\/index.php\/wp-json\/wp\/v2\/product_tag?post=730219"}],"curies":[{"name":"wp","href":"https:\/\/api.w.org\/{rel}","templated":true}]}}