{"id":730218,"date":"2025-08-27T21:10:16","date_gmt":"2025-08-27T18:10:16","guid":{"rendered":"https:\/\/roveyayinevi.com.tr\/index.php\/urun\/katibinin-gozunden-sultan-baybars\/"},"modified":"2026-04-16T02:37:43","modified_gmt":"2026-04-15T23:37:43","slug":"katibinin-gozunden-sultan-baybars","status":"publish","type":"product","link":"https:\/\/roveyayinevi.com.tr\/index.php\/urun\/katibinin-gozunden-sultan-baybars\/","title":{"rendered":"Katibinin G\u00f6z\u00fcnden Sultan Baybars"},"content":{"rendered":"<p>Sultan el-Melik ez-Zahir R\u00fckneddin Baybars, \u0130slam D\u00fcnyas\u0131\u2019n\u0131n XIII. y\u00fczy\u0131ldaki iki b\u00fcy\u00fck d\u00fc\u015fman\u0131 olan Ha\u00e7l\u0131lar ile Mo\u011follara kar\u015f\u0131 verdi\u011fi m\u00fccadelelerin en b\u00fcy\u00fck kahraman\u0131 olarak temay\u00fcz etmi\u015ftir. Onun K\u0131p\u00e7ak bozk\u0131rlar\u0131ndan bir Meml\u00fbk askerli\u011fine ve oradan da Sultanl\u0131\u011fa kadar uzanan ser\u00fcveninin en belirleyici y\u00f6n\u00fc; yetenekleri konusundaki fark\u0131ndal\u0131\u011f\u0131, bitmek t\u00fckenmek bilmeyen enerjisi, hakimiyeti alt\u0131ndakilere ve kendisine hizmet edenlere g\u00f6sterdi\u011fi c\u00f6mertli\u011fidir. B\u00fct\u00fcn bunlara taktiksel dehas\u0131, d\u00fc\u015fmanlar\u0131na kar\u015f\u0131 \u00f6zg\u00fcveni ve onlar\u0131n kalplerine sald\u0131\u011f\u0131 amans\u0131z korkuyu da eklemek m\u00fcmk\u00fcnd\u00fcr. \u00d6yle ki kimi zaman sadece ad\u0131 dahi d\u00fc\u015fmanlar\u0131n\u0131 sava\u015fmadan da\u011f\u0131tmaya yetmi\u015ftir. Yine bireysel cesaretiyle m\u00fccadele meydanlar\u0131nda bizzat te\u015fkil etti\u011fi \u00f6rnek ile askerlerini 17 y\u0131ll\u0131k saltanat\u0131 s\u0131ras\u0131nda ba\u015far\u0131dan ba\u015far\u0131ya ko\u015fturmu\u015ftur. Elinizdeki kitapta bu b\u00fcy\u00fck T\u00fcrk-\u0130slam h\u00fck\u00fcmdar\u0131n\u0131n ya\u015fam hikayesini olaylar\u0131n en yak\u0131n g\u00f6rg\u00fc \u015fahidi olan k\u00e2tibi Muhyidd\u00een \u0130bn Abd\u00fczz\u00e2hir\u2019in anlat\u0131m\u0131ndan takip etmek\/okumak imkan\u0131n\u0131 bulacaks\u0131n\u0131z. <\/p>\n","protected":false},"excerpt":{"rendered":"<p>Sultan el-Melik ez-Zahir R\u00fckneddin Baybars, \u0130slam D\u00fcnyas\u0131\u2019n\u0131n XIII. y\u00fczy\u0131ldaki iki b\u00fcy\u00fck d\u00fc\u015fman\u0131 olan Ha\u00e7l\u0131lar ile Mo\u011follara kar\u015f\u0131 verdi\u011fi m\u00fccadelelerin en b\u00fcy\u00fck kahraman\u0131 olarak temay\u00fcz etmi\u015ftir. Onun<span class=\"excerpt-hellip\"> [\u2026]<\/span><\/p>\n","protected":false},"featured_media":0,"template":"","meta":{"_monsterinsights_skip_tracking":false,"_monsterinsights_sitenote_active":false,"_monsterinsights_sitenote_note":"","_monsterinsights_sitenote_category":0},"product_brand":[],"product_cat":[13946,12304],"product_tag":[],"class_list":{"0":"post-730218","1":"product","2":"type-product","3":"status-publish","5":"product_cat-biyografi-otobiyografi","6":"product_cat-tarih","7":"pa_cilt-ciltsiz","8":"pa_tur-kitap","9":"pa_yayinevi-yeditepe-yayinevi","10":"pa_yazar-ibn-abduzzahir","12":"first","13":"instock","14":"sale","15":"shipping-taxable","16":"purchasable","17":"product-type-simple"},"_links":{"self":[{"href":"https:\/\/roveyayinevi.com.tr\/index.php\/wp-json\/wp\/v2\/product\/730218","targetHints":{"allow":["GET"]}}],"collection":[{"href":"https:\/\/roveyayinevi.com.tr\/index.php\/wp-json\/wp\/v2\/product"}],"about":[{"href":"https:\/\/roveyayinevi.com.tr\/index.php\/wp-json\/wp\/v2\/types\/product"}],"wp:attachment":[{"href":"https:\/\/roveyayinevi.com.tr\/index.php\/wp-json\/wp\/v2\/media?parent=730218"}],"wp:term":[{"taxonomy":"product_brand","embeddable":true,"href":"https:\/\/roveyayinevi.com.tr\/index.php\/wp-json\/wp\/v2\/product_brand?post=730218"},{"taxonomy":"product_cat","embeddable":true,"href":"https:\/\/roveyayinevi.com.tr\/index.php\/wp-json\/wp\/v2\/product_cat?post=730218"},{"taxonomy":"product_tag","embeddable":true,"href":"https:\/\/roveyayinevi.com.tr\/index.php\/wp-json\/wp\/v2\/product_tag?post=730218"}],"curies":[{"name":"wp","href":"https:\/\/api.w.org\/{rel}","templated":true}]}}