{"id":730217,"date":"2025-08-27T21:10:15","date_gmt":"2025-08-27T18:10:15","guid":{"rendered":"https:\/\/roveyayinevi.com.tr\/index.php\/urun\/orta-cag-avrupa-tarihi-2\/"},"modified":"2026-04-16T02:37:43","modified_gmt":"2026-04-15T23:37:43","slug":"orta-cag-avrupa-tarihi-2","status":"publish","type":"product","link":"https:\/\/roveyayinevi.com.tr\/index.php\/urun\/orta-cag-avrupa-tarihi-2\/","title":{"rendered":"Orta \u00c7a\u011f Avrupa Tarihi"},"content":{"rendered":"<p>Hem Orta \u00c7a\u011f hem Avrupa\u2026 Ne kadar da ilgin\u00e7 ve gizemli iki kavram de\u011fil mi? Tarih, daima bir mekanda ger\u00e7ekle\u015fir; medeniyet ise daima bir toprakta geli\u015fir ve yay\u0131l\u0131r. Asl\u0131nda Orta \u00c7a\u011f, bir ge\u00e7i\u015f evresi ve ayn\u0131 zamanda bir tutulmad\u0131r. Dolay\u0131s\u0131yla birbiriyle ili\u015fkili bu iki kavram, bize kuzey \u0131\u015f\u0131klar\u0131 gibi rengarenk bir d\u00fcnyan\u0131n kap\u0131s\u0131n\u0131 aral\u0131yor. Medeniyetlerin k\u0131r\u0131lma noktalar\u0131 da bu zaman diliminde ger\u00e7ekle\u015fti\u011fi i\u00e7in t\u00fcm medeniyetlerden de izler ta\u015f\u0131yor. Orta \u00c7a\u011f Avrupa\u2019n\u0131n hem ger\u00e7eklik hem de temsil anlam\u0131nda bi\u00e7im ald\u0131\u011f\u0131 bir d\u00f6nemdir. \u00c7\u00fcnk\u00fc gelecekte Avrupa, kendini toplumuyla ve medeniyetiyle Orta \u00c7a\u011f\u2019da \u015fekillenen ve de kendisine ait bir zaman kavraman\u0131 yaratan \u015fekliyle var olacakt\u0131r. Bu kitapta da Orta \u00c7a\u011f\u2019da Avrupa\u2019n\u0131n kap\u0131s\u0131 aralan\u0131yor.  \u00c7\u00fcnk\u00fc b\u00fct\u00fcn medeniyetlerin bir dili, zaman\u0131 ve mekan\u0131 vard\u0131r. \u0130\u015fte en \u00f6nemli siyasi ve sosyal y\u00f6nleriyle Orta \u00c7a\u011f Avrupa\u2019s\u0131\u2026 <\/p>\n","protected":false},"excerpt":{"rendered":"<p>Hem Orta \u00c7a\u011f hem Avrupa\u2026 Ne kadar da ilgin\u00e7 ve gizemli iki kavram de\u011fil mi? Tarih, daima bir mekanda ger\u00e7ekle\u015fir; medeniyet ise daima bir toprakta geli\u015fir<span class=\"excerpt-hellip\"> [\u2026]<\/span><\/p>\n","protected":false},"featured_media":0,"template":"","meta":{"_monsterinsights_skip_tracking":false,"_monsterinsights_sitenote_active":false,"_monsterinsights_sitenote_note":"","_monsterinsights_sitenote_category":0},"product_brand":[],"product_cat":[12370,12304],"product_tag":[],"class_list":{"0":"post-730217","1":"product","2":"type-product","3":"status-publish","5":"product_cat-arastirma-inceleme","6":"product_cat-tarih","7":"pa_cilt-ciltsiz","8":"pa_tur-kitap","9":"pa_yayinevi-yeditepe-yayinevi","10":"pa_yazar-pinar-ulgen","12":"first","13":"instock","14":"sale","15":"shipping-taxable","16":"purchasable","17":"product-type-simple"},"_links":{"self":[{"href":"https:\/\/roveyayinevi.com.tr\/index.php\/wp-json\/wp\/v2\/product\/730217","targetHints":{"allow":["GET"]}}],"collection":[{"href":"https:\/\/roveyayinevi.com.tr\/index.php\/wp-json\/wp\/v2\/product"}],"about":[{"href":"https:\/\/roveyayinevi.com.tr\/index.php\/wp-json\/wp\/v2\/types\/product"}],"wp:attachment":[{"href":"https:\/\/roveyayinevi.com.tr\/index.php\/wp-json\/wp\/v2\/media?parent=730217"}],"wp:term":[{"taxonomy":"product_brand","embeddable":true,"href":"https:\/\/roveyayinevi.com.tr\/index.php\/wp-json\/wp\/v2\/product_brand?post=730217"},{"taxonomy":"product_cat","embeddable":true,"href":"https:\/\/roveyayinevi.com.tr\/index.php\/wp-json\/wp\/v2\/product_cat?post=730217"},{"taxonomy":"product_tag","embeddable":true,"href":"https:\/\/roveyayinevi.com.tr\/index.php\/wp-json\/wp\/v2\/product_tag?post=730217"}],"curies":[{"name":"wp","href":"https:\/\/api.w.org\/{rel}","templated":true}]}}