{"id":730215,"date":"2025-08-27T21:10:13","date_gmt":"2025-08-27T18:10:13","guid":{"rendered":"https:\/\/roveyayinevi.com.tr\/index.php\/urun\/buz-gulleri\/"},"modified":"2026-04-16T02:37:43","modified_gmt":"2026-04-15T23:37:43","slug":"buz-gulleri","status":"publish","type":"product","link":"https:\/\/roveyayinevi.com.tr\/index.php\/urun\/buz-gulleri\/","title":{"rendered":"Buz G\u00fclleri"},"content":{"rendered":"<p>Eyy \u015fehrim Eyy mabedi bende sakl\u0131 y\u00e2r Ekinler ekerim sa\u00e7lar\u0131na Bu\u011fdaylar d\u00f6kerim dilin de\u011firmenine \u00d6\u011f\u00fct beni un ufak olana kadar!   Bir nimet gibi sofrana ser besmele ile Y\u00e2r tut elimden s\u0131ms\u0131k\u0131 Sal\u0131ncaktan korkmu\u015f bir \u00e7ocuk gibi Kapatay\u0131m g\u00f6zlerimi \u0130\u00e7im ge\u00e7sin i\u00e7inden Bir zaman gibi usul usul.   \u015eimdi \u015fu buz g\u00fclleri a\u00e7ar m\u0131 \u015fu kutsal bah\u00e7elerde? Demem o ki, eyy sevgili! \u015eehrine geldim Kucakla beni bir toprak gibi&#8230; <\/p>\n","protected":false},"excerpt":{"rendered":"<p>Eyy \u015fehrim Eyy mabedi bende sakl\u0131 y\u00e2r Ekinler ekerim sa\u00e7lar\u0131na Bu\u011fdaylar d\u00f6kerim dilin de\u011firmenine \u00d6\u011f\u00fct beni un ufak olana kadar! Bir nimet gibi sofrana ser besmele<span class=\"excerpt-hellip\"> [\u2026]<\/span><\/p>\n","protected":false},"featured_media":0,"template":"","meta":{"_monsterinsights_skip_tracking":false,"_monsterinsights_sitenote_active":false,"_monsterinsights_sitenote_note":"","_monsterinsights_sitenote_category":0},"product_brand":[],"product_cat":[12291,12509],"product_tag":[],"class_list":{"0":"post-730215","1":"product","2":"type-product","3":"status-publish","5":"product_cat-edebiyat","6":"product_cat-siir","7":"pa_cilt-ciltsiz","8":"pa_tur-kitap","9":"pa_yayinevi-kuytu-yayinlari","10":"pa_yazar-birgul-evren","12":"first","13":"instock","14":"sale","15":"shipping-taxable","16":"purchasable","17":"product-type-simple"},"_links":{"self":[{"href":"https:\/\/roveyayinevi.com.tr\/index.php\/wp-json\/wp\/v2\/product\/730215","targetHints":{"allow":["GET"]}}],"collection":[{"href":"https:\/\/roveyayinevi.com.tr\/index.php\/wp-json\/wp\/v2\/product"}],"about":[{"href":"https:\/\/roveyayinevi.com.tr\/index.php\/wp-json\/wp\/v2\/types\/product"}],"wp:attachment":[{"href":"https:\/\/roveyayinevi.com.tr\/index.php\/wp-json\/wp\/v2\/media?parent=730215"}],"wp:term":[{"taxonomy":"product_brand","embeddable":true,"href":"https:\/\/roveyayinevi.com.tr\/index.php\/wp-json\/wp\/v2\/product_brand?post=730215"},{"taxonomy":"product_cat","embeddable":true,"href":"https:\/\/roveyayinevi.com.tr\/index.php\/wp-json\/wp\/v2\/product_cat?post=730215"},{"taxonomy":"product_tag","embeddable":true,"href":"https:\/\/roveyayinevi.com.tr\/index.php\/wp-json\/wp\/v2\/product_tag?post=730215"}],"curies":[{"name":"wp","href":"https:\/\/api.w.org\/{rel}","templated":true}]}}