{"id":730213,"date":"2025-08-27T21:10:11","date_gmt":"2025-08-27T18:10:11","guid":{"rendered":"https:\/\/roveyayinevi.com.tr\/index.php\/urun\/haddini-as\/"},"modified":"2026-04-16T02:37:43","modified_gmt":"2026-04-15T23:37:43","slug":"haddini-as","status":"publish","type":"product","link":"https:\/\/roveyayinevi.com.tr\/index.php\/urun\/haddini-as\/","title":{"rendered":"Haddini A\u015f!"},"content":{"rendered":"<p>Yazar Bora \u00d6zkent, yeni kitab\u0131nda \u00ab Haddini A\u015f \u00bb slogan\u0131yla sesleniyor okurlara. Kitap ilk sayfas\u0131ndan son sayfas\u0131na kadar bu fikir \u00fczerine kurgulanm\u0131\u015f. Onlar ba\u015fkalar\u0131 taraf\u0131ndan tasarlanarak \u00f6nlerine konan hayat hik\u00e2yelerini ya\u015famaya asla raz\u0131 olmam\u0131\u015flar. Onlar asla ba\u015fkalar\u0131n\u0131n dikte etti\u011fi kurallara ve dogmalara k\u00f6r\u00fc k\u00f6r\u00fcne uymam\u0131\u015flar. Ve onlar asla kendilerine \u00e7izilen s\u0131n\u0131rlara hapsolmam\u0131\u015f, ba\u015fkalar\u0131n\u0131n hadlerini bildirmesine izin vermemi\u015f, hadlerini a\u015fmak i\u00e7in ellerinden geleni yapmaktan asla \u00e7ekinmemi\u015fler. \u00c7\u00fcnk\u00fc ola\u011fan\u00fcst\u00fc ba\u015far\u0131ya giden yolun ilk ad\u0131m\u0131 bu zaten: Haddini a\u015fmay\u0131 her \u015feyden \u00e7ok istemek. \u201cHaddini A\u015f\u201d slogan\u0131 i\u015fte bu g\u00f6zlemlerime dayan\u0131yor. Elma Yay\u0131nevi\u2019nin yeni kitab\u0131 Haddini A\u015f sizlerle\u2026 Keyifli okumalar\u2026 <\/p>\n","protected":false},"excerpt":{"rendered":"<p>Yazar Bora \u00d6zkent, yeni kitab\u0131nda \u00ab Haddini A\u015f \u00bb slogan\u0131yla sesleniyor okurlara. Kitap ilk sayfas\u0131ndan son sayfas\u0131na kadar bu fikir \u00fczerine kurgulanm\u0131\u015f. Onlar ba\u015fkalar\u0131 taraf\u0131ndan tasarlanarak<span class=\"excerpt-hellip\"> [\u2026]<\/span><\/p>\n","protected":false},"featured_media":0,"template":"","meta":{"_monsterinsights_skip_tracking":false,"_monsterinsights_sitenote_active":false,"_monsterinsights_sitenote_note":"","_monsterinsights_sitenote_category":0},"product_brand":[],"product_cat":[13043,19008],"product_tag":[],"class_list":{"0":"post-730213","1":"product","2":"type-product","3":"status-publish","5":"product_cat-ekonomi","6":"product_cat-yonetim","7":"pa_cilt-ciltsiz","8":"pa_tur-kitap","9":"pa_yayinevi-elma-yayinevi","10":"pa_yazar-bora-ozkent","12":"first","13":"instock","14":"sale","15":"shipping-taxable","16":"purchasable","17":"product-type-simple"},"_links":{"self":[{"href":"https:\/\/roveyayinevi.com.tr\/index.php\/wp-json\/wp\/v2\/product\/730213","targetHints":{"allow":["GET"]}}],"collection":[{"href":"https:\/\/roveyayinevi.com.tr\/index.php\/wp-json\/wp\/v2\/product"}],"about":[{"href":"https:\/\/roveyayinevi.com.tr\/index.php\/wp-json\/wp\/v2\/types\/product"}],"wp:attachment":[{"href":"https:\/\/roveyayinevi.com.tr\/index.php\/wp-json\/wp\/v2\/media?parent=730213"}],"wp:term":[{"taxonomy":"product_brand","embeddable":true,"href":"https:\/\/roveyayinevi.com.tr\/index.php\/wp-json\/wp\/v2\/product_brand?post=730213"},{"taxonomy":"product_cat","embeddable":true,"href":"https:\/\/roveyayinevi.com.tr\/index.php\/wp-json\/wp\/v2\/product_cat?post=730213"},{"taxonomy":"product_tag","embeddable":true,"href":"https:\/\/roveyayinevi.com.tr\/index.php\/wp-json\/wp\/v2\/product_tag?post=730213"}],"curies":[{"name":"wp","href":"https:\/\/api.w.org\/{rel}","templated":true}]}}