{"id":730212,"date":"2025-08-27T21:10:10","date_gmt":"2025-08-27T18:10:10","guid":{"rendered":"https:\/\/roveyayinevi.com.tr\/index.php\/urun\/siir-ve-yasam\/"},"modified":"2026-04-16T02:37:42","modified_gmt":"2026-04-15T23:37:42","slug":"siir-ve-yasam","status":"publish","type":"product","link":"https:\/\/roveyayinevi.com.tr\/index.php\/urun\/siir-ve-yasam\/","title":{"rendered":"\u015eiir Ve Ya\u015fam"},"content":{"rendered":"<p>Bu bir poetika kitab\u0131. B\u00fct\u00fcn sanatsal varolu\u015flar\u0131n temelinde bulunan \u201cyapma sanat\u0131\u201d da, \u201cya\u015fama sanat\u0131\u201d gibi anlat\u0131lmas\u0131 ve aktar\u0131lmas\u0131 zor \u00f6geler ta\u015f\u0131r. Her zaman \u201ckendinize \u00f6zg\u00fc\u201dd\u00fcr her\u015fey genellik ta\u015f\u0131maz, \u00f6rnek olamaz, doktrin hi\u00e7 olu\u015fturmaz. Az say\u0131da da olsa \u201c\u015eiir Sanat\u0131\u201d ya da \u201c\u015eiir Yazmak\u201d ba\u015fl\u0131kl\u0131 rehber kitap ve \u00fcr\u00fcnlerdeki deneyimlerin t\u00fcm\u00fc de \u00f6zneldir. Elinizdeki kitap da \u015fiir \u00fczerine d\u00fc\u015f\u00fcnceleri, ya\u015fanm\u0131\u015fl\u0131klar ve tarihsellik i\u00e7inden aktar\u0131yor.   Yine de ak\u0131lda kalmal\u0131: \u201c\u015eiir Yarat\u0131c\u0131 Yazma Kursu\u201d veren e\u011fitimci \u015fair, b\u00fct\u00fcn \u00f6\u011frenme s\u00fcrecinin merkezindedir; ama, kendi prati\u011finin iktidar\u0131ndan vazge\u00e7er. Bu, ba\u015fl\u0131 ba\u015f\u0131na zor bir konumdur. \u015eiir zaten e\u011fitimle elde edilmez; \u015fiire didaktik ve pedagojik a\u00e7\u0131dan yap\u0131lan yakla\u015f\u0131mlar geri teper; \u201c\u015fiir duygusu e\u011fitimi\u201d bile tepki \u00e7eker. \u201c\u015eiir \u00f6\u011frencisi\u201dni \u201cg\u00fc\u00e7l\u00fc \u015fair\u201dle yan yana getirmek, orant\u0131s\u0131z bir hesapla\u015fmad\u0131r; ba\u011f\u0131ms\u0131z kalmas\u0131 gereken aday\u0131 \u201cbo\u011fup \u00f6ld\u00fcrmek\u201d demektir. \u201cBa\u011f\u0131ms\u0131zl\u0131k\u201d, \u015fiirin tan\u0131m\u0131nda ve do\u011fas\u0131nda vard\u0131r.   Bu kitapta yer alan \u201c\u00f6znel deneyimlerin\u201d sahibini, 1981\u2019de Cemal S\u00fcreya \u015f\u00f6yle tan\u0131mlar: \u201cVe geldik Ali Cengizkan\u2019a\u2026 \u015eiirin kendisi, \u015fiirin hi\u00e7bir \u015feyle kendini ba\u011fl\u0131 g\u00f6rmeyi\u015fi. Her \u015fiirin kendisiyle tan\u0131mlanabilece\u011fi. Ve \u015fiirin ba\u015fka hi\u00e7bir \u015feyle tan\u0131mlanamayaca\u011f\u0131. Dev tutku, b\u00fcy\u00fck \u00e7\u0131k\u0131\u015f.\u201da<\/p>\n","protected":false},"excerpt":{"rendered":"<p>Bu bir poetika kitab\u0131. B\u00fct\u00fcn sanatsal varolu\u015flar\u0131n temelinde bulunan \u201cyapma sanat\u0131\u201d da, \u201cya\u015fama sanat\u0131\u201d gibi anlat\u0131lmas\u0131 ve aktar\u0131lmas\u0131 zor \u00f6geler ta\u015f\u0131r. Her zaman \u201ckendinize \u00f6zg\u00fc\u201dd\u00fcr her\u015fey<span class=\"excerpt-hellip\"> [\u2026]<\/span><\/p>\n","protected":false},"featured_media":0,"template":"","meta":{"_monsterinsights_skip_tracking":false,"_monsterinsights_sitenote_active":false,"_monsterinsights_sitenote_note":"","_monsterinsights_sitenote_category":0},"product_brand":[],"product_cat":[12777,12291],"product_tag":[],"class_list":{"0":"post-730212","1":"product","2":"type-product","3":"status-publish","5":"product_cat-deneme","6":"product_cat-edebiyat","7":"pa_cilt-ciltsiz","8":"pa_tur-kitap","9":"pa_yayinevi-islik-yayinlari","10":"pa_yazar-ali-cengizkan","12":"first","13":"instock","14":"sale","15":"shipping-taxable","16":"purchasable","17":"product-type-simple"},"_links":{"self":[{"href":"https:\/\/roveyayinevi.com.tr\/index.php\/wp-json\/wp\/v2\/product\/730212","targetHints":{"allow":["GET"]}}],"collection":[{"href":"https:\/\/roveyayinevi.com.tr\/index.php\/wp-json\/wp\/v2\/product"}],"about":[{"href":"https:\/\/roveyayinevi.com.tr\/index.php\/wp-json\/wp\/v2\/types\/product"}],"wp:attachment":[{"href":"https:\/\/roveyayinevi.com.tr\/index.php\/wp-json\/wp\/v2\/media?parent=730212"}],"wp:term":[{"taxonomy":"product_brand","embeddable":true,"href":"https:\/\/roveyayinevi.com.tr\/index.php\/wp-json\/wp\/v2\/product_brand?post=730212"},{"taxonomy":"product_cat","embeddable":true,"href":"https:\/\/roveyayinevi.com.tr\/index.php\/wp-json\/wp\/v2\/product_cat?post=730212"},{"taxonomy":"product_tag","embeddable":true,"href":"https:\/\/roveyayinevi.com.tr\/index.php\/wp-json\/wp\/v2\/product_tag?post=730212"}],"curies":[{"name":"wp","href":"https:\/\/api.w.org\/{rel}","templated":true}]}}