{"id":730211,"date":"2025-08-27T21:10:10","date_gmt":"2025-08-27T18:10:10","guid":{"rendered":"https:\/\/roveyayinevi.com.tr\/index.php\/urun\/dilin-toplumsal-tarihi\/"},"modified":"2026-04-16T02:37:42","modified_gmt":"2026-04-15T23:37:42","slug":"dilin-toplumsal-tarihi","status":"publish","type":"product","link":"https:\/\/roveyayinevi.com.tr\/index.php\/urun\/dilin-toplumsal-tarihi\/","title":{"rendered":"Dilin Toplumsal Tarihi"},"content":{"rendered":"<p>Tarihi \u00f6l\u00fc bir anlat\u0131 olmaktan kurtar\u0131p ya\u015fayan, nefes alan bir canl\u0131 haline getiren sosyal tarih anlay\u0131\u015f\u0131 t\u00fcm tarih yaz\u0131m\u0131n\u0131 k\u00f6kten de\u011fi\u015ftirdi. Sosyal disiplinlerin tamam\u0131yla etkile\u015fim halinde olan bu yeni tarih yaz\u0131m\u0131 ile birlikte ge\u00e7mi\u015fte ya\u015fanm\u0131\u015f b\u00fcy\u00fck olaylar\u0131n bir izleyicisi olmaktan kurtulan ve onun i\u00e7inde ya\u015fayan bir \u00f6zne halini alan \u201cs\u0131radan insan\u201d da bu sayede tarihsel \u00f6zne konumuna yerle\u015fmi\u015f oldu.   Dile ve onda ger\u00e7ekle\u015fen de\u011fi\u015fimlere hem bir tarihsel kaynak hem de onu yaratan en b\u00fcy\u00fck akt\u00f6rlerden biri olarak bakan bu kitap, 16. y\u00fczy\u0131ldan 20. y\u00fczy\u0131la uzanan bir aral\u0131kta Britanya, Fransa ve \u0130talya&#8217;da \u201cdilin\u201d pe\u015fine d\u00fc\u015f\u00fcyor: \u015earlatan hekimlerin onu bir ara\u00e7 olarak kullanmas\u0131ndan, Frans\u0131z Devrimi\u2019nin  k\u00f6ktenci bir bi\u00e7imde d\u00f6n\u00fc\u015f\u00fcme u\u011fratmas\u0131na; iki dilli bir anla\u015fman\u0131n yaratt\u0131\u011f\u0131 karga\u015fadan, 18. Y\u00fczy\u0131l Parisi\u2019nde kullan\u0131lan hakaretlerin sosyolojisine; \u0130talya\u2019da okuryazarl\u0131\u011f\u0131n yerinden, atas\u00f6zlerinin toplumsal tarihine do\u011fru bir yolculu\u011fa \u00e7\u0131karken dilin ser\u00fcvenine tan\u0131kl\u0131k etmemize olanak sa\u011fl\u0131yor.   Toplumsal tarih yaz\u0131m\u0131n\u0131n en verimli isimlerinden Peter Burke ve Roy Porter\u2019\u0131n derledi\u011fi Dilin Toplumsal Tarihi, dilin yaratt\u0131\u011f\u0131 toplumlardan toplumlar\u0131n yaratt\u0131\u011f\u0131 dile ve ikisinin i\u00e7 i\u00e7e ge\u00e7mi\u015fli\u011fine emsalsiz bir kaynak te\u015fkil ediyor.a<\/p>\n","protected":false},"excerpt":{"rendered":"<p>Tarihi \u00f6l\u00fc bir anlat\u0131 olmaktan kurtar\u0131p ya\u015fayan, nefes alan bir canl\u0131 haline getiren sosyal tarih anlay\u0131\u015f\u0131 t\u00fcm tarih yaz\u0131m\u0131n\u0131 k\u00f6kten de\u011fi\u015ftirdi. Sosyal disiplinlerin tamam\u0131yla etkile\u015fim halinde<span class=\"excerpt-hellip\"> [\u2026]<\/span><\/p>\n","protected":false},"featured_media":0,"template":"","meta":{"_monsterinsights_skip_tracking":false,"_monsterinsights_sitenote_active":false,"_monsterinsights_sitenote_note":"","_monsterinsights_sitenote_category":0},"product_brand":[],"product_cat":[12370,12304],"product_tag":[],"class_list":{"0":"post-730211","1":"product","2":"type-product","3":"status-publish","5":"product_cat-arastirma-inceleme","6":"product_cat-tarih","7":"pa_cilt-ciltsiz","8":"pa_tur-kitap","9":"pa_yayinevi-islik-yayinlari","10":"pa_yazar-peter-burke-roy-porter","12":"first","13":"instock","14":"sale","15":"shipping-taxable","16":"purchasable","17":"product-type-simple"},"_links":{"self":[{"href":"https:\/\/roveyayinevi.com.tr\/index.php\/wp-json\/wp\/v2\/product\/730211","targetHints":{"allow":["GET"]}}],"collection":[{"href":"https:\/\/roveyayinevi.com.tr\/index.php\/wp-json\/wp\/v2\/product"}],"about":[{"href":"https:\/\/roveyayinevi.com.tr\/index.php\/wp-json\/wp\/v2\/types\/product"}],"wp:attachment":[{"href":"https:\/\/roveyayinevi.com.tr\/index.php\/wp-json\/wp\/v2\/media?parent=730211"}],"wp:term":[{"taxonomy":"product_brand","embeddable":true,"href":"https:\/\/roveyayinevi.com.tr\/index.php\/wp-json\/wp\/v2\/product_brand?post=730211"},{"taxonomy":"product_cat","embeddable":true,"href":"https:\/\/roveyayinevi.com.tr\/index.php\/wp-json\/wp\/v2\/product_cat?post=730211"},{"taxonomy":"product_tag","embeddable":true,"href":"https:\/\/roveyayinevi.com.tr\/index.php\/wp-json\/wp\/v2\/product_tag?post=730211"}],"curies":[{"name":"wp","href":"https:\/\/api.w.org\/{rel}","templated":true}]}}