{"id":730207,"date":"2025-08-27T21:10:06","date_gmt":"2025-08-27T18:10:06","guid":{"rendered":"https:\/\/roveyayinevi.com.tr\/index.php\/urun\/seyh-ve-kilise\/"},"modified":"2026-04-16T02:37:42","modified_gmt":"2026-04-15T23:37:42","slug":"seyh-ve-kilise","status":"publish","type":"product","link":"https:\/\/roveyayinevi.com.tr\/index.php\/urun\/seyh-ve-kilise\/","title":{"rendered":"\u015eeyh ve Kilise"},"content":{"rendered":"<p>\u201cBiz dervi\u015fiz, \u00f6l\u00fcnce diriliriz\u201d dedi ve g\u00f6zlerini kapat\u0131p ba\u015f\u0131n\u0131 \u00f6n\u00fcne e\u011fdi \u015eeyh Efendi. Asl\u0131nda onun bu halini g\u00f6ren de yoktu. Hen\u00fcz yeni ba\u015flam\u0131\u015f olan sohbeti sanki nefes almadan dinleyenler, sohbet ba\u015flad\u0131ktan k\u0131sa s\u00fcre sonra dizleri gibi bellerini de b\u00fckm\u00fc\u015f, kafalar\u0131n\u0131 kalplerine yakla\u015ft\u0131rm\u0131\u015f, g\u00f6zlerini kapatm\u0131\u015f dinliyor ve i\u00e7ten i\u00e7e dinleniyorlard\u0131. C\u00fcmleler aras\u0131nda uzun s\u00fcren sessizli\u011fin, tane tane anlat\u0131lan konular\u0131 sindirmek ve kulaklar\u0131ndan kalplerine indirmek i\u00e7in bilin\u00e7li bir ara oldu\u011funu biliyorlard\u0131. Uzun yoldan gelen bu dervi\u015f grubu, duyduklar\u0131 her kelimeyi kalplerine yazmak istiyorlard\u0131. Ama bu sefer sessizlik al\u0131\u015f\u0131k olduklar\u0131ndan daha uzun s\u00fcrm\u00fc\u015ft\u00fc. Bu nedenle birer birer ba\u015flar\u0131n\u0131 belli belirsiz kald\u0131rarak \u015feyhin kula\u011f\u0131na sessizce ama heyecanla bir \u015feyler f\u0131s\u0131ldayan ki\u015fiyi merak etmeye ba\u015flad\u0131lar\u2026<\/p>\n","protected":false},"excerpt":{"rendered":"<p>\u201cBiz dervi\u015fiz, \u00f6l\u00fcnce diriliriz\u201d dedi ve g\u00f6zlerini kapat\u0131p ba\u015f\u0131n\u0131 \u00f6n\u00fcne e\u011fdi \u015eeyh Efendi. Asl\u0131nda onun bu halini g\u00f6ren de yoktu. Hen\u00fcz yeni ba\u015flam\u0131\u015f olan sohbeti sanki<span class=\"excerpt-hellip\"> [\u2026]<\/span><\/p>\n","protected":false},"featured_media":0,"template":"","meta":{"_monsterinsights_skip_tracking":false,"_monsterinsights_sitenote_active":false,"_monsterinsights_sitenote_note":"","_monsterinsights_sitenote_category":0},"product_brand":[],"product_cat":[16789,12718,12719],"product_tag":[],"class_list":{"0":"post-730207","1":"product","2":"type-product","3":"status-publish","5":"product_cat-diger-islam","6":"product_cat-din","7":"product_cat-islam","8":"pa_cilt-ciltsiz","9":"pa_tur-kitap","10":"pa_yayinevi-otto-yayinlari","11":"pa_yazar-ibrahim-baz","13":"first","14":"instock","15":"sale","16":"shipping-taxable","17":"purchasable","18":"product-type-simple"},"_links":{"self":[{"href":"https:\/\/roveyayinevi.com.tr\/index.php\/wp-json\/wp\/v2\/product\/730207","targetHints":{"allow":["GET"]}}],"collection":[{"href":"https:\/\/roveyayinevi.com.tr\/index.php\/wp-json\/wp\/v2\/product"}],"about":[{"href":"https:\/\/roveyayinevi.com.tr\/index.php\/wp-json\/wp\/v2\/types\/product"}],"wp:attachment":[{"href":"https:\/\/roveyayinevi.com.tr\/index.php\/wp-json\/wp\/v2\/media?parent=730207"}],"wp:term":[{"taxonomy":"product_brand","embeddable":true,"href":"https:\/\/roveyayinevi.com.tr\/index.php\/wp-json\/wp\/v2\/product_brand?post=730207"},{"taxonomy":"product_cat","embeddable":true,"href":"https:\/\/roveyayinevi.com.tr\/index.php\/wp-json\/wp\/v2\/product_cat?post=730207"},{"taxonomy":"product_tag","embeddable":true,"href":"https:\/\/roveyayinevi.com.tr\/index.php\/wp-json\/wp\/v2\/product_tag?post=730207"}],"curies":[{"name":"wp","href":"https:\/\/api.w.org\/{rel}","templated":true}]}}