{"id":730205,"date":"2025-08-27T21:10:05","date_gmt":"2025-08-27T18:10:05","guid":{"rendered":"https:\/\/roveyayinevi.com.tr\/index.php\/urun\/nihat-keklik-ve-hikmet-binasi\/"},"modified":"2026-04-16T02:37:42","modified_gmt":"2026-04-15T23:37:42","slug":"nihat-keklik-ve-hikmet-binasi","status":"publish","type":"product","link":"https:\/\/roveyayinevi.com.tr\/index.php\/urun\/nihat-keklik-ve-hikmet-binasi\/","title":{"rendered":"Nihat Keklik ve Hikmet Binas\u0131"},"content":{"rendered":"<p>Nihat Keklik hem \u00f6zg\u00fcn felsefi g\u00f6r\u00fc\u015fleri hem de T\u00fcrk-\u0130slam felsefesi tarihi \u00e7al\u0131\u015fmalar\u0131yla T\u00fcrk-\u0130slam d\u00fc\u015f\u00fcnce gelene\u011fine b\u00fcy\u00fck katk\u0131lar sunmu\u015ftur. Bu \u00e7al\u0131\u015fmalar bir b\u00fct\u00fcn olarak g\u00f6r\u00fcld\u00fc\u011f\u00fcnde, Keklik\u2019in d\u00f6nem tablosunda T\u00fcrk Felsefesine bir yer aray\u0131\u015f\u0131nda oldu\u011fu g\u00f6r\u00fclmektedir. Uzun s\u00fcre h\u00fck\u00fcm s\u00fcrm\u00fc\u015f ve d\u00fcnya tarihinde belirleyici olmu\u015f Osmanl\u0131 \u0130mparatorlu\u011funun ard\u0131ndan gelen gen\u00e7 Cumhuriyetin \u00f6zelliklerini ve tart\u0131\u015fmalar\u0131n\u0131 \u00e7al\u0131\u015fmalar\u0131nda g\u00f6rebildi\u011fimiz bir akademisyen, bir d\u00fc\u015f\u00fcn\u00fcrd\u00fcr. Maddi d\u00fcnyan\u0131n zaferi hem o zafere g\u00f6t\u00fcren yollar\u0131 tespit edip bunlar\u0131 \u00fclkenin hizmetine sunmay\u0131, hem de de\u011ferler alan\u0131n\u0131n ve i\u00e7inde yeti\u015fti\u011fi k\u00fclt\u00fcr\u00fcn varl\u0131\u011f\u0131n\u0131n devaml\u0131l\u0131\u011f\u0131n\u0131 sa\u011flama \u00e7abas\u0131n\u0131 ortaya \u00e7\u0131karm\u0131\u015ft\u0131r, onun d\u00fc\u015f\u00fcncesinde. Bu d\u00fc\u015f\u00fcnceler d\u00fcnyay\u0131 bir b\u00fct\u00fcn halinde kavramay\u0131 ama\u00e7 edinen bir d\u00fc\u015f\u00fcnce yap\u0131s\u0131n\u0131 ve bu y\u00fczy\u0131lda de\u011fer problemi ya\u015fayan felsefeyi yeniden konumland\u0131rma \u00e7abas\u0131n\u0131 beraberinde getirmi\u015ftir. Ama as\u0131l kayg\u0131, par\u00e7al\u0131 bulutlu bilgi anlay\u0131\u015f\u0131n\u0131 \u201chikmet binas\u0131\u201d teorisiyle tekrar bir b\u00fct\u00fcn halinde sunu\u015funda g\u00f6r\u00fclmektedir.<\/p>\n","protected":false},"excerpt":{"rendered":"<p>Nihat Keklik hem \u00f6zg\u00fcn felsefi g\u00f6r\u00fc\u015fleri hem de T\u00fcrk-\u0130slam felsefesi tarihi \u00e7al\u0131\u015fmalar\u0131yla T\u00fcrk-\u0130slam d\u00fc\u015f\u00fcnce gelene\u011fine b\u00fcy\u00fck katk\u0131lar sunmu\u015ftur. Bu \u00e7al\u0131\u015fmalar bir b\u00fct\u00fcn olarak g\u00f6r\u00fcld\u00fc\u011f\u00fcnde, Keklik\u2019in d\u00f6nem<span class=\"excerpt-hellip\"> [\u2026]<\/span><\/p>\n","protected":false},"featured_media":0,"template":"","meta":{"_monsterinsights_skip_tracking":false,"_monsterinsights_sitenote_active":false,"_monsterinsights_sitenote_note":"","_monsterinsights_sitenote_category":0},"product_brand":[],"product_cat":[19998,12388],"product_tag":[],"class_list":{"0":"post-730205","1":"product","2":"type-product","3":"status-publish","5":"product_cat-din-felsefesi","6":"product_cat-felsefe","7":"pa_cilt-ciltsiz","8":"pa_tur-kitap","9":"pa_yayinevi-altinordu-yayinlari","10":"pa_yazar-aysegul-dogrucan","12":"first","13":"instock","14":"sale","15":"shipping-taxable","16":"purchasable","17":"product-type-simple"},"_links":{"self":[{"href":"https:\/\/roveyayinevi.com.tr\/index.php\/wp-json\/wp\/v2\/product\/730205","targetHints":{"allow":["GET"]}}],"collection":[{"href":"https:\/\/roveyayinevi.com.tr\/index.php\/wp-json\/wp\/v2\/product"}],"about":[{"href":"https:\/\/roveyayinevi.com.tr\/index.php\/wp-json\/wp\/v2\/types\/product"}],"wp:attachment":[{"href":"https:\/\/roveyayinevi.com.tr\/index.php\/wp-json\/wp\/v2\/media?parent=730205"}],"wp:term":[{"taxonomy":"product_brand","embeddable":true,"href":"https:\/\/roveyayinevi.com.tr\/index.php\/wp-json\/wp\/v2\/product_brand?post=730205"},{"taxonomy":"product_cat","embeddable":true,"href":"https:\/\/roveyayinevi.com.tr\/index.php\/wp-json\/wp\/v2\/product_cat?post=730205"},{"taxonomy":"product_tag","embeddable":true,"href":"https:\/\/roveyayinevi.com.tr\/index.php\/wp-json\/wp\/v2\/product_tag?post=730205"}],"curies":[{"name":"wp","href":"https:\/\/api.w.org\/{rel}","templated":true}]}}