{"id":730201,"date":"2025-08-27T21:10:02","date_gmt":"2025-08-27T18:10:02","guid":{"rendered":"https:\/\/roveyayinevi.com.tr\/index.php\/urun\/ermeni-soykirimi-yalaninin-gunumuzdeki-durumu-ve-cifte-standartli-bati\/"},"modified":"2026-04-16T02:37:42","modified_gmt":"2026-04-15T23:37:42","slug":"ermeni-soykirimi-yalaninin-gunumuzdeki-durumu-ve-cifte-standartli-bati","status":"publish","type":"product","link":"https:\/\/roveyayinevi.com.tr\/index.php\/urun\/ermeni-soykirimi-yalaninin-gunumuzdeki-durumu-ve-cifte-standartli-bati\/","title":{"rendered":"Ermeni Soyk\u0131r\u0131m\u0131 Yalan\u0131n\u0131n G\u00fcn\u00fcm\u00fczdeki Durumu ve \u00c7ifte Standartl\u0131 Bat\u0131"},"content":{"rendered":"<p>Ermeni Soyk\u0131r\u0131m\u0131 Yalan\u0131n\u0131n G\u00fcn\u00fcm\u00fczdeki Durumu ve \u00c7ifte Standartl\u0131 Bat\u0131<\/p>\n","protected":false},"excerpt":{"rendered":"<p>Ermeni Soyk\u0131r\u0131m\u0131 Yalan\u0131n\u0131n G\u00fcn\u00fcm\u00fczdeki Durumu ve \u00c7ifte Standartl\u0131 Bat\u0131<\/p>\n","protected":false},"featured_media":0,"template":"","meta":{"_monsterinsights_skip_tracking":false,"_monsterinsights_sitenote_active":false,"_monsterinsights_sitenote_note":"","_monsterinsights_sitenote_category":0},"product_brand":[],"product_cat":[12370,12304],"product_tag":[],"class_list":{"0":"post-730201","1":"product","2":"type-product","3":"status-publish","5":"product_cat-arastirma-inceleme","6":"product_cat-tarih","7":"pa_cilt-ciltsiz","8":"pa_tur-kitap","9":"pa_yayinevi-soncag-akademik-kitaplar","10":"pa_yazar-ali-nazmi-cora","12":"first","13":"instock","14":"sale","15":"shipping-taxable","16":"purchasable","17":"product-type-simple"},"_links":{"self":[{"href":"https:\/\/roveyayinevi.com.tr\/index.php\/wp-json\/wp\/v2\/product\/730201","targetHints":{"allow":["GET"]}}],"collection":[{"href":"https:\/\/roveyayinevi.com.tr\/index.php\/wp-json\/wp\/v2\/product"}],"about":[{"href":"https:\/\/roveyayinevi.com.tr\/index.php\/wp-json\/wp\/v2\/types\/product"}],"wp:attachment":[{"href":"https:\/\/roveyayinevi.com.tr\/index.php\/wp-json\/wp\/v2\/media?parent=730201"}],"wp:term":[{"taxonomy":"product_brand","embeddable":true,"href":"https:\/\/roveyayinevi.com.tr\/index.php\/wp-json\/wp\/v2\/product_brand?post=730201"},{"taxonomy":"product_cat","embeddable":true,"href":"https:\/\/roveyayinevi.com.tr\/index.php\/wp-json\/wp\/v2\/product_cat?post=730201"},{"taxonomy":"product_tag","embeddable":true,"href":"https:\/\/roveyayinevi.com.tr\/index.php\/wp-json\/wp\/v2\/product_tag?post=730201"}],"curies":[{"name":"wp","href":"https:\/\/api.w.org\/{rel}","templated":true}]}}