{"id":730197,"date":"2025-08-27T21:09:59","date_gmt":"2025-08-27T18:09:59","guid":{"rendered":"https:\/\/roveyayinevi.com.tr\/index.php\/urun\/kafkasyada-turk-sovyet-askeri-isbirligi-1919-1923\/"},"modified":"2026-04-16T02:37:42","modified_gmt":"2026-04-15T23:37:42","slug":"kafkasyada-turk-sovyet-askeri-isbirligi-1919-1923","status":"publish","type":"product","link":"https:\/\/roveyayinevi.com.tr\/index.php\/urun\/kafkasyada-turk-sovyet-askeri-isbirligi-1919-1923\/","title":{"rendered":"Kafkasya\u2019da T\u00fcrk-Sovyet Askeri \u0130\u015fbirli\u011fi (1919-1923)"},"content":{"rendered":"<p>Mehmet Perin\u00e7ek, Kurtulu\u015f Sava\u015f\u0131 y\u0131llar\u0131nda T\u00fcrkiye ve Sovyet Rusya\u2019n\u0131n Kafkasya\u2019daki askeri i\u015fbirli\u011fi s\u00fcrecini inceledi\u011fi kitab\u0131nda, \u015fimdiye dek bilinmeyen, ilk kez g\u00fcn \u0131\u015f\u0131\u011f\u0131na \u00e7\u0131kan pek \u00e7ok belgeye yer veriyor.   T\u00fcrkiye ve Sovyet Rusya\u2019n\u0131n bu i\u015fbirli\u011findeki temel ama\u00e7, \u0130ngilizlerin iki \u00fclke aras\u0131na kama gibi soktu\u011fu Kafkas Seddi\u2019ni y\u0131kmak ve b\u00f6lgedeki i\u015fbirlik\u00e7i h\u00fck\u00fcmetleri tasfiye etmekti. \u0130ki devrimci lider, Mustafa Kemal ve Lenin\u2019in bu hedefi ger\u00e7ekle\u015ftirildi, b\u00f6lgede istikrar sa\u011fland\u0131 ve b\u00f6ylece Ermeni meselesi de \u00e7\u00f6z\u00fcme kavu\u015fturuldu.   T\u00fcrkiye, \u00c7anakkale Sava\u015f\u0131\u2019yla Rusya\u2019daki devrime b\u00fcy\u00fck katk\u0131 sa\u011flam\u0131\u015ft\u0131. Rusya\u2019da iktidara gelen Bol\u015fevikler de Kafkaslar\u2019da Ankara\u2019yla i\u015fbirli\u011fi yaparak Kurtulu\u015f Sava\u015f\u0131\u2019n\u0131n ba\u015far\u0131ya ula\u015fmas\u0131nda \u00f6nemli rol oynad\u0131.   Mehmet Perin\u00e7ek\u2019in \u00e7al\u0131\u015fmas\u0131 tarihe oldu\u011fu kadar g\u00fcn\u00fcm\u00fcze de \u0131\u015f\u0131k tutuyor. Ele al\u0131nan d\u00f6nem ve iki \u00fclke aras\u0131ndaki i\u015fbirli\u011fi, yaln\u0131zca son d\u00f6nemde tan\u0131k oldu\u011fumuz Karaba\u011f Sava\u015f\u0131 ve Kafkasya\u2019daki geli\u015fmeler de\u011fil, \u00f6zellikle Do\u011fu Akdeniz\u2019de ya\u015fananlar a\u00e7\u0131s\u0131ndan da \u00f6nemli dersler i\u00e7ermektedir.   100 y\u0131l \u00f6nce \u201cyaln\u0131zca kendi nam ve hesaplar\u0131na\u201d de\u011fil, b\u00fct\u00fcn mazlum milletler i\u00e7in sava\u015f veren T\u00fcrkiye ve Rusya bug\u00fcn de stratejik i\u015fbirli\u011fi i\u00e7indedir ve Atlantik sistemini sarsan bu b\u00f6lgesel dostluk, Avrasya \u00e7a\u011f\u0131n\u0131n habercisidir.     \u201cTarih boyunca, Osmanl\u0131-\u00c7arl\u0131k\u2019tan Cumhuriyet-Sovyet d\u00f6nemine, So\u011fuk Sava\u015f\u2019tan g\u00fcn\u00fcm\u00fcze, T\u00fcrk-Rus sava\u015f\u0131n\u0131n\/\u00e7at\u0131\u015fmas\u0131n\u0131n\/gerginli\u011finin taraflar a\u00e7\u0131s\u0131ndan kazanan\u0131 olmam\u0131\u015ft\u0131r. Ba\u015fka bir ifadeyle her iki taraf da bu \u00e7at\u0131\u015fman\u0131n kaybedenidir.\u201d (Mehmet Perin\u00e7ek) <\/p>\n","protected":false},"excerpt":{"rendered":"<p>Mehmet Perin\u00e7ek, Kurtulu\u015f Sava\u015f\u0131 y\u0131llar\u0131nda T\u00fcrkiye ve Sovyet Rusya\u2019n\u0131n Kafkasya\u2019daki askeri i\u015fbirli\u011fi s\u00fcrecini inceledi\u011fi kitab\u0131nda, \u015fimdiye dek bilinmeyen, ilk kez g\u00fcn \u0131\u015f\u0131\u011f\u0131na \u00e7\u0131kan pek \u00e7ok belgeye<span class=\"excerpt-hellip\"> [\u2026]<\/span><\/p>\n","protected":false},"featured_media":0,"template":"","meta":{"_monsterinsights_skip_tracking":false,"_monsterinsights_sitenote_active":false,"_monsterinsights_sitenote_note":"","_monsterinsights_sitenote_category":0},"product_brand":[],"product_cat":[12370,12304],"product_tag":[],"class_list":{"0":"post-730197","1":"product","2":"type-product","3":"status-publish","5":"product_cat-arastirma-inceleme","6":"product_cat-tarih","7":"pa_cilt-ciltsiz","8":"pa_tur-kitap","9":"pa_yayinevi-kaynak-yayinlari","10":"pa_yazar-mehmet-perincek","12":"first","13":"instock","14":"sale","15":"shipping-taxable","16":"purchasable","17":"product-type-simple"},"_links":{"self":[{"href":"https:\/\/roveyayinevi.com.tr\/index.php\/wp-json\/wp\/v2\/product\/730197","targetHints":{"allow":["GET"]}}],"collection":[{"href":"https:\/\/roveyayinevi.com.tr\/index.php\/wp-json\/wp\/v2\/product"}],"about":[{"href":"https:\/\/roveyayinevi.com.tr\/index.php\/wp-json\/wp\/v2\/types\/product"}],"wp:attachment":[{"href":"https:\/\/roveyayinevi.com.tr\/index.php\/wp-json\/wp\/v2\/media?parent=730197"}],"wp:term":[{"taxonomy":"product_brand","embeddable":true,"href":"https:\/\/roveyayinevi.com.tr\/index.php\/wp-json\/wp\/v2\/product_brand?post=730197"},{"taxonomy":"product_cat","embeddable":true,"href":"https:\/\/roveyayinevi.com.tr\/index.php\/wp-json\/wp\/v2\/product_cat?post=730197"},{"taxonomy":"product_tag","embeddable":true,"href":"https:\/\/roveyayinevi.com.tr\/index.php\/wp-json\/wp\/v2\/product_tag?post=730197"}],"curies":[{"name":"wp","href":"https:\/\/api.w.org\/{rel}","templated":true}]}}