{"id":730191,"date":"2025-08-27T21:09:53","date_gmt":"2025-08-27T18:09:53","guid":{"rendered":"https:\/\/roveyayinevi.com.tr\/index.php\/urun\/hayatimdaki-tum-mutlulugu-sana-borcluyum\/"},"modified":"2026-04-16T02:37:42","modified_gmt":"2026-04-15T23:37:42","slug":"hayatimdaki-tum-mutlulugu-sana-borcluyum","status":"publish","type":"product","link":"https:\/\/roveyayinevi.com.tr\/index.php\/urun\/hayatimdaki-tum-mutlulugu-sana-borcluyum\/","title":{"rendered":"Hayat\u0131mdaki T\u00fcm Mutlulu\u011fu Sana Bor\u00e7luyum"},"content":{"rendered":"<p>\u015e\u00fcphesiz Leonard ve Virginia Woolf \u00e7iftinin birliktelik hik\u00e2yesi \u201cb\u00fcy\u00fck a\u015fklar\u201d s\u0131n\u0131f\u0131na girecek cinsten de\u011fildir. \u00d6zellikle Virginia cephesinden bakacak olursak, tutkudan ya da tensellikten bahsetmek zordur. Victoria d\u00f6nemi \u0130ngiliz toplumunun feragat ve \u00f6zveri telkiniyle bir e\u015f ve anne olarak kad\u0131na bi\u00e7ti\u011fi rol\u00fc kan\u0131ksamaz ama ihlal etti\u011fi de s\u00f6ylenemez. Uzla\u015f\u0131mc\u0131d\u0131r. Zira uzla\u015f\u0131mlar insan ruhundaki \u00e7atlaklar\u0131 bir al\u00e7\u0131 gibi kapat\u0131r. S\u0131k\u0131ca sarar, saklar, korur. Leonard Woolf ile ili\u015fkisinin daha ba\u015ftan \u201cevlenme\u201d \u00fczerine kurulmu\u015f olmas\u0131n\u0131n nedenlerini belki biraz burada aramak gerekir. Carole d\u2019Yvoire, Virginia Woolf\u2019un yazarl\u0131\u011fa ilk ad\u0131m\u0131n\u0131 atarken ald\u0131\u011f\u0131 bu evlilik karar\u0131n\u0131n, bu stratejik hamlenin arka plan\u0131n\u0131 irdeliyor. Hem onun hem de Leonard\u2019\u0131n hayat\u0131n\u0131n geli\u015fiminde, a\u00e7t\u0131klar\u0131 yaralarla derin izler b\u0131rakan belli k\u0131r\u0131lma anlar\u0131n\u0131 hik\u00e2ye ederek, bu evlili\u011fin ko\u015fullar\u0131n\u0131n nas\u0131l olu\u015ftu\u011funu ortaya koyuyor. Evlili\u011fin umduklar\u0131 gibi krizlere \u00e7\u00f6z\u00fcm de\u011fil, bilakis yeni krizlere vesile oldu\u011funu g\u00f6stererek hayatlar\u0131ndaki bir ba\u015fka \u00f6nemli viraja i\u015faret ediyor: birlikte var ettikleri yay\u0131nevi Hogarth Press<\/p>\n","protected":false},"excerpt":{"rendered":"<p>\u015e\u00fcphesiz Leonard ve Virginia Woolf \u00e7iftinin birliktelik hik\u00e2yesi \u201cb\u00fcy\u00fck a\u015fklar\u201d s\u0131n\u0131f\u0131na girecek cinsten de\u011fildir. \u00d6zellikle Virginia cephesinden bakacak olursak, tutkudan ya da tensellikten bahsetmek zordur. Victoria<span class=\"excerpt-hellip\"> [\u2026]<\/span><\/p>\n","protected":false},"featured_media":0,"template":"","meta":{"_monsterinsights_skip_tracking":false,"_monsterinsights_sitenote_active":false,"_monsterinsights_sitenote_note":"","_monsterinsights_sitenote_category":0},"product_brand":[],"product_cat":[14009,12291],"product_tag":[],"class_list":{"0":"post-730191","1":"product","2":"type-product","3":"status-publish","5":"product_cat-biyografi-otobiyografi-edebiyat","6":"product_cat-edebiyat","7":"pa_cilt-ciltsiz","8":"pa_tur-kitap","9":"pa_yayinevi-kirmizi-kedi-yayinevi","10":"pa_yazar-carole-dyvoire","12":"first","13":"instock","14":"sale","15":"shipping-taxable","16":"purchasable","17":"product-type-simple"},"_links":{"self":[{"href":"https:\/\/roveyayinevi.com.tr\/index.php\/wp-json\/wp\/v2\/product\/730191","targetHints":{"allow":["GET"]}}],"collection":[{"href":"https:\/\/roveyayinevi.com.tr\/index.php\/wp-json\/wp\/v2\/product"}],"about":[{"href":"https:\/\/roveyayinevi.com.tr\/index.php\/wp-json\/wp\/v2\/types\/product"}],"wp:attachment":[{"href":"https:\/\/roveyayinevi.com.tr\/index.php\/wp-json\/wp\/v2\/media?parent=730191"}],"wp:term":[{"taxonomy":"product_brand","embeddable":true,"href":"https:\/\/roveyayinevi.com.tr\/index.php\/wp-json\/wp\/v2\/product_brand?post=730191"},{"taxonomy":"product_cat","embeddable":true,"href":"https:\/\/roveyayinevi.com.tr\/index.php\/wp-json\/wp\/v2\/product_cat?post=730191"},{"taxonomy":"product_tag","embeddable":true,"href":"https:\/\/roveyayinevi.com.tr\/index.php\/wp-json\/wp\/v2\/product_tag?post=730191"}],"curies":[{"name":"wp","href":"https:\/\/api.w.org\/{rel}","templated":true}]}}