{"id":730189,"date":"2025-08-27T21:09:52","date_gmt":"2025-08-27T18:09:52","guid":{"rendered":"https:\/\/roveyayinevi.com.tr\/index.php\/urun\/dunya-mitolojileri-ciltli\/"},"modified":"2026-04-16T02:37:42","modified_gmt":"2026-04-15T23:37:42","slug":"dunya-mitolojileri-ciltli","status":"publish","type":"product","link":"https:\/\/roveyayinevi.com.tr\/index.php\/urun\/dunya-mitolojileri-ciltli\/","title":{"rendered":"D\u00fcnya Mitolojileri (Ciltli)"},"content":{"rendered":"<p>Paul Ricoeur miti \u015f\u00f6yle tan\u0131mlar: \u00abMit, zaman(lar)\u0131n ba\u015flang\u0131c\u0131nda vuku bulmu\u015f olaylar hakk\u0131nda, insan\u0131n kendini, kendi d\u00fcnyas\u0131 i\u00e7inde anlad\u0131\u011f\u0131 b\u00fct\u00fcn eylemde bulunma ve d\u00fc\u015f\u00fcnme bi\u00e7imlerini temellendirmeye d\u00f6n\u00fck geleneksel bir anlat\u0131d\u0131r\u00bb. Ona g\u00f6re her mit, a\u00e7\u0131\u011fa \u00e7\u0131kar\u0131lmay\u0131 talep eden \u00f6rt\u00fcl\u00fc bir logos i\u00e7erir. Mitoslar\u0131n her biri, i\u00e7inde \u00fcretildi\u011fi gelene\u011fin izini ta\u015f\u0131r ve yans\u0131t\u0131r. Farkl\u0131 geleneklerin en \u00f6nemli belirleyici unsuru da hi\u00e7 ku\u015fkusuz co\u011frafyad\u0131r. D\u00fcnyan\u0131n \u00e7e\u015fitli y\u00f6relerinde \u00fcretilmi\u015f mitolojiler, ait olduklar\u0131 y\u00f6renin ikliminin, faunas\u0131n\u0131n ve floras\u0131n\u0131n karakteristik yap\u0131s\u0131n\u0131 yans\u0131t\u0131r. Halklar\u0131n \u00fcretim tarzlar\u0131na, zanaatlerine, bar\u0131nma ve beslenme bi\u00e7imlerine, k\u0131z al\u0131p verme tarzlar\u0131na, e\u011flencelerine, cenaze t\u00f6renlerine, vb. ili\u015fkin adetlerinden esinlenir. Fakat bu farkl\u0131l\u0131klar yan\u0131nda, d\u00fcnya mitolojileri aras\u0131nda \u00e7ok \u00e7arp\u0131c\u0131 benzerlikler de bulunmaktad\u0131r. Baz\u0131 kahramanlar, veya tanr\u0131lar, de\u011fi\u015fik adlar alt\u0131nda, co\u011frafi bak\u0131mdan bazen yak\u0131n, bazense uzak y\u00f6relerde, benzer i\u015flevlere sahip karakterler olarak belirir. Birtak\u0131m mitolojik simgeler, medeniyetler aras\u0131nda m\u00fcbadele edilerek birbirinden farkl\u0131 geleneklerce sahiplenilir. Larousse D\u00fcnya Mitolojileri&#8217;nin yazarlar\u0131n\u0131n da belirtti\u011fi gibi, de\u011fi\u015fik medeniyetlerin mitlerinin incelenmesinde en \u015fa\u015f\u0131rt\u0131c\u0131 ve heyecan verici olan \u015fey, kainat\u0131n ve hayat\u0131n k\u00f6keni gibi asli sorulara verdikleri cevaplar\u0131n, bir medeniyetten di\u011ferine, gezegenin bir ucundan di\u011ferine sergiledi\u011fi benzerliktir. Bu itibarla mitoloji, d\u00fcnyan\u0131n de\u011fi\u015fik y\u00f6relerinde ya\u015fayanlar\u0131n duygusal ve d\u00fc\u015f\u00fcnsel kayg\u0131lar\u0131n\u0131 g\u00f6zler \u00f6n\u00fcne seren vazge\u00e7ilmez bir bilgi kayna\u011f\u0131d\u0131r. \u00c7ok kapsaml\u0131 bu eserde, Mezopotamya, Yunanistan, Roma, M\u0131s\u0131r, Fenike, Hindistan ve \u0130ran mitlerinden \u0130skandinav, Cermen ve Kelt mitlerine, Fin-Ugor, Slav ve Kuzey Kutbu mitlerinden Japonya, \u00c7in, Tibet, Afrika, Okyanusya, Aztek, Maya ve \u0130nka mitlerine kadar D\u00fcnya Mitolojileri&#8217;ni farkl\u0131 ve benzer yanlar\u0131yla bulacaks\u0131n\u0131z &#8230; <\/p>\n","protected":false},"excerpt":{"rendered":"<p>Paul Ricoeur miti \u015f\u00f6yle tan\u0131mlar: \u00abMit, zaman(lar)\u0131n ba\u015flang\u0131c\u0131nda vuku bulmu\u015f olaylar hakk\u0131nda, insan\u0131n kendini, kendi d\u00fcnyas\u0131 i\u00e7inde anlad\u0131\u011f\u0131 b\u00fct\u00fcn eylemde bulunma ve d\u00fc\u015f\u00fcnme bi\u00e7imlerini temellendirmeye d\u00f6n\u00fck<span class=\"excerpt-hellip\"> [\u2026]<\/span><\/p>\n","protected":false},"featured_media":0,"template":"","meta":{"_monsterinsights_skip_tracking":false,"_monsterinsights_sitenote_active":false,"_monsterinsights_sitenote_note":"","_monsterinsights_sitenote_category":0},"product_brand":[],"product_cat":[12718,12858],"product_tag":[],"class_list":{"0":"post-730189","1":"product","2":"type-product","3":"status-publish","5":"product_cat-din","6":"product_cat-mitolojiler","7":"pa_cilt-ciltli","8":"pa_tur-kitap","9":"pa_yayinevi-bilge-kultur-sanat","10":"pa_yazar-nanon-gardin-joel-ashmidt","12":"first","13":"instock","14":"sale","15":"shipping-taxable","16":"purchasable","17":"product-type-simple"},"_links":{"self":[{"href":"https:\/\/roveyayinevi.com.tr\/index.php\/wp-json\/wp\/v2\/product\/730189","targetHints":{"allow":["GET"]}}],"collection":[{"href":"https:\/\/roveyayinevi.com.tr\/index.php\/wp-json\/wp\/v2\/product"}],"about":[{"href":"https:\/\/roveyayinevi.com.tr\/index.php\/wp-json\/wp\/v2\/types\/product"}],"wp:attachment":[{"href":"https:\/\/roveyayinevi.com.tr\/index.php\/wp-json\/wp\/v2\/media?parent=730189"}],"wp:term":[{"taxonomy":"product_brand","embeddable":true,"href":"https:\/\/roveyayinevi.com.tr\/index.php\/wp-json\/wp\/v2\/product_brand?post=730189"},{"taxonomy":"product_cat","embeddable":true,"href":"https:\/\/roveyayinevi.com.tr\/index.php\/wp-json\/wp\/v2\/product_cat?post=730189"},{"taxonomy":"product_tag","embeddable":true,"href":"https:\/\/roveyayinevi.com.tr\/index.php\/wp-json\/wp\/v2\/product_tag?post=730189"}],"curies":[{"name":"wp","href":"https:\/\/api.w.org\/{rel}","templated":true}]}}