{"id":730188,"date":"2025-08-27T21:09:51","date_gmt":"2025-08-27T18:09:51","guid":{"rendered":"https:\/\/roveyayinevi.com.tr\/index.php\/urun\/koc-universitesi-suna-kirac-kutuphanesi-yazmalar-katalogu-2-ciltli\/"},"modified":"2026-04-16T02:37:42","modified_gmt":"2026-04-15T23:37:42","slug":"koc-universitesi-suna-kirac-kutuphanesi-yazmalar-katalogu-2-ciltli","status":"publish","type":"product","link":"https:\/\/roveyayinevi.com.tr\/index.php\/urun\/koc-universitesi-suna-kirac-kutuphanesi-yazmalar-katalogu-2-ciltli\/","title":{"rendered":"Ko\u00e7 \u00dcniversitesi Suna K\u0131ra\u00e7 K\u00fct\u00fcphanesi  Yazmalar Katalo\u011fu 2 (Ciltli)"},"content":{"rendered":"<p>\u0130lk cildi 2018\u2019de yay\u0131mlanan Ko\u00e7 \u00dcniversitesi Suna K\u0131ra\u00e7 K\u00fct\u00fcphanesi Yazmalar Katalo\u011fu\u2019nun ikinci cildi, Konyal\u0131 b\u00fcrokrat Salim Erel\u2019in ba\u011f\u0131\u015flad\u0131\u011f\u0131 eserlerin katalo\u011fudur. Katalog, \u00f6zellikle \u0130znik Medresesi ile S\u00fcleymaniye Medreseleri D\u00f6nemi\u2019nde bilginin dola\u015f\u0131m\u0131 ve yazmalar\u0131n \u00e7o\u011falt\u0131lmas\u0131 konusunda uzmanla\u015fan, yazma eserlerin kataloglama metodolojisi \u00fczerine \u00e7al\u0131\u015fan Sami Arslan taraf\u0131ndan haz\u0131rlanm\u0131\u015ft\u0131r. Erel yazmalar\u0131 da medreselerde okutulan eserlerdendir ve elimizdeki n\u00fcshalarda \u00f6zellikle dikkati \u00e7eken unsur, eserlerin derkenarlardaki yo\u011fun ha\u015fiyelerdir. Bu okuyucu notlar\u0131 ve yorumlar\u0131, eserlerin \u00e7e\u015fitli y\u00fczy\u0131llarda m\u00fcellifler\/okuyucular taraf\u0131ndan nas\u0131l alg\u0131land\u0131\u011f\u0131na dair bizleri ayd\u0131nlatan birincil kaynaklar olarak \u00f6nemlidir. Elimizdeki yay\u0131n, \u00f6ncelikle Erel koleksiyonu \u00fczerine tarihsel bir ba\u011flam sunar. Katalog k\u0131sm\u0131nda ise eserlerin her birinin paleografi bilgileri, eser metinlerinin ba\u015flang\u0131\u00e7 ve sonunu g\u00f6steren g\u00f6rselleri, eser i\u00e7eri\u011fi ve okuyucu yorumlar\u0131yla ilgili notlar hakk\u0131ndaki de\u011ferlendirmeleri ve bibliyografya bilgileri sunulur. En sonda ise eser adlar\u0131, m\u00fcellifler, m\u00fcstensihler, istinsah mek\u00e2nlar\u0131 ve zamanlar\u0131, m\u00e2likler ve sosyo-k\u00fclt\u00fcrel hayata dair dizinler yer al\u0131r.      &#8220;Salim Erel koleksiyonu 79 cilt i\u00e7inde 275 eserden olu\u015fur. 229 tanesi 38 mecmua i\u00e7erisinde yer alan bu koleksiyonda \u00e7o\u011fu Osmanl\u0131 medrese eserlerinden olu\u015fan yirmi farkl\u0131 disiplinden yazma yer almaktad\u0131r. Bu a\u00e7\u0131dan eserler bir Osmanl\u0131 koleksiyonunun par\u00e7as\u0131d\u0131r. B\u00fcy\u00fck \u00f6l\u00e7\u00fcde 19. y\u00fczy\u0131lda olu\u015fturulmu\u015f olan bu koleksiyon yine b\u00fcy\u00fck \u00f6l\u00e7\u00fcde bir Osmanl\u0131 ta\u015fra m\u00fcft\u00fcs\u00fc olan Haf\u0131z Ali Avni (\u00f6. 1882) taraf\u0131ndan olu\u015fturulmu\u015ftur. Katalogda sadece metinlere de\u011fil, bilakis n\u00fcshalarda yer alan m\u00fcstensih ve okurlara da yer verilmi\u015ftir. B\u00f6ylece katalogda metinlerin b\u00fcy\u00fck kahramanlar\u0131n\u0131n yan\u0131nda n\u00fcshalar\u0131n \u02d7yazma eseri yazma eser yapan- &#8216;k\u00fc\u00e7\u00fck&#8217; okurlar\u0131na, der\/kenardaki edilgen \u00f6znelere, m\u00fcderrislere, talebelere, hocalara, m\u00fcft\u00fclere, mollalara, kad\u0131nlara, askerlere, haf\u0131zlara, \u015feriflere, seyyidlere, a\u011falara, efendilere, s\u00fcrg\u00fcnlere, muhacirlere, \u00e7ocuklara, babalara, kentlilere, yazma eser k\u00fclt\u00fcr\u00fcne, k\u00f6yl\u00fclere, hadiselere ve duygulara yer verilmi\u015ftir.\u201d Sami Arslan <\/p>\n","protected":false},"excerpt":{"rendered":"<p>\u0130lk cildi 2018\u2019de yay\u0131mlanan Ko\u00e7 \u00dcniversitesi Suna K\u0131ra\u00e7 K\u00fct\u00fcphanesi Yazmalar Katalo\u011fu\u2019nun ikinci cildi, Konyal\u0131 b\u00fcrokrat Salim Erel\u2019in ba\u011f\u0131\u015flad\u0131\u011f\u0131 eserlerin katalo\u011fudur. Katalog, \u00f6zellikle \u0130znik Medresesi ile S\u00fcleymaniye<span class=\"excerpt-hellip\"> [\u2026]<\/span><\/p>\n","protected":false},"featured_media":0,"template":"","meta":{"_monsterinsights_skip_tracking":false,"_monsterinsights_sitenote_active":false,"_monsterinsights_sitenote_note":"","_monsterinsights_sitenote_category":0},"product_brand":[],"product_cat":[13072,12291],"product_tag":[],"class_list":{"0":"post-730188","1":"product","2":"type-product","3":"status-publish","5":"product_cat-arastirma-inceleme-referans","6":"product_cat-edebiyat","7":"pa_cilt-ciltli","8":"pa_tur-kitap","9":"pa_yayinevi-koc-universitesi-yayinlari","10":"pa_yazar-sami-arslan","12":"first","13":"instock","14":"sale","15":"shipping-taxable","16":"purchasable","17":"product-type-simple"},"_links":{"self":[{"href":"https:\/\/roveyayinevi.com.tr\/index.php\/wp-json\/wp\/v2\/product\/730188","targetHints":{"allow":["GET"]}}],"collection":[{"href":"https:\/\/roveyayinevi.com.tr\/index.php\/wp-json\/wp\/v2\/product"}],"about":[{"href":"https:\/\/roveyayinevi.com.tr\/index.php\/wp-json\/wp\/v2\/types\/product"}],"wp:attachment":[{"href":"https:\/\/roveyayinevi.com.tr\/index.php\/wp-json\/wp\/v2\/media?parent=730188"}],"wp:term":[{"taxonomy":"product_brand","embeddable":true,"href":"https:\/\/roveyayinevi.com.tr\/index.php\/wp-json\/wp\/v2\/product_brand?post=730188"},{"taxonomy":"product_cat","embeddable":true,"href":"https:\/\/roveyayinevi.com.tr\/index.php\/wp-json\/wp\/v2\/product_cat?post=730188"},{"taxonomy":"product_tag","embeddable":true,"href":"https:\/\/roveyayinevi.com.tr\/index.php\/wp-json\/wp\/v2\/product_tag?post=730188"}],"curies":[{"name":"wp","href":"https:\/\/api.w.org\/{rel}","templated":true}]}}