{"id":730187,"date":"2025-08-27T21:09:50","date_gmt":"2025-08-27T18:09:50","guid":{"rendered":"https:\/\/roveyayinevi.com.tr\/index.php\/urun\/bir-gunahkar-geceden-sonra-muhaberat-i-hakikiye\/"},"modified":"2026-04-16T02:37:42","modified_gmt":"2026-04-15T23:37:42","slug":"bir-gunahkar-geceden-sonra-muhaberat-i-hakikiye","status":"publish","type":"product","link":"https:\/\/roveyayinevi.com.tr\/index.php\/urun\/bir-gunahkar-geceden-sonra-muhaberat-i-hakikiye\/","title":{"rendered":"Bir G\u00fcnahkar Geceden Sonra &#8211; Muhaberat-I Hakikiye"},"content":{"rendered":"<p>Bir G\u00fcnahk\u00e2r Geceden Sonra ve Muhaberat-\u0131 Hakikiye\u2019de \u00f6zellikle kad\u0131nlar aras\u0131 dostluk ve dayan\u0131\u015fma ele al\u0131n\u0131r ve bu dostlu\u011fun kad\u0131nlar\u0131 g\u00fc\u00e7lendirebilece\u011fi gibi, aksinin kad\u0131nlar\u0131n felaketine yol a\u00e7abilece\u011fi anlat\u0131l\u0131r. Sadiye Vefik, bu arkada\u015fl\u0131\u011f\u0131, s\u0131rda\u015fl\u0131\u011f\u0131, kad\u0131nlar\u0131n birbirini yarg\u0131lamadan dinleme ihtiyac\u0131n\u0131 mektup roman bi\u00e7iminde okurlara sunuyor. 1913 y\u0131l\u0131nda kitap olarak bas\u0131lan Muhaberat-\u0131 Hakikiye\u2019nin ve 1922 y\u0131l\u0131nda Yeni \u015eark gazetesinde tefrika edilen Bir G\u00fcnahk\u00e2r Geceden Sonra\u2019n\u0131n bir arada yay\u0131mlanmas\u0131yla T\u00fcrk edebiyat\u0131n\u0131n unutulan bir kad\u0131n yazar\u0131 daha g\u00fcn y\u00fcz\u00fcne \u00e7\u0131kar\u0131l\u0131yor. <\/p>\n","protected":false},"excerpt":{"rendered":"<p>Bir G\u00fcnahk\u00e2r Geceden Sonra ve Muhaberat-\u0131 Hakikiye\u2019de \u00f6zellikle kad\u0131nlar aras\u0131 dostluk ve dayan\u0131\u015fma ele al\u0131n\u0131r ve bu dostlu\u011fun kad\u0131nlar\u0131 g\u00fc\u00e7lendirebilece\u011fi gibi, aksinin kad\u0131nlar\u0131n felaketine yol a\u00e7abilece\u011fi<span class=\"excerpt-hellip\"> [\u2026]<\/span><\/p>\n","protected":false},"featured_media":0,"template":"","meta":{"_monsterinsights_skip_tracking":false,"_monsterinsights_sitenote_active":false,"_monsterinsights_sitenote_note":"","_monsterinsights_sitenote_category":0},"product_brand":[],"product_cat":[13072,12291],"product_tag":[],"class_list":{"0":"post-730187","1":"product","2":"type-product","3":"status-publish","5":"product_cat-arastirma-inceleme-referans","6":"product_cat-edebiyat","7":"pa_cilt-ciltsiz","8":"pa_tur-kitap","9":"pa_yayinevi-koc-universitesi-yayinlari","10":"pa_yazar-sadiye-vefik","12":"first","13":"instock","14":"sale","15":"shipping-taxable","16":"purchasable","17":"product-type-simple"},"_links":{"self":[{"href":"https:\/\/roveyayinevi.com.tr\/index.php\/wp-json\/wp\/v2\/product\/730187","targetHints":{"allow":["GET"]}}],"collection":[{"href":"https:\/\/roveyayinevi.com.tr\/index.php\/wp-json\/wp\/v2\/product"}],"about":[{"href":"https:\/\/roveyayinevi.com.tr\/index.php\/wp-json\/wp\/v2\/types\/product"}],"wp:attachment":[{"href":"https:\/\/roveyayinevi.com.tr\/index.php\/wp-json\/wp\/v2\/media?parent=730187"}],"wp:term":[{"taxonomy":"product_brand","embeddable":true,"href":"https:\/\/roveyayinevi.com.tr\/index.php\/wp-json\/wp\/v2\/product_brand?post=730187"},{"taxonomy":"product_cat","embeddable":true,"href":"https:\/\/roveyayinevi.com.tr\/index.php\/wp-json\/wp\/v2\/product_cat?post=730187"},{"taxonomy":"product_tag","embeddable":true,"href":"https:\/\/roveyayinevi.com.tr\/index.php\/wp-json\/wp\/v2\/product_tag?post=730187"}],"curies":[{"name":"wp","href":"https:\/\/api.w.org\/{rel}","templated":true}]}}