{"id":730185,"date":"2025-08-27T21:09:48","date_gmt":"2025-08-27T18:09:48","guid":{"rendered":"https:\/\/roveyayinevi.com.tr\/index.php\/urun\/leylek-pom\/"},"modified":"2026-03-31T12:13:17","modified_gmt":"2026-03-31T09:13:17","slug":"leylek-pom","status":"publish","type":"product","link":"https:\/\/roveyayinevi.com.tr\/index.php\/urun\/leylek-pom\/","title":{"rendered":"Leylek Pom"},"content":{"rendered":"<p>K\u0131\u015f geliyor, havalar so\u011fuyordu. Leylekler s\u0131cak yerlere do\u011fru yola koyuldu. Leylek Pom hari\u00e7&#8230; O, yaz\u0131n yeme\u011fi biraz fazla ka\u00e7\u0131rm\u0131\u015ft\u0131. Ne kadar kanat \u00e7\u0131rparsa \u00e7\u0131rps\u0131n u\u00e7am\u0131yordu \u015fimdi. O da leyleklerin ya\u015fad\u0131\u011f\u0131 s\u0131cak \u00fclkeye y\u00fcr\u00fcyerek gitmeye karar verdi. Cem K\u0131z\u0131ltu\u011f\u2019un yaz\u0131p resimledi\u011fi bu sevimli yolculuk hik\u00e2yesi yard\u0131mla\u015fma, az\u0131c\u0131k destek ve birazc\u0131k \u00e7abayla hayatta her \u015feyin m\u00fcmk\u00fcn oldu\u011funu hat\u0131rlat\u0131yor. <\/p>\n","protected":false},"excerpt":{"rendered":"<p>K\u0131\u015f geliyor, havalar so\u011fuyordu. Leylekler s\u0131cak yerlere do\u011fru yola koyuldu. Leylek Pom hari\u00e7&#8230; O, yaz\u0131n yeme\u011fi biraz fazla ka\u00e7\u0131rm\u0131\u015ft\u0131. Ne kadar kanat \u00e7\u0131rparsa \u00e7\u0131rps\u0131n u\u00e7am\u0131yordu \u015fimdi.<span class=\"excerpt-hellip\"> [\u2026]<\/span><\/p>\n","protected":false},"featured_media":0,"template":"","meta":{"_monsterinsights_skip_tracking":false,"_monsterinsights_sitenote_active":false,"_monsterinsights_sitenote_note":"","_monsterinsights_sitenote_category":0},"product_brand":[],"product_cat":[12275,12274],"product_tag":[],"class_list":{"0":"post-730185","1":"product","2":"type-product","3":"status-publish","5":"product_cat-6-12-yas-kitaplari","6":"product_cat-cocuk-ve-genclik-kitaplari","7":"pa_cilt-ciltsiz","8":"pa_tur-kitap","9":"pa_yayinevi-yapi-kredi-yayinlari","10":"pa_yazar-cem-kiziltug","12":"first","13":"instock","14":"sale","15":"shipping-taxable","16":"purchasable","17":"product-type-simple"},"_links":{"self":[{"href":"https:\/\/roveyayinevi.com.tr\/index.php\/wp-json\/wp\/v2\/product\/730185","targetHints":{"allow":["GET"]}}],"collection":[{"href":"https:\/\/roveyayinevi.com.tr\/index.php\/wp-json\/wp\/v2\/product"}],"about":[{"href":"https:\/\/roveyayinevi.com.tr\/index.php\/wp-json\/wp\/v2\/types\/product"}],"wp:attachment":[{"href":"https:\/\/roveyayinevi.com.tr\/index.php\/wp-json\/wp\/v2\/media?parent=730185"}],"wp:term":[{"taxonomy":"product_brand","embeddable":true,"href":"https:\/\/roveyayinevi.com.tr\/index.php\/wp-json\/wp\/v2\/product_brand?post=730185"},{"taxonomy":"product_cat","embeddable":true,"href":"https:\/\/roveyayinevi.com.tr\/index.php\/wp-json\/wp\/v2\/product_cat?post=730185"},{"taxonomy":"product_tag","embeddable":true,"href":"https:\/\/roveyayinevi.com.tr\/index.php\/wp-json\/wp\/v2\/product_tag?post=730185"}],"curies":[{"name":"wp","href":"https:\/\/api.w.org\/{rel}","templated":true}]}}