{"id":730184,"date":"2025-08-27T21:09:47","date_gmt":"2025-08-27T18:09:47","guid":{"rendered":"https:\/\/roveyayinevi.com.tr\/index.php\/urun\/vay-canina-turkce-ciltli\/"},"modified":"2026-04-16T02:37:42","modified_gmt":"2026-04-15T23:37:42","slug":"vay-canina-turkce-ciltli","status":"publish","type":"product","link":"https:\/\/roveyayinevi.com.tr\/index.php\/urun\/vay-canina-turkce-ciltli\/","title":{"rendered":"Vay Can\u0131na T\u00fcrk\u00e7e (Ciltli)"},"content":{"rendered":"<p>Hece d\u00fc\u015ferse k\u0131r\u0131l\u0131r m\u0131?Yamyamca diye bir dil var m\u0131?Kim bu F\u0131st\u0131k\u00e7\u0131 \u015eahap?Kesme i\u015faretini kim kesti?\u0130sim tamlaman\u0131z k\u0131ymal\u0131 m\u0131 olsun?S\u0131fatlar ve zamirler ma\u00e7 yaparsa kim kazan\u0131r?T\u00fcrk\u00e7e hangi dil ailesinden?Yukar\u0131dan a\u015fa\u011f\u0131ya do\u011fru yaz\u0131lan yaz\u0131 olur mu?D\u00fcnyada en \u00e7ok hangi dil konu\u015fuluyor?Bilinen ilk T\u00fcrk \u015fair kimdir?\u0130nan\u0131l\u0131r gibi de\u011fil: D\u00fcnyada bir dili sadece iki ki\u015fi biliyor.\u00dcstelik bu iki ki\u015fi birbiriyle k\u00fcs.Duyduk duymad\u0131k demeyiiiiiiin!Yaz\u0131m yanl\u0131\u015flar\u0131na son.Dil Bilgisi Art\u0131k \u00c7ok Zevkli\u2026a<\/p>\n","protected":false},"excerpt":{"rendered":"<p>Hece d\u00fc\u015ferse k\u0131r\u0131l\u0131r m\u0131?Yamyamca diye bir dil var m\u0131?Kim bu F\u0131st\u0131k\u00e7\u0131 \u015eahap?Kesme i\u015faretini kim kesti?\u0130sim tamlaman\u0131z k\u0131ymal\u0131 m\u0131 olsun?S\u0131fatlar ve zamirler ma\u00e7 yaparsa kim kazan\u0131r?T\u00fcrk\u00e7e hangi<span class=\"excerpt-hellip\"> [\u2026]<\/span><\/p>\n","protected":false},"featured_media":0,"template":"","meta":{"_monsterinsights_skip_tracking":false,"_monsterinsights_sitenote_active":false,"_monsterinsights_sitenote_note":"","_monsterinsights_sitenote_category":0},"product_brand":[],"product_cat":[12913,12274],"product_tag":[],"class_list":{"0":"post-730184","1":"product","2":"type-product","3":"status-publish","5":"product_cat-3-6-yas-kitaplari","6":"product_cat-cocuk-ve-genclik-kitaplari","7":"pa_cilt-ciltli","8":"pa_tur-kitap","9":"pa_yayinevi-nesil-yayinlari","10":"pa_yazar-yusuf-asal","12":"first","13":"instock","14":"sale","15":"shipping-taxable","16":"purchasable","17":"product-type-simple"},"_links":{"self":[{"href":"https:\/\/roveyayinevi.com.tr\/index.php\/wp-json\/wp\/v2\/product\/730184","targetHints":{"allow":["GET"]}}],"collection":[{"href":"https:\/\/roveyayinevi.com.tr\/index.php\/wp-json\/wp\/v2\/product"}],"about":[{"href":"https:\/\/roveyayinevi.com.tr\/index.php\/wp-json\/wp\/v2\/types\/product"}],"wp:attachment":[{"href":"https:\/\/roveyayinevi.com.tr\/index.php\/wp-json\/wp\/v2\/media?parent=730184"}],"wp:term":[{"taxonomy":"product_brand","embeddable":true,"href":"https:\/\/roveyayinevi.com.tr\/index.php\/wp-json\/wp\/v2\/product_brand?post=730184"},{"taxonomy":"product_cat","embeddable":true,"href":"https:\/\/roveyayinevi.com.tr\/index.php\/wp-json\/wp\/v2\/product_cat?post=730184"},{"taxonomy":"product_tag","embeddable":true,"href":"https:\/\/roveyayinevi.com.tr\/index.php\/wp-json\/wp\/v2\/product_tag?post=730184"}],"curies":[{"name":"wp","href":"https:\/\/api.w.org\/{rel}","templated":true}]}}