{"id":730182,"date":"2025-08-27T21:09:46","date_gmt":"2025-08-27T18:09:46","guid":{"rendered":"https:\/\/roveyayinevi.com.tr\/index.php\/urun\/sorulamayan-sorular-ve-bozulamayan-ezberlerle-konusulmayan-erkeklik\/"},"modified":"2025-11-13T06:40:42","modified_gmt":"2025-11-13T03:40:42","slug":"sorulamayan-sorular-ve-bozulamayan-ezberlerle-konusulmayan-erkeklik","status":"publish","type":"product","link":"https:\/\/roveyayinevi.com.tr\/index.php\/urun\/sorulamayan-sorular-ve-bozulamayan-ezberlerle-konusulmayan-erkeklik\/","title":{"rendered":"Sorulamayan Sorular ve Bozulamayan Ezberlerle Konu\u015fulmayan Erkeklik"},"content":{"rendered":"<p>Prof. Dr. Saadettin Eski\u00e7orap\u00e7\u0131, \u00fcroloji ve \u00fcroonkoloji hekimli\u011fi alan\u0131nda edindi\u011fi deneyimi ve tedavi s\u00fcrecinde hastalar\u0131n\u0131n nas\u0131l hissetti\u011fine dair izlenimlerini bir araya getirerek \u201cerkekli\u011fe\u201d dair konu\u015fulamayan sorunlara \u00e7\u00f6z\u00fcm \u00f6nerileri getiriyor. Erkeklik nedir? Neden herkesin kendine g\u00f6re bir erkeklik alg\u0131s\u0131 var? Kad\u0131nlar sorunlar\u0131n\u0131 anlatmakta daha rahat ve \u00e7\u00f6z\u00fcm odakl\u0131yken erkekler konu\u015fmaktan ve \u00e7\u00f6z\u00fcm aramaktan neden ka\u00e7\u0131yor? Erke\u011fin g\u00f6revleri ve i\u015flevleri mi var? Yoksa erkek biyolojik bir mekanizma m\u0131? Prostat probleminiz mi var? Peki, prostat\u0131n ne oldu\u011funu ger\u00e7ekten biliyor musunuz? Y\u00fcz\u00fcn\u00fczde g\u00f6zlerinizin, burnunuzun ve a\u011fz\u0131n\u0131z\u0131n oldu\u011funu biliyorsunuz. Ya cinsel organlar\u0131n\u0131z\u0131n adlar\u0131n\u0131 sayabilir misiniz? Erkeklerde beden alg\u0131s\u0131 her \u015fey midir? Andropoz nedir? Andropoz ve menopoz aras\u0131nda ne gibi farklar var? \u201cAmac\u0131m \u2018erkeklik\u2019 ile ilgili yanl\u0131\u015f bilinen konular\u0131, \u00f6zellikle soru cevap \u015feklinde, \u00e7ok daha kolay anla\u015f\u0131labilir bir \u015fekilde anlatmak. Bu kitab\u0131n sadece erkekler i\u00e7in de\u011fil, \u00e7evresindeki erkekleri anlamak isteyen t\u00fcm kad\u0131nlar i\u00e7in de pratik, faydal\u0131 bilgiler i\u00e7erdi\u011fini ve konu\u015fulmayan hatta tabu say\u0131lan konular\u0131n ayd\u0131nlat\u0131ld\u0131\u011f\u0131 bir kaynak olaca\u011f\u0131n\u0131 \u00fcmit ediyorum. Bu kitab\u0131 belki erkeklerden daha \u00e7ok kad\u0131nlar okumal\u0131. Erkekler konu\u015fmaya ba\u015flayacaksa bu, kad\u0131nlar sayesinde olacak. Erkekli\u011fin konu\u015fulmayan k\u0131sm\u0131 asl\u0131nda en \u00e7ok kad\u0131nlar\u0131 etkiliyor. Bir\u00e7o\u011funuzun belki bilmedi\u011fi veya \u00fcst\u00fcnde durmad\u0131\u011f\u0131 ve ilk kez duyaca\u011f\u0131n\u0131z ger\u00e7ekleri bu kitapta anlatt\u0131m.\u201d        &#8211; Prof. Dr. Saadettin Eski\u00e7orap\u00e7\u0131<\/p>\n","protected":false},"excerpt":{"rendered":"<p>Prof. Dr. Saadettin Eski\u00e7orap\u00e7\u0131, \u00fcroloji ve \u00fcroonkoloji hekimli\u011fi alan\u0131nda edindi\u011fi deneyimi ve tedavi s\u00fcrecinde hastalar\u0131n\u0131n nas\u0131l hissetti\u011fine dair izlenimlerini bir araya getirerek \u201cerkekli\u011fe\u201d dair konu\u015fulamayan sorunlara<span class=\"excerpt-hellip\"> [\u2026]<\/span><\/p>\n","protected":false},"featured_media":0,"template":"","meta":{"_monsterinsights_skip_tracking":false,"_monsterinsights_sitenote_active":false,"_monsterinsights_sitenote_note":"","_monsterinsights_sitenote_category":0},"product_brand":[],"product_cat":[13366,13365],"product_tag":[],"class_list":{"0":"post-730182","1":"product","2":"type-product","3":"status-publish","5":"product_cat-diger-saglik","6":"product_cat-saglik","7":"pa_cilt-ciltsiz","8":"pa_tur-kitap","9":"pa_yayinevi-epsilon-yayinlari","10":"pa_yazar-saadettin-eskicorapci","12":"first","13":"instock","14":"sale","15":"shipping-taxable","16":"purchasable","17":"product-type-simple"},"_links":{"self":[{"href":"https:\/\/roveyayinevi.com.tr\/index.php\/wp-json\/wp\/v2\/product\/730182","targetHints":{"allow":["GET"]}}],"collection":[{"href":"https:\/\/roveyayinevi.com.tr\/index.php\/wp-json\/wp\/v2\/product"}],"about":[{"href":"https:\/\/roveyayinevi.com.tr\/index.php\/wp-json\/wp\/v2\/types\/product"}],"wp:attachment":[{"href":"https:\/\/roveyayinevi.com.tr\/index.php\/wp-json\/wp\/v2\/media?parent=730182"}],"wp:term":[{"taxonomy":"product_brand","embeddable":true,"href":"https:\/\/roveyayinevi.com.tr\/index.php\/wp-json\/wp\/v2\/product_brand?post=730182"},{"taxonomy":"product_cat","embeddable":true,"href":"https:\/\/roveyayinevi.com.tr\/index.php\/wp-json\/wp\/v2\/product_cat?post=730182"},{"taxonomy":"product_tag","embeddable":true,"href":"https:\/\/roveyayinevi.com.tr\/index.php\/wp-json\/wp\/v2\/product_tag?post=730182"}],"curies":[{"name":"wp","href":"https:\/\/api.w.org\/{rel}","templated":true}]}}