{"id":730181,"date":"2025-08-27T21:09:45","date_gmt":"2025-08-27T18:09:45","guid":{"rendered":"https:\/\/roveyayinevi.com.tr\/index.php\/urun\/tuhafliklar-ailesi-yollarda\/"},"modified":"2026-04-16T02:37:42","modified_gmt":"2026-04-15T23:37:42","slug":"tuhafliklar-ailesi-yollarda","status":"publish","type":"product","link":"https:\/\/roveyayinevi.com.tr\/index.php\/urun\/tuhafliklar-ailesi-yollarda\/","title":{"rendered":"Tuhafl\u0131klar Ailesi Yollarda"},"content":{"rendered":"<p>S\u0131rad\u0131\u015f\u0131 bir ailenin s\u0131rad\u0131\u015f\u0131 yolculu\u011fu&#8230;\u00dc\u00e7 \u00c7ocuk, Bir \u00d6\u011fretmen ve Unutulmaz Bir G\u00fcn adl\u0131 bol \u00f6d\u00fcll\u00fc kitab\u0131ndan tan\u0131d\u0131\u011f\u0131m\u0131z Amerikal\u0131 yazar John David Anderson&#8217;\u0131n imzas\u0131n\u0131 ta\u015f\u0131yan Tuhafl\u0131klar Ailesi Yollarda, ani bir kay\u0131p sonras\u0131 alelacele \u00e7\u0131k\u0131lan bir yolculu\u011fu, kimi zaman matrak kimi zaman g\u00f6zleri nemlendiren ama \u00e7ok\u00e7a da gizemli an(\u0131)larla bulu\u015fturan, iyile\u015ftirici bir kenetlenme \u00f6yk\u00fcs\u00fc.Farkl\u0131l\u0131klar\u0131 ve kendilerine has tuhafl\u0131klar\u0131yla dikkat \u00e7eken Tuhafo\u011flu ailesi \u00fczerinden \u201caile olma\u201d kavram\u0131n\u0131 tekrardan tan\u0131mlayan bu katmanl\u0131 roman, eksantrik tiplemeleri, \u015fa\u015f\u0131rt\u0131c\u0131 olay \u00f6rg\u00fcs\u00fc ve k\u0131vrak \u00fcslubuyla \u00fc\u00e7 ku\u015fakl\u0131k bir baba-o\u011ful ili\u015fkisine odaklan\u0131yor.Gizem dolu anlat\u0131s\u0131n\u0131, Orion Tak\u0131m Y\u0131ld\u0131z\u0131 ve g\u00f6ky\u00fcz\u00fc ile ili\u015fkilendirerek okurun merak duygusunu kabartan yazar; hi\u00e7bir \u015feyin d\u0131\u015far\u0131dan g\u00f6r\u00fcnd\u00fc\u011f\u00fc gibi olmad\u0131\u011f\u0131n\u0131 ve ger\u00e7eklerin \u00fcstesinden gelebilmek i\u00e7in daima cesur ad\u0131mlar atmak gerekti\u011fini hat\u0131rlat\u0131yor.Tuhafo\u011flu ruhunu ke\u015ffedebilmek i\u00e7in nas\u0131l bir hazine av\u0131na \u00e7\u0131kmak gerekiyor?Hayat\u0131n\u0131 ilgin\u00e7 aromal\u0131 jelibonlar \u00fcreterek kazanan kimyager bir baba, astronom bir anne, \u201cy\u00fcr\u00fcyen s\u00f6zl\u00fck\u201d tan\u0131m\u0131n\u0131n v\u00fccut bulmu\u015f h\u00e2li bir k\u0131z karde\u015f ve m\u00fczikalleri ezbere bilen bir ablas\u0131 varken Orion, Tuhafo\u011flu ailesindeki en s\u0131radan bireydir. Bir ak\u015fam, kap\u0131lar\u0131na gelen bir palya\u00e7o taraf\u0131ndan b\u00fcy\u00fckbabalar\u0131n\u0131n hayat\u0131n\u0131 kaybetti\u011fi haberini alan aile, buruk duygular e\u015fli\u011finde, ona son kez veda etmek \u00fczere apar topar yola koyulur. Ge\u00e7mi\u015fe uzanan bu gizemli yolculukta \u00e7ocuklar b\u00fcy\u00fckbabalar\u0131n\u0131, yani Tuhafo\u011flu Baba&#8217;y\u0131 daha yak\u0131ndan tan\u0131ma f\u0131rsat\u0131 bulurken, babalar\u0131 da ge\u00e7mi\u015fiyle ilgili i\u00e7sel bir yolculu\u011fa \u00e7\u0131kar. Trajikomik olaylar\u0131n pe\u015fi s\u0131ra birbirini kovalad\u0131\u011f\u0131 bu ser\u00fcven, Tuhafo\u011flu ailesini sonsuza dek de\u011fi\u015ftirmekle kalmay\u0131p, ger\u00e7eklerin ard\u0131nda yatan gizemi de a\u00e7\u0131kl\u0131\u011fa kavu\u015fturacakt\u0131r&#8230;Bir ailenin ge\u00e7mi\u015fini g\u00fcn y\u00fcz\u00fcne \u00e7\u0131karan ve gelece\u011fini yeni ba\u015ftan tayin etmesine tan\u0131kl\u0131k ettiren bu etkileyici roman, Tuhafo\u011flu ailesini ortak bir deneyim etraf\u0131nda bulu\u015fturarak e\u015fi benzerine az rastlan\u0131r bir ser\u00fcven ya\u015fat\u0131yor.Farkl\u0131l\u0131klar\u0131m\u0131z\u0131n bizleri ay\u0131rmay\u0131p aksine birle\u015ftirdi\u011fine vurgu yapan Tuhafl\u0131klar Ailesi Yollarda, aileyi bir arada tutan de\u011ferlere temas ederek mutlu ve huzurlu bir aile olman\u0131n s\u0131rlar\u0131n\u0131 payla\u015f\u0131yor.<\/p>\n","protected":false},"excerpt":{"rendered":"<p>S\u0131rad\u0131\u015f\u0131 bir ailenin s\u0131rad\u0131\u015f\u0131 yolculu\u011fu&#8230;\u00dc\u00e7 \u00c7ocuk, Bir \u00d6\u011fretmen ve Unutulmaz Bir G\u00fcn adl\u0131 bol \u00f6d\u00fcll\u00fc kitab\u0131ndan tan\u0131d\u0131\u011f\u0131m\u0131z Amerikal\u0131 yazar John David Anderson&#8217;\u0131n imzas\u0131n\u0131 ta\u015f\u0131yan Tuhafl\u0131klar Ailesi<span class=\"excerpt-hellip\"> [\u2026]<\/span><\/p>\n","protected":false},"featured_media":0,"template":"","meta":{"_monsterinsights_skip_tracking":false,"_monsterinsights_sitenote_active":false,"_monsterinsights_sitenote_note":"","_monsterinsights_sitenote_category":0},"product_brand":[],"product_cat":[12275,12274],"product_tag":[],"class_list":{"0":"post-730181","1":"product","2":"type-product","3":"status-publish","5":"product_cat-6-12-yas-kitaplari","6":"product_cat-cocuk-ve-genclik-kitaplari","7":"pa_cilt-ciltsiz","8":"pa_tur-kitap","9":"pa_yayinevi-tudem-yayinlari","10":"pa_yazar-john-david-anderson","12":"first","13":"instock","14":"sale","15":"shipping-taxable","16":"purchasable","17":"product-type-simple"},"_links":{"self":[{"href":"https:\/\/roveyayinevi.com.tr\/index.php\/wp-json\/wp\/v2\/product\/730181","targetHints":{"allow":["GET"]}}],"collection":[{"href":"https:\/\/roveyayinevi.com.tr\/index.php\/wp-json\/wp\/v2\/product"}],"about":[{"href":"https:\/\/roveyayinevi.com.tr\/index.php\/wp-json\/wp\/v2\/types\/product"}],"wp:attachment":[{"href":"https:\/\/roveyayinevi.com.tr\/index.php\/wp-json\/wp\/v2\/media?parent=730181"}],"wp:term":[{"taxonomy":"product_brand","embeddable":true,"href":"https:\/\/roveyayinevi.com.tr\/index.php\/wp-json\/wp\/v2\/product_brand?post=730181"},{"taxonomy":"product_cat","embeddable":true,"href":"https:\/\/roveyayinevi.com.tr\/index.php\/wp-json\/wp\/v2\/product_cat?post=730181"},{"taxonomy":"product_tag","embeddable":true,"href":"https:\/\/roveyayinevi.com.tr\/index.php\/wp-json\/wp\/v2\/product_tag?post=730181"}],"curies":[{"name":"wp","href":"https:\/\/api.w.org\/{rel}","templated":true}]}}