{"id":730177,"date":"2025-08-27T21:09:41","date_gmt":"2025-08-27T18:09:41","guid":{"rendered":"https:\/\/roveyayinevi.com.tr\/index.php\/urun\/cocugu-anlat-bana\/"},"modified":"2026-04-16T02:37:42","modified_gmt":"2026-04-15T23:37:42","slug":"cocugu-anlat-bana","status":"publish","type":"product","link":"https:\/\/roveyayinevi.com.tr\/index.php\/urun\/cocugu-anlat-bana\/","title":{"rendered":"\u00c7ocu\u011fu Anlat Bana"},"content":{"rendered":"<p>\u00c7ar\u0131klar\u0131n\u0131 kap\u0131da \u00e7\u0131kar\u0131p odaya giren k\u00f6yl\u00fc gibi d\u00fc\u015f\u00fcnceyi e\u015fikte b\u0131rak\u0131p yal\u0131nayak basmak ipek hal\u0131s\u0131na s\u00f6z\u00fcn \u015eiirin ne oldu\u011fu sorusuna bir yan\u0131t. Bir yan\u0131t daha. Peki nas\u0131l bir yan\u0131t Samih Rifat&#8217;\u0131nki? K\u0131saca, kendi diyor: yal\u0131nayak. Bu kitap bir yontu. Yontular\u0131n, yap\u0131lar\u0131n, do\u011fan\u0131n kar\u015f\u0131s\u0131nda kabaran hayranl\u0131kla; kocaman, nedensiz \u00e7ocukluklar\u0131n \u00f6zlemiyle, ipincecik bir dille \u00f6p\u00fcl\u00fcp koklanm\u0131\u015f. \u0130nsan\u0131 temelerinden kucaklayan handiyse eskil bir anlat\u0131. Yahu T\u00fcrk\u00e7e ne g\u00fczel dil, onun an\u0131msat\u0131yor. Kolu geni\u015f, ekini bol bir adam, \u015fimdiye dek pek \u00e7ok \u015fair&#8217;in de\u011fil, ozan&#8217;\u0131n yap\u0131t\u0131n\u0131 dilimize \u00e7evirmi\u015f bir adam kendi \u015fiirini s\u00f6yl\u00fcyor.<\/p>\n","protected":false},"excerpt":{"rendered":"<p>\u00c7ar\u0131klar\u0131n\u0131 kap\u0131da \u00e7\u0131kar\u0131p odaya giren k\u00f6yl\u00fc gibi d\u00fc\u015f\u00fcnceyi e\u015fikte b\u0131rak\u0131p yal\u0131nayak basmak ipek hal\u0131s\u0131na s\u00f6z\u00fcn \u015eiirin ne oldu\u011fu sorusuna bir yan\u0131t. Bir yan\u0131t daha. Peki nas\u0131l<span class=\"excerpt-hellip\"> [\u2026]<\/span><\/p>\n","protected":false},"featured_media":0,"template":"","meta":{"_monsterinsights_skip_tracking":false,"_monsterinsights_sitenote_active":false,"_monsterinsights_sitenote_note":"","_monsterinsights_sitenote_category":0},"product_brand":[],"product_cat":[12291,12509],"product_tag":[],"class_list":{"0":"post-730177","1":"product","2":"type-product","3":"status-publish","5":"product_cat-edebiyat","6":"product_cat-siir","7":"pa_cilt-ciltsiz","8":"pa_tur-kitap","9":"pa_yayinevi-yapi-kredi-yayinlari","10":"pa_yazar-samih-rifat","12":"first","13":"instock","14":"sale","15":"shipping-taxable","16":"purchasable","17":"product-type-simple"},"_links":{"self":[{"href":"https:\/\/roveyayinevi.com.tr\/index.php\/wp-json\/wp\/v2\/product\/730177","targetHints":{"allow":["GET"]}}],"collection":[{"href":"https:\/\/roveyayinevi.com.tr\/index.php\/wp-json\/wp\/v2\/product"}],"about":[{"href":"https:\/\/roveyayinevi.com.tr\/index.php\/wp-json\/wp\/v2\/types\/product"}],"wp:attachment":[{"href":"https:\/\/roveyayinevi.com.tr\/index.php\/wp-json\/wp\/v2\/media?parent=730177"}],"wp:term":[{"taxonomy":"product_brand","embeddable":true,"href":"https:\/\/roveyayinevi.com.tr\/index.php\/wp-json\/wp\/v2\/product_brand?post=730177"},{"taxonomy":"product_cat","embeddable":true,"href":"https:\/\/roveyayinevi.com.tr\/index.php\/wp-json\/wp\/v2\/product_cat?post=730177"},{"taxonomy":"product_tag","embeddable":true,"href":"https:\/\/roveyayinevi.com.tr\/index.php\/wp-json\/wp\/v2\/product_tag?post=730177"}],"curies":[{"name":"wp","href":"https:\/\/api.w.org\/{rel}","templated":true}]}}