{"id":730176,"date":"2025-08-27T21:09:41","date_gmt":"2025-08-27T18:09:41","guid":{"rendered":"https:\/\/roveyayinevi.com.tr\/index.php\/urun\/hayvanlardan-destek-almanin-gizemli-sanati\/"},"modified":"2026-04-08T02:46:48","modified_gmt":"2026-04-07T23:46:48","slug":"hayvanlardan-destek-almanin-gizemli-sanati","status":"publish","type":"product","link":"https:\/\/roveyayinevi.com.tr\/index.php\/urun\/hayvanlardan-destek-almanin-gizemli-sanati\/","title":{"rendered":"Hayvanlardan Destek Alman\u0131n Gizemli Sanat\u0131"},"content":{"rendered":"<p>Etraf\u0131nda bir d\u00fcnya dolusu dost varken, ya\u015fam yolunu tek ba\u015f\u0131na y\u00fcr\u00fcmeye gerek var m\u0131? Yapt\u0131\u011f\u0131n i\u015fte potansiyelinin b\u00fct\u00fcn\u00fcyle a\u00e7\u0131\u011fa \u00e7\u0131kmas\u0131n\u0131 ve elinden gelenin en iyisini mi yapmak istiyorsun? O halde i\u00e7inde g\u00f6reve \u00e7a\u011fr\u0131lmay\u0131 bekleyen ejderha arketipinin uyanma vakti gelmi\u015f demektir. Ailenle ili\u015fkilerinin kuvvetlenmesini, bir arada daha g\u00fc\u00e7l\u00fc ve mutlu oldu\u011funuz hissinin canlanmas\u0131n\u0131 m\u0131 arzu ediyorsun? Demek ki i\u00e7indeki kurtla tan\u0131\u015fmaya haz\u0131rs\u0131n art\u0131k. Kar\u015f\u0131na \u00e7\u0131kan engelleri a\u015fmakta zorland\u0131\u011f\u0131n\u0131 m\u0131 hissediyorsun? Hi\u00e7 endi\u015felenme&#8230; Filin ustal\u0131\u011f\u0131yla yapaca\u011f\u0131n i\u015fbirli\u011fi b\u00fct\u00fcn zorluklar\u0131n \u00fcstesinden gelmeni sa\u011flayacakt\u0131r. S\u0131n\u0131rlar\u0131 a\u015fmak istiyorsun ama kanatlar\u0131n\u0131n b\u00fcy\u00fckl\u00fc\u011f\u00fcnden emin de\u011fil misin? \u00dcz\u00fclme&#8230; Sen kanatlar\u0131n\u0131 a\u00e7am\u0131yorsan, b\u0131rak bunu senin i\u00e7in turna yaps\u0131n. Birlikte s\u0131n\u0131rlar\u0131 a\u015fman\u0131z \u00e7ok daha keyifli olacakt\u0131r. Kazand\u0131\u011f\u0131n\u0131n bereketi mi olsun istiyorsun? Art\u0131k kar\u0131ncan\u0131n g\u00fcc\u00fcyle tan\u0131\u015fmal\u0131s\u0131n demektir. Ustas\u0131 oldu\u011fun i\u015fte yapabilece\u011fin yeni icatlar oldu\u011funu mu d\u00fc\u015f\u00fcn\u00fcyorsun? Ustalar\u0131n en k\u0131ymetli destek\u00e7isi say\u0131lan at, iyi bir ustay\u0131 zirveye ta\u015f\u0131yacak kadar g\u00fc\u00e7l\u00fcd\u00fcr. Bir atla yol arkada\u015fl\u0131\u011f\u0131 kurmak i\u00e7in en do\u011fu zamandas\u0131nd\u0131r. Her hayvan, sahip oldu\u011fu \u00fcst\u00fcn niteliklerle d\u00f6rt elementten birinin temsilcisidir ve yine bir elementler b\u00fct\u00fcn\u00fc olan insan\u0131n bilin\u00e7alt\u0131nda t\u00fcm \u00fcst\u00fcn nitelikleriyle bulunmaya devam eder. Hangi konuda deste\u011fe ihtiyac\u0131n oldu\u011funu d\u00fc\u015f\u00fcn\u00fcyorsan sahip oldu\u011fu niteliklerle seni destekleyecek olan hayvanla yol arkada\u015fl\u0131\u011f\u0131 kurdu\u011funda i\u015fler kolayca yoluna girer. Yeter ki yard\u0131m\u0131na ihtiya\u00e7 duydu\u011fun do\u011fru hayvan\u0131 bul ve onunla nas\u0131l \u00e7al\u0131\u015fman gerekti\u011fini bil&#8230; <\/p>\n","protected":false},"excerpt":{"rendered":"<p>Etraf\u0131nda bir d\u00fcnya dolusu dost varken, ya\u015fam yolunu tek ba\u015f\u0131na y\u00fcr\u00fcmeye gerek var m\u0131? Yapt\u0131\u011f\u0131n i\u015fte potansiyelinin b\u00fct\u00fcn\u00fcyle a\u00e7\u0131\u011fa \u00e7\u0131kmas\u0131n\u0131 ve elinden gelenin en iyisini mi<span class=\"excerpt-hellip\"> [\u2026]<\/span><\/p>\n","protected":false},"featured_media":0,"template":"","meta":{"_monsterinsights_skip_tracking":false,"_monsterinsights_sitenote_active":false,"_monsterinsights_sitenote_note":"","_monsterinsights_sitenote_category":0},"product_brand":[],"product_cat":[12364,12376],"product_tag":[],"class_list":{"0":"post-730176","1":"product","2":"type-product","3":"status-publish","5":"product_cat-genel-konular","6":"product_cat-kisisel-gelisim","7":"pa_cilt-ciltsiz","8":"pa_tur-kitap","9":"pa_yayinevi-destek-yayinlari","10":"pa_yazar-cetin-cetintas","12":"first","13":"instock","14":"sale","15":"shipping-taxable","16":"purchasable","17":"product-type-simple"},"_links":{"self":[{"href":"https:\/\/roveyayinevi.com.tr\/index.php\/wp-json\/wp\/v2\/product\/730176","targetHints":{"allow":["GET"]}}],"collection":[{"href":"https:\/\/roveyayinevi.com.tr\/index.php\/wp-json\/wp\/v2\/product"}],"about":[{"href":"https:\/\/roveyayinevi.com.tr\/index.php\/wp-json\/wp\/v2\/types\/product"}],"wp:attachment":[{"href":"https:\/\/roveyayinevi.com.tr\/index.php\/wp-json\/wp\/v2\/media?parent=730176"}],"wp:term":[{"taxonomy":"product_brand","embeddable":true,"href":"https:\/\/roveyayinevi.com.tr\/index.php\/wp-json\/wp\/v2\/product_brand?post=730176"},{"taxonomy":"product_cat","embeddable":true,"href":"https:\/\/roveyayinevi.com.tr\/index.php\/wp-json\/wp\/v2\/product_cat?post=730176"},{"taxonomy":"product_tag","embeddable":true,"href":"https:\/\/roveyayinevi.com.tr\/index.php\/wp-json\/wp\/v2\/product_tag?post=730176"}],"curies":[{"name":"wp","href":"https:\/\/api.w.org\/{rel}","templated":true}]}}