{"id":730175,"date":"2025-08-27T21:09:40","date_gmt":"2025-08-27T18:09:40","guid":{"rendered":"https:\/\/roveyayinevi.com.tr\/index.php\/urun\/el-ele-manus-in-mano\/"},"modified":"2026-04-15T02:49:08","modified_gmt":"2026-04-14T23:49:08","slug":"el-ele-manus-in-mano","status":"publish","type":"product","link":"https:\/\/roveyayinevi.com.tr\/index.php\/urun\/el-ele-manus-in-mano\/","title":{"rendered":"El Ele-Manus in Mano"},"content":{"rendered":"<p>Hakikat G\u00f6r\u00fcnmeyen, Bilinemeyendir. \u201cOlaca\u011f\u0131n gibi oldun mu?\u201d \u015eayet olmad\u0131ysan, \u015fimdiye kadar bir ba\u015fkas\u0131n\u0131n hayat\u0131n\u0131 ya\u015fad\u0131n demektir. Hayat oyununda her \u015fey anlams\u0131z da olabilir, y\u00fckledi\u011fin kadar da anlaml\u0131. \u0130\u015f oyuncuda biter&#8230; Bir ke\u015fi\u015f&#8230; Bir \u015fifac\u0131&#8230; Bir yarg\u0131\u00e7&#8230; Bir u\u015fak&#8230; Bir adamla iki kad\u0131n&#8230; Kader ile karar aras\u0131nda gidip gelen adam ger\u00e7ek a\u015fk\u0131 buldu\u011funda tad\u0131n\u0131 \u00e7\u0131karacak m\u0131? Hayat\u0131na giren o \u00f6zel kad\u0131n onu ya adam edecek ya da darmaduman&#8230; Tutunacak bir insan kalmad\u0131\u011f\u0131nda, Bir\u2019inin zaten seni tutmakta oldu\u011funu hissetti\u011finde her t\u00fcr zorlu\u011fu yenmek elbette m\u00fcmk\u00fcnd\u00fcr. El ele birlikte a\u015f\u0131lamayacak engel yoktur,<\/p>\n","protected":false},"excerpt":{"rendered":"<p>Hakikat G\u00f6r\u00fcnmeyen, Bilinemeyendir. \u201cOlaca\u011f\u0131n gibi oldun mu?\u201d \u015eayet olmad\u0131ysan, \u015fimdiye kadar bir ba\u015fkas\u0131n\u0131n hayat\u0131n\u0131 ya\u015fad\u0131n demektir. Hayat oyununda her \u015fey anlams\u0131z da olabilir, y\u00fckledi\u011fin kadar da<span class=\"excerpt-hellip\"> [\u2026]<\/span><\/p>\n","protected":false},"featured_media":0,"template":"","meta":{"_monsterinsights_skip_tracking":false,"_monsterinsights_sitenote_active":false,"_monsterinsights_sitenote_note":"","_monsterinsights_sitenote_category":0},"product_brand":[],"product_cat":[12291,12711],"product_tag":[],"class_list":{"0":"post-730175","1":"product","2":"type-product","3":"status-publish","5":"product_cat-edebiyat","6":"product_cat-roman-oyku","7":"pa_cilt-ciltsiz","8":"pa_tur-kitap","9":"pa_yayinevi-destek-yayinlari","10":"pa_yazar-eddi-anter","12":"first","13":"instock","14":"sale","15":"shipping-taxable","16":"purchasable","17":"product-type-simple"},"_links":{"self":[{"href":"https:\/\/roveyayinevi.com.tr\/index.php\/wp-json\/wp\/v2\/product\/730175","targetHints":{"allow":["GET"]}}],"collection":[{"href":"https:\/\/roveyayinevi.com.tr\/index.php\/wp-json\/wp\/v2\/product"}],"about":[{"href":"https:\/\/roveyayinevi.com.tr\/index.php\/wp-json\/wp\/v2\/types\/product"}],"wp:attachment":[{"href":"https:\/\/roveyayinevi.com.tr\/index.php\/wp-json\/wp\/v2\/media?parent=730175"}],"wp:term":[{"taxonomy":"product_brand","embeddable":true,"href":"https:\/\/roveyayinevi.com.tr\/index.php\/wp-json\/wp\/v2\/product_brand?post=730175"},{"taxonomy":"product_cat","embeddable":true,"href":"https:\/\/roveyayinevi.com.tr\/index.php\/wp-json\/wp\/v2\/product_cat?post=730175"},{"taxonomy":"product_tag","embeddable":true,"href":"https:\/\/roveyayinevi.com.tr\/index.php\/wp-json\/wp\/v2\/product_tag?post=730175"}],"curies":[{"name":"wp","href":"https:\/\/api.w.org\/{rel}","templated":true}]}}