{"id":730174,"date":"2025-08-27T21:09:39","date_gmt":"2025-08-27T18:09:39","guid":{"rendered":"https:\/\/roveyayinevi.com.tr\/index.php\/urun\/tiriskadan-isler\/"},"modified":"2026-03-07T03:01:13","modified_gmt":"2026-03-07T00:01:13","slug":"tiriskadan-isler","status":"publish","type":"product","link":"https:\/\/roveyayinevi.com.tr\/index.php\/urun\/tiriskadan-isler\/","title":{"rendered":"T\u0131r\u0131\u015fkadan  \u0130\u015fler"},"content":{"rendered":"<p>D\u00fcr\u00fcst olun, yapmakta oldu\u011funuz i\u015f aniden yok olsa, hayattan bir \u015fey eksilir mi?  London School of Economics\u2019te \u00f6\u011fretim \u00fcyeli\u011fi yapm\u0131\u015f olan, antropolog ve anar\u015fist aktivist David Graeber (1961-2020), T\u0131r\u0131\u015fkadan \u0130\u015fler\u2019de, kimseye faydas\u0131 dokunmayan, hi\u00e7bir anlam\u0131 olmayan, hatta belki varl\u0131\u011f\u0131yla topluma zarar veren i\u015fleri didik didik ediyor ve bunlar\u0131n ku\u015faklar boyunca nas\u0131l katlanarak \u00e7o\u011fald\u0131\u011f\u0131n\u0131, cesurca ve sa\u011flam de\u011ferlendirmelerle ortaya koyuyor. David Graeber\u2019in, bu kitab\u0131n temelini olu\u015fturan \u201cT\u0131r\u0131\u015fkadan \u0130\u015fler \u00dczerine\u201d ba\u015fl\u0131kl\u0131 makalesi, 2013\u2019te, yay\u0131nland\u0131\u011f\u0131 an milyonlar\u0131n dikkatini \u00e7ekmi\u015fti. Bankac\u0131lardan avukatlara, ileti\u015fimcilerden sivil toplum \u00e7al\u0131\u015fanlar\u0131na hemen her sekt\u00f6rden bir\u00e7ok insan, yazara i\u00e7inde bulundu\u011fu durumu anlatmak i\u00e7in e-postalar g\u00f6ndermi\u015fti. Makalenin bu denli b\u00fcy\u00fck bir sars\u0131nt\u0131 yaratmas\u0131n\u0131n nedeni, yapmakta oldu\u011fu i\u015fin t\u0131r\u0131\u015fkadan oldu\u011funu asl\u0131nda herkesin bilmesi, dile d\u00f6k\u00fclemese de bunun i\u00e7ten i\u00e7e hissedilmesiydi. \u201cOccupy Wall Street\u201d hareketinin de \u00f6nc\u00fclerinden olan David Graeber, a\u00e7\u0131k ofislerin kuytular\u0131nda, plazalar\u0131n koridorlar\u0131nda, etraf\u0131nda olup bitenle biraz olsun ilgilenen \u00e7al\u0131\u015fanlar\u0131n birbirlerine f\u0131s\u0131ldad\u0131klar\u0131 malumu, T\u0131r\u0131\u015fkadan \u0130\u015fler\u2019de y\u00fcksek sesle ilan ediyor. Bununla da kalmayarak topluma, kamu kurumlar\u0131na, \u015firketlere ve bireylere, i\u00e7ine s\u0131k\u0131\u015ft\u0131klar\u0131 bu sistemden kurtulman\u0131n \u015fa\u015f\u0131lacak kadar basit bir yolunu da anlat\u0131yor\u2026 \u0130nsanl\u0131k, t\u0131r\u0131\u015fkadan i\u015flere mahk\u00fbm de\u011fil\u2026<\/p>\n","protected":false},"excerpt":{"rendered":"<p>D\u00fcr\u00fcst olun, yapmakta oldu\u011funuz i\u015f aniden yok olsa, hayattan bir \u015fey eksilir mi? London School of Economics\u2019te \u00f6\u011fretim \u00fcyeli\u011fi yapm\u0131\u015f olan, antropolog ve anar\u015fist aktivist David<span class=\"excerpt-hellip\"> [\u2026]<\/span><\/p>\n","protected":false},"featured_media":0,"template":"","meta":{"_monsterinsights_skip_tracking":false,"_monsterinsights_sitenote_active":false,"_monsterinsights_sitenote_note":"","_monsterinsights_sitenote_category":0},"product_brand":[],"product_cat":[13072,12291],"product_tag":[],"class_list":{"0":"post-730174","1":"product","2":"type-product","3":"status-publish","5":"product_cat-arastirma-inceleme-referans","6":"product_cat-edebiyat","7":"pa_cilt-ciltsiz","8":"pa_tur-kitap","9":"pa_yayinevi-everest-yayinlari","10":"pa_yazar-david-graeber","12":"first","13":"instock","14":"sale","15":"shipping-taxable","16":"purchasable","17":"product-type-simple"},"_links":{"self":[{"href":"https:\/\/roveyayinevi.com.tr\/index.php\/wp-json\/wp\/v2\/product\/730174","targetHints":{"allow":["GET"]}}],"collection":[{"href":"https:\/\/roveyayinevi.com.tr\/index.php\/wp-json\/wp\/v2\/product"}],"about":[{"href":"https:\/\/roveyayinevi.com.tr\/index.php\/wp-json\/wp\/v2\/types\/product"}],"wp:attachment":[{"href":"https:\/\/roveyayinevi.com.tr\/index.php\/wp-json\/wp\/v2\/media?parent=730174"}],"wp:term":[{"taxonomy":"product_brand","embeddable":true,"href":"https:\/\/roveyayinevi.com.tr\/index.php\/wp-json\/wp\/v2\/product_brand?post=730174"},{"taxonomy":"product_cat","embeddable":true,"href":"https:\/\/roveyayinevi.com.tr\/index.php\/wp-json\/wp\/v2\/product_cat?post=730174"},{"taxonomy":"product_tag","embeddable":true,"href":"https:\/\/roveyayinevi.com.tr\/index.php\/wp-json\/wp\/v2\/product_tag?post=730174"}],"curies":[{"name":"wp","href":"https:\/\/api.w.org\/{rel}","templated":true}]}}