{"id":730173,"date":"2025-08-27T21:09:38","date_gmt":"2025-08-27T18:09:38","guid":{"rendered":"https:\/\/roveyayinevi.com.tr\/index.php\/urun\/pir-sultan-abdal-gecti-dost-kervani\/"},"modified":"2026-04-16T02:37:42","modified_gmt":"2026-04-15T23:37:42","slug":"pir-sultan-abdal-gecti-dost-kervani","status":"publish","type":"product","link":"https:\/\/roveyayinevi.com.tr\/index.php\/urun\/pir-sultan-abdal-gecti-dost-kervani\/","title":{"rendered":"Pir Sultan Abdal &#8211; Ge\u00e7ti Dost Kervan\u0131"},"content":{"rendered":"<p>Pir Sultan Abdal, saz\u0131 ses oldu  ve s\u00f6z\u00fc hep \u015fiir kald\u0131. As\u0131rlard\u0131r g\u00f6n\u00fcllere dokunan bir  a\u015fk ustas\u0131, kendi halinde bir yol ehli, bir varl\u0131\u011f\u0131 mihnet etmemekte bulmu\u015f bir isyank\u00e2r\u2026 Daima \u015fair,  T\u00fcrk\u00e7e\u2019nin g\u00fcl a\u011fac\u0131\u2026 Alevi-Bekta\u015fi gelene\u011finin en \u00e7ok bilinen, tan\u0131nan, sevilen, dilden dile dola\u015fan s\u00f6z ustas\u0131. Onun \u015fiirleri, hayat\u0131 ve m\u00fccadelesi ile bir, ayn\u0131 soydan.  G\u00fcn\u00fcm\u00fczde bilinen pek \u00e7ok t\u00fcrk\u00fc, deyi\u015f, ilahi ve nefes\u2019in yarat\u0131c\u0131s\u0131. Onun s\u00f6zlerinde \u00f6nce Muhammed vard\u0131r, Ali vard\u0131r, H\u00fcseyin, F\u00e2t\u0131ma, Hasan, Ehlibeyt vard\u0131r. \u0130nanc\u0131n\u0131, ba\u015ft\u00e2c\u0131 isimlerini s\u00f6ylemekten hi\u00e7 \u00e7ekinmez. Ama sadece politik duru\u015fla s\u0131n\u0131rl\u0131 da de\u011fildir. Anadolu\u2019nun da\u011f\u0131 ta\u015f\u0131, \u00e7i\u00e7e\u011fi a\u011fac\u0131, bahar\u0131 k\u0131\u015f\u0131\u2026 S\u0131radan insan\u0131n derdi, hayat\u0131, kayg\u0131s\u0131, sevgisi, yergisi\u2026 Hepsi Pir Sultan\u2019da da vard\u0131r. Erhan \u00c7apraz\u2019\u0131n b\u00fcy\u00fck titizlikle derledi\u011fi Pir Sultan Abdal \u015fiirleri, s\u00f6zleri,  ayr\u0131nt\u0131l\u0131 bir a\u00e7\u0131klamalarla g\u00f6z dolduruyor. Dostun kervan\u0131na kat\u0131lmaya \u00e7a\u011f\u0131r\u0131yor. <\/p>\n","protected":false},"excerpt":{"rendered":"<p>Pir Sultan Abdal, saz\u0131 ses oldu ve s\u00f6z\u00fc hep \u015fiir kald\u0131. As\u0131rlard\u0131r g\u00f6n\u00fcllere dokunan bir a\u015fk ustas\u0131, kendi halinde bir yol ehli, bir varl\u0131\u011f\u0131 mihnet etmemekte<span class=\"excerpt-hellip\"> [\u2026]<\/span><\/p>\n","protected":false},"featured_media":0,"template":"","meta":{"_monsterinsights_skip_tracking":false,"_monsterinsights_sitenote_active":false,"_monsterinsights_sitenote_note":"","_monsterinsights_sitenote_category":0},"product_brand":[],"product_cat":[13575,12718,12719],"product_tag":[],"class_list":{"0":"post-730173","1":"product","2":"type-product","3":"status-publish","5":"product_cat-alevilik-bektasilik","6":"product_cat-din","7":"product_cat-islam","8":"pa_cilt-ciltsiz","9":"pa_tur-kitap","10":"pa_yayinevi-kapi-yayinlari","11":"pa_yazar-erhan-capraz","13":"first","14":"instock","15":"sale","16":"shipping-taxable","17":"purchasable","18":"product-type-simple"},"_links":{"self":[{"href":"https:\/\/roveyayinevi.com.tr\/index.php\/wp-json\/wp\/v2\/product\/730173","targetHints":{"allow":["GET"]}}],"collection":[{"href":"https:\/\/roveyayinevi.com.tr\/index.php\/wp-json\/wp\/v2\/product"}],"about":[{"href":"https:\/\/roveyayinevi.com.tr\/index.php\/wp-json\/wp\/v2\/types\/product"}],"wp:attachment":[{"href":"https:\/\/roveyayinevi.com.tr\/index.php\/wp-json\/wp\/v2\/media?parent=730173"}],"wp:term":[{"taxonomy":"product_brand","embeddable":true,"href":"https:\/\/roveyayinevi.com.tr\/index.php\/wp-json\/wp\/v2\/product_brand?post=730173"},{"taxonomy":"product_cat","embeddable":true,"href":"https:\/\/roveyayinevi.com.tr\/index.php\/wp-json\/wp\/v2\/product_cat?post=730173"},{"taxonomy":"product_tag","embeddable":true,"href":"https:\/\/roveyayinevi.com.tr\/index.php\/wp-json\/wp\/v2\/product_tag?post=730173"}],"curies":[{"name":"wp","href":"https:\/\/api.w.org\/{rel}","templated":true}]}}