{"id":730172,"date":"2025-08-27T21:09:37","date_gmt":"2025-08-27T18:09:37","guid":{"rendered":"https:\/\/roveyayinevi.com.tr\/index.php\/urun\/ataturkun-sirri-otuken\/"},"modified":"2026-04-16T02:37:42","modified_gmt":"2026-04-15T23:37:42","slug":"ataturkun-sirri-otuken","status":"publish","type":"product","link":"https:\/\/roveyayinevi.com.tr\/index.php\/urun\/ataturkun-sirri-otuken\/","title":{"rendered":"Atat\u00fcrk\u2019\u00fcn S\u0131rr\u0131 \u00d6t\u00fcken"},"content":{"rendered":"<p>Tengri&#8217;nin T\u00fcrk&#8217;e emaneti, ulu y\u0131ld\u0131z\u0131n hediyesi, kutsal \u015fehir \u00d6t\u00fcken!&#8221; Onlar, \u201cO benim milletimin y\u0131ld\u0131z\u0131d\u0131r parlayacak!\u201d hitab\u0131na mazhar olan ulu bir y\u0131ld\u0131zdan Y\u00fcce G\u00f6k\/Ar\u015f\u2019\u0131 d\u00fczenlemek i\u00e7in nefeslenmi\u015flerdi. Ulu Y\u0131ld\u0131z\u2019\u0131n s\u0131rr\u0131na erip, \u00f6z\u00fcne ula\u015fanlar\u0131n yani nefeslenenlerin \u00d6t\u00fcken \u00f6\u011fretisinde ald\u0131klar\u0131 unvan T\u00dcRK ATA idi. \u0130\u015fte o Ulu Y\u0131ld\u0131z\u2019\u0131n s\u0131rr\u0131n\u0131 bilen son isimlerden biriydi Y\u00fcce Atat\u00fcrk. Bu kitap Atat\u00fcrk\u2019\u00fcn bug\u00fcne kadar bilerek g\u00f6zlerden ka\u00e7\u0131r\u0131lan \u00d6t\u00fcken Bilinci ile hareket ederek milletine b\u0131rakt\u0131\u011f\u0131 emanetleri a\u015fik\u00e2r etmektedir. Elinizdeki kitapta: Atat\u00fcrk ismine ilham olan T\u00fcrk Ata unvan\u0131n\u0131n \u00d6t\u00fcken \u00f6\u011fretisindeki s\u0131rr\u0131n\u0131 Atat\u00fcrk taraf\u0131ndan kullan\u0131lan Kamal isminin, D\u00eev\u00e2n\u00fc Lug\u00e2ti\u2019t-T\u00fcrk\u2019te yer alan T\u00fcrk Bur\u00e7lar\u0131 ifadesiyle ili\u015fkili deruni anlam\u0131n\u0131 Atat\u00fcrk\u2019\u00fcn, Devlet Mahallesi\u2019nin mimarisine Maya harfleri ile s\u0131rlad\u0131klar\u0131n\u0131 Atat\u00fcrk taraf\u0131ndan TBMM\u2019ye emanet edilen Hilafet makam\u0131n\u0131n ger\u00e7eklerini Atat\u00fcrk\u2019\u00fcn G\u00fcne\u015f-Dil Teorisi\u2019ne ait hakikatlerinin, Kul Hoca Ahmed Yesevi\u2019nin divan\u0131ndaki mevcudiyetini \u201cMustafa Kemal ile Demir Kaz\u0131k Y\u0131ld\u0131z\u0131\u201d adl\u0131 \u015fiirin neden yaz\u0131ld\u0131\u011f\u0131n\u0131 Atat\u00fcrk\u2019\u00fcn, T\u00fcrk\u2019\u00fcn gelecek nesillerine emanet etti\u011fi Bay \u00d6nder T\u00fcrk Destan\u0131\u2019n\u0131n ilk kez a\u00e7\u0131klanan belgelerini okuyacaks\u0131n\u0131z. <\/p>\n","protected":false},"excerpt":{"rendered":"<p>Tengri&#8217;nin T\u00fcrk&#8217;e emaneti, ulu y\u0131ld\u0131z\u0131n hediyesi, kutsal \u015fehir \u00d6t\u00fcken!&#8221; Onlar, \u201cO benim milletimin y\u0131ld\u0131z\u0131d\u0131r parlayacak!\u201d hitab\u0131na mazhar olan ulu bir y\u0131ld\u0131zdan Y\u00fcce G\u00f6k\/Ar\u015f\u2019\u0131 d\u00fczenlemek i\u00e7in nefeslenmi\u015flerdi.<span class=\"excerpt-hellip\"> [\u2026]<\/span><\/p>\n","protected":false},"featured_media":0,"template":"","meta":{"_monsterinsights_skip_tracking":false,"_monsterinsights_sitenote_active":false,"_monsterinsights_sitenote_note":"","_monsterinsights_sitenote_category":0},"product_brand":[],"product_cat":[12530,12304],"product_tag":[],"class_list":{"0":"post-730172","1":"product","2":"type-product","3":"status-publish","5":"product_cat-mustafa-kemal-ataturk","6":"product_cat-tarih","7":"pa_cilt-ciltsiz","8":"pa_tur-kitap","9":"pa_yayinevi-destek-yayinlari","10":"pa_yazar-baran-aydin","12":"first","13":"instock","14":"sale","15":"shipping-taxable","16":"purchasable","17":"product-type-simple"},"_links":{"self":[{"href":"https:\/\/roveyayinevi.com.tr\/index.php\/wp-json\/wp\/v2\/product\/730172","targetHints":{"allow":["GET"]}}],"collection":[{"href":"https:\/\/roveyayinevi.com.tr\/index.php\/wp-json\/wp\/v2\/product"}],"about":[{"href":"https:\/\/roveyayinevi.com.tr\/index.php\/wp-json\/wp\/v2\/types\/product"}],"wp:attachment":[{"href":"https:\/\/roveyayinevi.com.tr\/index.php\/wp-json\/wp\/v2\/media?parent=730172"}],"wp:term":[{"taxonomy":"product_brand","embeddable":true,"href":"https:\/\/roveyayinevi.com.tr\/index.php\/wp-json\/wp\/v2\/product_brand?post=730172"},{"taxonomy":"product_cat","embeddable":true,"href":"https:\/\/roveyayinevi.com.tr\/index.php\/wp-json\/wp\/v2\/product_cat?post=730172"},{"taxonomy":"product_tag","embeddable":true,"href":"https:\/\/roveyayinevi.com.tr\/index.php\/wp-json\/wp\/v2\/product_tag?post=730172"}],"curies":[{"name":"wp","href":"https:\/\/api.w.org\/{rel}","templated":true}]}}