{"id":730171,"date":"2025-08-27T21:09:36","date_gmt":"2025-08-27T18:09:36","guid":{"rendered":"https:\/\/roveyayinevi.com.tr\/index.php\/urun\/gozumun-nuru\/"},"modified":"2026-04-16T02:37:42","modified_gmt":"2026-04-15T23:37:42","slug":"gozumun-nuru","status":"publish","type":"product","link":"https:\/\/roveyayinevi.com.tr\/index.php\/urun\/gozumun-nuru\/","title":{"rendered":"G\u00f6z\u00fcm\u00fcn Nuru"},"content":{"rendered":"<p>NAMAZA BA\u015eLA D\u00fcnyay\u0131 bo\u015fla., Namaza ba\u015fla&#8230; \u015eeytan\u0131 ta\u015fla. Namaza ba\u015fla..   Nefsini ha\u015fla. Namaza ba\u015fla&#8230;   Bulu\u011f o ya\u015fla, Namaza ba\u015fla&#8230;   Can arkada\u015fla, Namaza ba\u015fla..   Ve kan karda\u015fla, Namaza ba\u015fla..<\/p>\n","protected":false},"excerpt":{"rendered":"<p>NAMAZA BA\u015eLA D\u00fcnyay\u0131 bo\u015fla., Namaza ba\u015fla&#8230; \u015eeytan\u0131 ta\u015fla. Namaza ba\u015fla.. Nefsini ha\u015fla. Namaza ba\u015fla&#8230; Bulu\u011f o ya\u015fla, Namaza ba\u015fla&#8230; Can arkada\u015fla, Namaza ba\u015fla.. Ve kan karda\u015fla,<span class=\"excerpt-hellip\"> [\u2026]<\/span><\/p>\n","protected":false},"featured_media":0,"template":"","meta":{"_monsterinsights_skip_tracking":false,"_monsterinsights_sitenote_active":false,"_monsterinsights_sitenote_note":"","_monsterinsights_sitenote_category":0},"product_brand":[],"product_cat":[12291,12509],"product_tag":[],"class_list":{"0":"post-730171","1":"product","2":"type-product","3":"status-publish","5":"product_cat-edebiyat","6":"product_cat-siir","7":"pa_cilt-ciltsiz","8":"pa_tur-kitap","9":"pa_yayinevi-gulnar-yayinlari","10":"pa_yazar-nureddin-pala","12":"first","13":"instock","14":"sale","15":"shipping-taxable","16":"purchasable","17":"product-type-simple"},"_links":{"self":[{"href":"https:\/\/roveyayinevi.com.tr\/index.php\/wp-json\/wp\/v2\/product\/730171","targetHints":{"allow":["GET"]}}],"collection":[{"href":"https:\/\/roveyayinevi.com.tr\/index.php\/wp-json\/wp\/v2\/product"}],"about":[{"href":"https:\/\/roveyayinevi.com.tr\/index.php\/wp-json\/wp\/v2\/types\/product"}],"wp:attachment":[{"href":"https:\/\/roveyayinevi.com.tr\/index.php\/wp-json\/wp\/v2\/media?parent=730171"}],"wp:term":[{"taxonomy":"product_brand","embeddable":true,"href":"https:\/\/roveyayinevi.com.tr\/index.php\/wp-json\/wp\/v2\/product_brand?post=730171"},{"taxonomy":"product_cat","embeddable":true,"href":"https:\/\/roveyayinevi.com.tr\/index.php\/wp-json\/wp\/v2\/product_cat?post=730171"},{"taxonomy":"product_tag","embeddable":true,"href":"https:\/\/roveyayinevi.com.tr\/index.php\/wp-json\/wp\/v2\/product_tag?post=730171"}],"curies":[{"name":"wp","href":"https:\/\/api.w.org\/{rel}","templated":true}]}}