{"id":730167,"date":"2025-08-27T21:09:32","date_gmt":"2025-08-27T18:09:32","guid":{"rendered":"https:\/\/roveyayinevi.com.tr\/index.php\/urun\/elanin-maskesi-ciltli\/"},"modified":"2026-04-16T02:37:42","modified_gmt":"2026-04-15T23:37:42","slug":"elanin-maskesi-ciltli","status":"publish","type":"product","link":"https:\/\/roveyayinevi.com.tr\/index.php\/urun\/elanin-maskesi-ciltli\/","title":{"rendered":"Ela&#8217;n\u0131n Maskesi (Ciltli)"},"content":{"rendered":"<p>Ela\u2019n\u0131n Maskesi, tan\u0131nm\u0131\u015f bir bilim insan\u0131 olan \u0130laria Capua\u2019n\u0131n, \u00e7ocuklara vir\u00fcs\u00fcn ne oldu\u011funu ve onunla nas\u0131l ba\u015fa \u00e7\u0131k\u0131laca\u011f\u0131n\u0131 a\u00e7\u0131klad\u0131\u011f\u0131 bir oyun kitab\u0131d\u0131r. Bir \u00e7ocu\u011fun vir\u00fcsle hayali kar\u015f\u0131la\u015fma hik\u00e2yesini anlatan kitapta, \u00e7ok say\u0131da bilimsel i\u00e7erikli pencere bulunmaktad\u0131r. Kitab\u0131n amac\u0131, oynayarak \u00f6\u011frenmek, korkmadan anlamak ve gelecekteki acil durumlara kar\u015f\u0131 haz\u0131rl\u0131kl\u0131 olabilmektir.<\/p>\n","protected":false},"excerpt":{"rendered":"<p>Ela\u2019n\u0131n Maskesi, tan\u0131nm\u0131\u015f bir bilim insan\u0131 olan \u0130laria Capua\u2019n\u0131n, \u00e7ocuklara vir\u00fcs\u00fcn ne oldu\u011funu ve onunla nas\u0131l ba\u015fa \u00e7\u0131k\u0131laca\u011f\u0131n\u0131 a\u00e7\u0131klad\u0131\u011f\u0131 bir oyun kitab\u0131d\u0131r. Bir \u00e7ocu\u011fun vir\u00fcsle hayali<span class=\"excerpt-hellip\"> [\u2026]<\/span><\/p>\n","protected":false},"featured_media":0,"template":"","meta":{"_monsterinsights_skip_tracking":false,"_monsterinsights_sitenote_active":false,"_monsterinsights_sitenote_note":"","_monsterinsights_sitenote_category":0},"product_brand":[],"product_cat":[13829,12274],"product_tag":[],"class_list":{"0":"post-730167","1":"product","2":"type-product","3":"status-publish","5":"product_cat-bilimsel-kitaplar","6":"product_cat-cocuk-ve-genclik-kitaplari","7":"pa_cilt-ciltli","8":"pa_tur-kitap","9":"pa_yayinevi-potikare-yayincilik","10":"pa_yazar-ilaria-capua","12":"first","13":"instock","14":"sale","15":"shipping-taxable","16":"purchasable","17":"product-type-simple"},"_links":{"self":[{"href":"https:\/\/roveyayinevi.com.tr\/index.php\/wp-json\/wp\/v2\/product\/730167","targetHints":{"allow":["GET"]}}],"collection":[{"href":"https:\/\/roveyayinevi.com.tr\/index.php\/wp-json\/wp\/v2\/product"}],"about":[{"href":"https:\/\/roveyayinevi.com.tr\/index.php\/wp-json\/wp\/v2\/types\/product"}],"wp:attachment":[{"href":"https:\/\/roveyayinevi.com.tr\/index.php\/wp-json\/wp\/v2\/media?parent=730167"}],"wp:term":[{"taxonomy":"product_brand","embeddable":true,"href":"https:\/\/roveyayinevi.com.tr\/index.php\/wp-json\/wp\/v2\/product_brand?post=730167"},{"taxonomy":"product_cat","embeddable":true,"href":"https:\/\/roveyayinevi.com.tr\/index.php\/wp-json\/wp\/v2\/product_cat?post=730167"},{"taxonomy":"product_tag","embeddable":true,"href":"https:\/\/roveyayinevi.com.tr\/index.php\/wp-json\/wp\/v2\/product_tag?post=730167"}],"curies":[{"name":"wp","href":"https:\/\/api.w.org\/{rel}","templated":true}]}}