{"id":730166,"date":"2025-08-27T21:09:31","date_gmt":"2025-08-27T18:09:31","guid":{"rendered":"https:\/\/roveyayinevi.com.tr\/index.php\/urun\/evereste-nasil-tirmanilir\/"},"modified":"2026-04-16T02:37:42","modified_gmt":"2026-04-15T23:37:42","slug":"evereste-nasil-tirmanilir","status":"publish","type":"product","link":"https:\/\/roveyayinevi.com.tr\/index.php\/urun\/evereste-nasil-tirmanilir\/","title":{"rendered":"Everest&#8217;e Nas\u0131l T\u0131rman\u0131l\u0131r?"},"content":{"rendered":"<p>Kutuhal\u2019in bir hayali var: D\u00fcnyan\u0131n en y\u00fcksek da\u011f\u0131 Everest\u2019e t\u0131rmanmak! Ancak ba\u015faramayaca\u011f\u0131n\u0131 d\u00fc\u015f\u00fcn\u00fcyor. Arkada\u015flar\u0131 da \u201cYapamazs\u0131n!\u201d dedik\u00e7e hevesi k\u0131r\u0131l\u0131yor. Bu nedenle mutsuz, kafas\u0131 kar\u0131\u015f\u0131k ve gergin. Ta ki En Kalbi Tav\u015fan\u2019la kar\u015f\u0131la\u015fana dek. O, Kutuhal\u2019e ayna tutuyor. B\u00f6ylece bir yolculuk ba\u015fl\u0131yor. Fark\u0131ndal\u0131kla \u00fczerine olan bu \u00f6yk\u00fcm\u00fcz\u00fc, Tu\u011fba Can yazd\u0131 ve Cansu Din\u00e7 resimledi.  <\/p>\n","protected":false},"excerpt":{"rendered":"<p>Kutuhal\u2019in bir hayali var: D\u00fcnyan\u0131n en y\u00fcksek da\u011f\u0131 Everest\u2019e t\u0131rmanmak! Ancak ba\u015faramayaca\u011f\u0131n\u0131 d\u00fc\u015f\u00fcn\u00fcyor. Arkada\u015flar\u0131 da \u201cYapamazs\u0131n!\u201d dedik\u00e7e hevesi k\u0131r\u0131l\u0131yor. Bu nedenle mutsuz, kafas\u0131 kar\u0131\u015f\u0131k ve gergin.<span class=\"excerpt-hellip\"> [\u2026]<\/span><\/p>\n","protected":false},"featured_media":0,"template":"","meta":{"_monsterinsights_skip_tracking":false,"_monsterinsights_sitenote_active":false,"_monsterinsights_sitenote_note":"","_monsterinsights_sitenote_category":0},"product_brand":[],"product_cat":[12274,12284],"product_tag":[],"class_list":{"0":"post-730166","1":"product","2":"type-product","3":"status-publish","5":"product_cat-cocuk-ve-genclik-kitaplari","6":"product_cat-hikayeler","7":"pa_cilt-ciltsiz","8":"pa_tur-kitap","9":"pa_yayinevi-potikare-yayincilik","10":"pa_yazar-tugba-can","12":"first","13":"instock","14":"sale","15":"shipping-taxable","16":"purchasable","17":"product-type-simple"},"_links":{"self":[{"href":"https:\/\/roveyayinevi.com.tr\/index.php\/wp-json\/wp\/v2\/product\/730166","targetHints":{"allow":["GET"]}}],"collection":[{"href":"https:\/\/roveyayinevi.com.tr\/index.php\/wp-json\/wp\/v2\/product"}],"about":[{"href":"https:\/\/roveyayinevi.com.tr\/index.php\/wp-json\/wp\/v2\/types\/product"}],"wp:attachment":[{"href":"https:\/\/roveyayinevi.com.tr\/index.php\/wp-json\/wp\/v2\/media?parent=730166"}],"wp:term":[{"taxonomy":"product_brand","embeddable":true,"href":"https:\/\/roveyayinevi.com.tr\/index.php\/wp-json\/wp\/v2\/product_brand?post=730166"},{"taxonomy":"product_cat","embeddable":true,"href":"https:\/\/roveyayinevi.com.tr\/index.php\/wp-json\/wp\/v2\/product_cat?post=730166"},{"taxonomy":"product_tag","embeddable":true,"href":"https:\/\/roveyayinevi.com.tr\/index.php\/wp-json\/wp\/v2\/product_tag?post=730166"}],"curies":[{"name":"wp","href":"https:\/\/api.w.org\/{rel}","templated":true}]}}