{"id":730164,"date":"2025-08-27T21:09:29","date_gmt":"2025-08-27T18:09:29","guid":{"rendered":"https:\/\/roveyayinevi.com.tr\/index.php\/urun\/dedemin-zaman-kapsulu\/"},"modified":"2026-04-16T02:37:42","modified_gmt":"2026-04-15T23:37:42","slug":"dedemin-zaman-kapsulu","status":"publish","type":"product","link":"https:\/\/roveyayinevi.com.tr\/index.php\/urun\/dedemin-zaman-kapsulu\/","title":{"rendered":"Dedemin Zaman Kaps\u00fcl\u00fc"},"content":{"rendered":"<p>Mita ve Gizemli \u0130nci ile \u00e7ok sevilen Elif \u00d6zmenek \u00c7arm\u0131kl\u0131\u2019dan ku\u015faklar aras\u0131 ileti\u015fim \u00fczerine yepyeni bir kitap. Benzersiz eski y\u0131llara gidilsin, \u015fifreler \u00e7\u00f6z\u00fcls\u00fcn, bug\u00fcn\u00fcn k\u00fc\u00e7\u00fck mutluluklar\u0131 \u00e7o\u011fals\u0131n\u2026Sinem ba\u015fka bir gezegenden mektuplar almaya ba\u015flar. Bu mektuplar, insan k\u0131l\u0131\u011f\u0131ndaki dinozorlardan bahsetmekte, Sinem\u2019e kimi g\u00f6revler vermektedir.Mektuplar zamanla \u00e7o\u011fal\u0131r. Sinem bu dinozorlar\u0131 bulmal\u0131 ve bir zaman kaps\u00fcl\u00fc haz\u0131rlamal\u0131d\u0131r. Ama \u00f6nce baz\u0131 \u015fifreleri \u00e7\u00f6zmesi gerekmektedir.Sevgili Sinem,Ben Timbuki. Timranya gezegenindenim. Kendi gezegenimde ya\u015f\u0131m yetmi\u015f alt\u0131 ama bizden binlerce \u0131\u015f\u0131k y\u0131l\u0131 geride olan sizin gezegeninizde senin ya\u015f\u0131nda say\u0131labilirim. Buras\u0131 minicik ama g\u00fczel bir gezegen. Asl\u0131nda her zaman b\u00f6yle de\u011fildi. Y\u0131llar \u00f6nce daha b\u00fcy\u00fckt\u00fc. Zamanla k\u00fc\u00e7\u00fclmeye ba\u015flad\u0131. Buralar\u0131 s\u0131k\u0131c\u0131 bulup ba\u015fka gezegenlere gidenler oldu. Sonunda bu gezegende \u00e7ok az ki\u015fi kald\u0131. Kalanlar\u0131n tamam\u0131 insan k\u0131l\u0131\u011f\u0131ndaki dinozorlar. Evet, do\u011fru duydun. Burada insan k\u0131l\u0131\u011f\u0131nda dinozorlar ya\u015f\u0131yor art\u0131k. O y\u00fczden de soylar\u0131 giderek t\u00fckeniyor. Amac\u0131m, senin de yard\u0131m\u0131nla bir &#8211;..\/.-\/&#8211;\/.-\/-.\/-.-\/.-\/.&#8211;.\/\u2026\/..-\/.-..\/..-  haz\u0131rlayarak, insan dinozorlar\u0131n tamamen unutulup gitmesini engellemek. Bunu ancak senin yard\u0131m\u0131nla ba\u015farabilirim. Sizin gezegeninizde de insan k\u0131l\u0131\u011f\u0131nda dinozorlar ya\u015f\u0131yor. \u0130lk i\u015fin onlar\u0131 tespit etmek. &#8211;..\/ .-\/&#8211;\/.-\/-.\/-.-\/.-\/.&#8211;.\/\u2026\/..-\/.-..\/..- i\u00e7in gerekli e\u015fyalar\u0131 onlarda bulacaks\u0131n. Bu arada, dinozor olduklar\u0131n\u0131 bildi\u011fini onlara asla hissettirmemelisin. Nas\u0131l m\u0131 tespit edeceksin dinozorlar\u0131? Mesela etraf\u0131ndakilere ilk olarak \u201cEvinde -\/.\/.-..\/.\/..-.\/&#8212;\/-.\/.-.\/.\/\u2026.\/-\u2026\/.\/.-.\/.. olan biri var m\u0131?\u201d diye sorarak ba\u015flayabilirsin. Varsa bil ki o bir insan dinozor. Senin bu i\u015fi ba\u015farabilece\u011fine inanc\u0131m sonsuz. En k\u0131sa zamanda tekrar yazaca\u011f\u0131m.Sevgiler,Timbuki<\/p>\n","protected":false},"excerpt":{"rendered":"<p>Mita ve Gizemli \u0130nci ile \u00e7ok sevilen Elif \u00d6zmenek \u00c7arm\u0131kl\u0131\u2019dan ku\u015faklar aras\u0131 ileti\u015fim \u00fczerine yepyeni bir kitap. Benzersiz eski y\u0131llara gidilsin, \u015fifreler \u00e7\u00f6z\u00fcls\u00fcn, bug\u00fcn\u00fcn k\u00fc\u00e7\u00fck mutluluklar\u0131<span class=\"excerpt-hellip\"> [\u2026]<\/span><\/p>\n","protected":false},"featured_media":0,"template":"","meta":{"_monsterinsights_skip_tracking":false,"_monsterinsights_sitenote_active":false,"_monsterinsights_sitenote_note":"","_monsterinsights_sitenote_category":0},"product_brand":[],"product_cat":[12274,12284],"product_tag":[],"class_list":{"0":"post-730164","1":"product","2":"type-product","3":"status-publish","5":"product_cat-cocuk-ve-genclik-kitaplari","6":"product_cat-hikayeler","7":"pa_cilt-ciltsiz","8":"pa_tur-kitap","9":"pa_yayinevi-turta-kitap","10":"pa_yazar-elif-ozmenek-carmikli","12":"first","13":"instock","14":"sale","15":"shipping-taxable","16":"purchasable","17":"product-type-simple"},"_links":{"self":[{"href":"https:\/\/roveyayinevi.com.tr\/index.php\/wp-json\/wp\/v2\/product\/730164","targetHints":{"allow":["GET"]}}],"collection":[{"href":"https:\/\/roveyayinevi.com.tr\/index.php\/wp-json\/wp\/v2\/product"}],"about":[{"href":"https:\/\/roveyayinevi.com.tr\/index.php\/wp-json\/wp\/v2\/types\/product"}],"wp:attachment":[{"href":"https:\/\/roveyayinevi.com.tr\/index.php\/wp-json\/wp\/v2\/media?parent=730164"}],"wp:term":[{"taxonomy":"product_brand","embeddable":true,"href":"https:\/\/roveyayinevi.com.tr\/index.php\/wp-json\/wp\/v2\/product_brand?post=730164"},{"taxonomy":"product_cat","embeddable":true,"href":"https:\/\/roveyayinevi.com.tr\/index.php\/wp-json\/wp\/v2\/product_cat?post=730164"},{"taxonomy":"product_tag","embeddable":true,"href":"https:\/\/roveyayinevi.com.tr\/index.php\/wp-json\/wp\/v2\/product_tag?post=730164"}],"curies":[{"name":"wp","href":"https:\/\/api.w.org\/{rel}","templated":true}]}}