{"id":730160,"date":"2025-08-27T21:09:25","date_gmt":"2025-08-27T18:09:25","guid":{"rendered":"https:\/\/roveyayinevi.com.tr\/index.php\/urun\/klasiklerle-tanisiyorum-cocuk-kalbi\/"},"modified":"2026-04-16T02:37:42","modified_gmt":"2026-04-15T23:37:42","slug":"klasiklerle-tanisiyorum-cocuk-kalbi","status":"publish","type":"product","link":"https:\/\/roveyayinevi.com.tr\/index.php\/urun\/klasiklerle-tanisiyorum-cocuk-kalbi\/","title":{"rendered":"Klasiklerle Tan\u0131\u015f\u0131yorum &#8211; \u00c7ocuk Kalbi"},"content":{"rendered":"<p>Edebiyat\u0131n sevilen klasikleriyle ilk bulu\u015fma&#8230; \u00dc\u00e7\u00fcnc\u00fc s\u0131n\u0131fa ge\u00e7en Enrico\u2019yu yeni bir \u00f6\u011fretmen ve maceralarla dolu bir okul y\u0131l\u0131 bekliyor. Enrico\u2019nun bu sene \u00f6\u011frenecekleri aras\u0131nda sadece dersler de\u011fil; d\u00fcr\u00fcstl\u00fck, fedak\u00e2rl\u0131k, iyilik, yard\u0131mla\u015fma ve arkada\u015fl\u0131\u011f\u0131n de\u011feri de var. D\u00fcnya edebiyat\u0131n\u0131n sevilen klasiklerinden \u00c7ocuk Kalbi reng\u00e2renk \u00e7izimler e\u015fli\u011finde ak\u0131c\u0131 bir anlat\u0131mla hayat buluyor. Klasiklerle Tan\u0131\u015f\u0131yorum serisi d\u00fcnya edebiyat\u0131n\u0131n tan\u0131nm\u0131\u015f eserlerini gen\u00e7 okurlara y\u00f6nelik bir anlat\u0131m ve tasar\u0131mla yeniden yorumluyor. <\/p>\n","protected":false},"excerpt":{"rendered":"<p>Edebiyat\u0131n sevilen klasikleriyle ilk bulu\u015fma&#8230; \u00dc\u00e7\u00fcnc\u00fc s\u0131n\u0131fa ge\u00e7en Enrico\u2019yu yeni bir \u00f6\u011fretmen ve maceralarla dolu bir okul y\u0131l\u0131 bekliyor. Enrico\u2019nun bu sene \u00f6\u011frenecekleri aras\u0131nda sadece dersler<span class=\"excerpt-hellip\"> [\u2026]<\/span><\/p>\n","protected":false},"featured_media":0,"template":"","meta":{"_monsterinsights_skip_tracking":false,"_monsterinsights_sitenote_active":false,"_monsterinsights_sitenote_note":"","_monsterinsights_sitenote_category":0},"product_brand":[],"product_cat":[12275,12274],"product_tag":[],"class_list":{"0":"post-730160","1":"product","2":"type-product","3":"status-publish","5":"product_cat-6-12-yas-kitaplari","6":"product_cat-cocuk-ve-genclik-kitaplari","7":"pa_cilt-ciltsiz","8":"pa_tur-kitap","9":"pa_yayinevi-dogan-egmont-yayincilik","10":"pa_yazar-dogan-egmont-yayincilik-kolektif","12":"first","13":"instock","14":"sale","15":"shipping-taxable","16":"purchasable","17":"product-type-simple"},"_links":{"self":[{"href":"https:\/\/roveyayinevi.com.tr\/index.php\/wp-json\/wp\/v2\/product\/730160","targetHints":{"allow":["GET"]}}],"collection":[{"href":"https:\/\/roveyayinevi.com.tr\/index.php\/wp-json\/wp\/v2\/product"}],"about":[{"href":"https:\/\/roveyayinevi.com.tr\/index.php\/wp-json\/wp\/v2\/types\/product"}],"wp:attachment":[{"href":"https:\/\/roveyayinevi.com.tr\/index.php\/wp-json\/wp\/v2\/media?parent=730160"}],"wp:term":[{"taxonomy":"product_brand","embeddable":true,"href":"https:\/\/roveyayinevi.com.tr\/index.php\/wp-json\/wp\/v2\/product_brand?post=730160"},{"taxonomy":"product_cat","embeddable":true,"href":"https:\/\/roveyayinevi.com.tr\/index.php\/wp-json\/wp\/v2\/product_cat?post=730160"},{"taxonomy":"product_tag","embeddable":true,"href":"https:\/\/roveyayinevi.com.tr\/index.php\/wp-json\/wp\/v2\/product_tag?post=730160"}],"curies":[{"name":"wp","href":"https:\/\/api.w.org\/{rel}","templated":true}]}}