{"id":730158,"date":"2025-08-27T21:09:24","date_gmt":"2025-08-27T18:09:24","guid":{"rendered":"https:\/\/roveyayinevi.com.tr\/index.php\/urun\/kundalini-yoga-psikolojisi\/"},"modified":"2026-04-16T02:37:41","modified_gmt":"2026-04-15T23:37:41","slug":"kundalini-yoga-psikolojisi","status":"publish","type":"product","link":"https:\/\/roveyayinevi.com.tr\/index.php\/urun\/kundalini-yoga-psikolojisi\/","title":{"rendered":"Kundalini Yoga Psikolojisi"},"content":{"rendered":"<p>1932 y\u0131l\u0131nda Z\u00fcrih\u2019teki Psikoloji Kul\u00fcb\u00fcnde Kundalini Yoga \u00fczerine verilen bu seminerler, Bat\u0131 k\u00fclt\u00fcr\u00fcn\u00fcn Do\u011fu k\u00fclt\u00fcr\u00fcne bak\u0131\u015f\u0131 konusunda bir d\u00f6n\u00fcm noktas\u0131 olarak g\u00f6r\u00fcl\u00fcr. Avrupa-merkezcili\u011fin zirve d\u00f6nemini ya\u015fad\u0131\u011f\u0131 bir devirde Jung, \u00e7o\u011fu entelekt\u00fcel \u00e7evrede geri ve hatta ilkel g\u00f6r\u00fclen Do\u011fu d\u00fc\u015f\u00fcncesini psikolojik a\u00e7\u0131lardan anlamaya ve i\u00e7 tecr\u00fcbedeki simgesel d\u00f6n\u00fc\u015f\u00fcmleri kavramaya \u00e7al\u0131\u015f\u0131r. Kundalini Yoga, y\u00fcksek bir bilincin geli\u015fim a\u015famalar\u0131 i\u00e7in bir modeldir. Jung da buradaki simgeleri bireyle\u015fme s\u00fcreci dahilinde yorumlar.<\/p>\n","protected":false},"excerpt":{"rendered":"<p>1932 y\u0131l\u0131nda Z\u00fcrih\u2019teki Psikoloji Kul\u00fcb\u00fcnde Kundalini Yoga \u00fczerine verilen bu seminerler, Bat\u0131 k\u00fclt\u00fcr\u00fcn\u00fcn Do\u011fu k\u00fclt\u00fcr\u00fcne bak\u0131\u015f\u0131 konusunda bir d\u00f6n\u00fcm noktas\u0131 olarak g\u00f6r\u00fcl\u00fcr. Avrupa-merkezcili\u011fin zirve d\u00f6nemini ya\u015fad\u0131\u011f\u0131<span class=\"excerpt-hellip\"> [\u2026]<\/span><\/p>\n","protected":false},"featured_media":0,"template":"","meta":{"_monsterinsights_skip_tracking":false,"_monsterinsights_sitenote_active":false,"_monsterinsights_sitenote_note":"","_monsterinsights_sitenote_category":0},"product_brand":[],"product_cat":[12358,12357],"product_tag":[],"class_list":{"0":"post-730158","1":"product","2":"type-product","3":"status-publish","5":"product_cat-genel-psikoloji","6":"product_cat-psikoloji","7":"pa_cilt-ciltsiz","8":"pa_tur-kitap","9":"pa_yayinevi-pinhan-yayincilik","10":"pa_yazar-carl-gustav-jung","12":"first","13":"instock","14":"sale","15":"shipping-taxable","16":"purchasable","17":"product-type-simple"},"_links":{"self":[{"href":"https:\/\/roveyayinevi.com.tr\/index.php\/wp-json\/wp\/v2\/product\/730158","targetHints":{"allow":["GET"]}}],"collection":[{"href":"https:\/\/roveyayinevi.com.tr\/index.php\/wp-json\/wp\/v2\/product"}],"about":[{"href":"https:\/\/roveyayinevi.com.tr\/index.php\/wp-json\/wp\/v2\/types\/product"}],"wp:attachment":[{"href":"https:\/\/roveyayinevi.com.tr\/index.php\/wp-json\/wp\/v2\/media?parent=730158"}],"wp:term":[{"taxonomy":"product_brand","embeddable":true,"href":"https:\/\/roveyayinevi.com.tr\/index.php\/wp-json\/wp\/v2\/product_brand?post=730158"},{"taxonomy":"product_cat","embeddable":true,"href":"https:\/\/roveyayinevi.com.tr\/index.php\/wp-json\/wp\/v2\/product_cat?post=730158"},{"taxonomy":"product_tag","embeddable":true,"href":"https:\/\/roveyayinevi.com.tr\/index.php\/wp-json\/wp\/v2\/product_tag?post=730158"}],"curies":[{"name":"wp","href":"https:\/\/api.w.org\/{rel}","templated":true}]}}