{"id":730152,"date":"2025-08-27T21:09:18","date_gmt":"2025-08-27T18:09:18","guid":{"rendered":"https:\/\/roveyayinevi.com.tr\/index.php\/urun\/refikanin-mutfagi\/"},"modified":"2026-03-05T03:00:17","modified_gmt":"2026-03-05T00:00:17","slug":"refikanin-mutfagi","status":"publish","type":"product","link":"https:\/\/roveyayinevi.com.tr\/index.php\/urun\/refikanin-mutfagi\/","title":{"rendered":"Refika\u2019n\u0131n Mutfa\u011f\u0131"},"content":{"rendered":"<p>Yemek yapmaya yeni ba\u015flayanlar\u0131n ad\u0131m ad\u0131m takip edebilecekleri, yeni ev kuranlar\u0131n mutfak d\u00fczeni ile ilgili pek \u00e7ok \u015fey \u00f6\u011frenebilecekleri, mutfakta g\u00f6z\u00fc kapal\u0131 yemek yapanlar\u0131n bile  \u201cAaa bu daha \u00f6nce hi\u00e7 akl\u0131ma gelmemi\u015fti!\u201d diyebilecekleri, haz\u0131rlamas\u0131 kolay,  tad\u0131 nefis ve bizim malzemelerimizle \u00fcretilmi\u015f yepyeni yemekler\u2026  Benim d\u00fcnyamda hazza d\u00f6n\u00fc\u015fen bir tada ula\u015fmak; iyi malzemelerin, keyifli bir mutfakta,  kolay ve akan tariflerle haz\u0131rlanmas\u0131 ve kendilerine uygun \u00f6zg\u00fcn sunumlar\u0131yla m\u00fcmk\u00fcn.  Bu nedenle bu kitap sadece tariflerden de\u011fil bunlar\u0131 kapsayan d\u00f6rt ana b\u00f6l\u00fcmden olu\u015fuyor. Kaday\u0131ftan Mant\u0131, Yufkadan T\u00fcrk Su\u015fisi gibi yapmas\u0131 \u00e7ok kolay ve  tad\u0131 nefis tariflerle kar\u0131\u015f\u0131la\u015facaks\u0131n\u0131z. Yeni \u0130stanbul\u2019da g\u00fczel insanlarla dolu, lezzetli sofralarda, bol bol muhabbetler\u2026   This book reflects my great passion to come up with delicious new recipes and easy-to-master methods that build on the marvels of traditional Turkish cuisine and add  a contemporary flair. It presents an alternative way of modern living that both honors  traditional ingredients and experiments with novel possibilities. In my world good food is a combination of fresh, quality ingredients, intelligent  preparation, attractive recipes and presentation that appeals to all of our five senses.  The book is correspondingly divided into chapters starting out in local markets and  ending on the table with presentation. From rolling colorful Turkish sushi out of fresh yufka, or using angelhair kadayif to  make delicate dumplings, I hope this book both surprises and delights you. Living in Istanbul is truly a privilege, and sometimes even a fairytale.  New Istanbul style cooking offers a very contemporary journey into  the layered soul of this ancient city. Enjoy! <\/p>\n","protected":false},"excerpt":{"rendered":"<p>Yemek yapmaya yeni ba\u015flayanlar\u0131n ad\u0131m ad\u0131m takip edebilecekleri, yeni ev kuranlar\u0131n mutfak d\u00fczeni ile ilgili pek \u00e7ok \u015fey \u00f6\u011frenebilecekleri, mutfakta g\u00f6z\u00fc kapal\u0131 yemek yapanlar\u0131n bile \u201cAaa<span class=\"excerpt-hellip\"> [\u2026]<\/span><\/p>\n","protected":false},"featured_media":0,"template":"","meta":{"_monsterinsights_skip_tracking":false,"_monsterinsights_sitenote_active":false,"_monsterinsights_sitenote_note":"","_monsterinsights_sitenote_category":0},"product_brand":[],"product_cat":[22706,12457],"product_tag":[],"class_list":{"0":"post-730152","1":"product","2":"type-product","3":"status-publish","5":"product_cat-dunya-mutfagi","6":"product_cat-yemek-kitaplari","7":"pa_cilt-ciltsiz","8":"pa_tur-kitap","9":"pa_yayinevi-alfa-yayinlari","10":"pa_yazar-refika-birgul","12":"first","13":"instock","14":"sale","15":"shipping-taxable","16":"purchasable","17":"product-type-simple"},"_links":{"self":[{"href":"https:\/\/roveyayinevi.com.tr\/index.php\/wp-json\/wp\/v2\/product\/730152","targetHints":{"allow":["GET"]}}],"collection":[{"href":"https:\/\/roveyayinevi.com.tr\/index.php\/wp-json\/wp\/v2\/product"}],"about":[{"href":"https:\/\/roveyayinevi.com.tr\/index.php\/wp-json\/wp\/v2\/types\/product"}],"wp:attachment":[{"href":"https:\/\/roveyayinevi.com.tr\/index.php\/wp-json\/wp\/v2\/media?parent=730152"}],"wp:term":[{"taxonomy":"product_brand","embeddable":true,"href":"https:\/\/roveyayinevi.com.tr\/index.php\/wp-json\/wp\/v2\/product_brand?post=730152"},{"taxonomy":"product_cat","embeddable":true,"href":"https:\/\/roveyayinevi.com.tr\/index.php\/wp-json\/wp\/v2\/product_cat?post=730152"},{"taxonomy":"product_tag","embeddable":true,"href":"https:\/\/roveyayinevi.com.tr\/index.php\/wp-json\/wp\/v2\/product_tag?post=730152"}],"curies":[{"name":"wp","href":"https:\/\/api.w.org\/{rel}","templated":true}]}}