{"id":730148,"date":"2025-08-27T21:09:14","date_gmt":"2025-08-27T18:09:14","guid":{"rendered":"https:\/\/roveyayinevi.com.tr\/index.php\/urun\/yilan-ve-guvercin-ciltli\/"},"modified":"2026-04-16T02:37:41","modified_gmt":"2026-04-15T23:37:41","slug":"yilan-ve-guvercin-ciltli","status":"publish","type":"product","link":"https:\/\/roveyayinevi.com.tr\/index.php\/urun\/yilan-ve-guvercin-ciltli\/","title":{"rendered":"Y\u0131lan ve G\u00fcvercin (Ciltli)"},"content":{"rendered":"<p>Cad\u0131 ile cad\u0131 avc\u0131s\u0131 kutsal evlilik ba\u011f\u0131yla birle\u015ftiklerinde hik\u00e2ye tek bir \u015fekilde bitebilir A\u015eK ve ATE\u015e     Louise le Blanc ba\u011fl\u0131 oldu\u011fu cad\u0131lar meclisinden iki y\u0131l \u00f6nce ka\u00e7\u0131p Cesarine \u015fehrinin g\u00f6lgelerine gizlenmi\u015fti. Cad\u0131lar\u0131n avlan\u0131p yak\u0131ld\u0131\u011f\u0131 bu \u015fehirde b\u00fcy\u00fcs\u00fcn\u00fc kullanmaya cesaret edemese de yetenekli bir h\u0131rs\u0131z olarak b\u0131\u00e7ak s\u0131rt\u0131nda y\u00fcr\u00fcyordu.   Cad\u0131 avc\u0131s\u0131 Reid Diggory\u2019nin ise hayattaki tek ideali k\u00f6t\u00fcl\u00fc\u011f\u00fc yery\u00fcz\u00fcnden silmekti. Fakat kaderin hain bir oyunu y\u00fcz\u00fcnden Lou ile Reid evlenmek zorunda kald\u0131klar\u0131nda, zamanla aralar\u0131nda karanl\u0131k s\u0131rlardan ba\u015fka \u015feyler de filizlenecekti.   Y\u00fczy\u0131llard\u0131r s\u00fcren sava\u015f son kurban\u0131n\u0131 bekliyor.       2019 Amazon Y\u0131l\u0131n En \u0130yi Kitab\u0131 New Yok Times ve Indiebound \u00c7oksatan\u0131     \u201cMuhte\u015fem bir \u00e7\u0131k\u0131\u015f roman\u0131, i\u00e7inde sevdi\u011fim her \u015fey var: I\u015eIK SA\u00c7AN ve ger\u00e7eklerin fark\u0131nda bir KADIN KAHRAMAN, karma\u015f\u0131k ve \u00f6l\u00fcmc\u00fcl bir B\u00dcY\u00dc sistemi ve gece ge\u00e7 saatlere kadar okumam\u0131 sa\u011flayan, i\u00e7 yakan bir a\u015fk. Y\u0131lan ve G\u00fcvercin kesinlikle M\u00dcCEVHER de\u011ferinde bir kitap.\u201d \u2014Sarah J. Maas   \u201cShelby Mahurin, cad\u0131 ile cad\u0131 avc\u0131s\u0131 konseptini al\u0131p yepyeni bir atmosferde sunuyor. Lou\u2019nun g\u00fc\u00e7l\u00fc ama h\u00fcz\u00fcnl\u00fc karakteri sayesinde sayfalar\u0131n aras\u0131nda kaybolacaks\u0131n\u0131z.\u201d \u2014School Library Journal <\/p>\n","protected":false},"excerpt":{"rendered":"<p>Cad\u0131 ile cad\u0131 avc\u0131s\u0131 kutsal evlilik ba\u011f\u0131yla birle\u015ftiklerinde hik\u00e2ye tek bir \u015fekilde bitebilir A\u015eK ve ATE\u015e Louise le Blanc ba\u011fl\u0131 oldu\u011fu cad\u0131lar meclisinden iki y\u0131l \u00f6nce<span class=\"excerpt-hellip\"> [\u2026]<\/span><\/p>\n","protected":false},"featured_media":0,"template":"","meta":{"_monsterinsights_skip_tracking":false,"_monsterinsights_sitenote_active":false,"_monsterinsights_sitenote_note":"","_monsterinsights_sitenote_category":0},"product_brand":[],"product_cat":[12291,14777],"product_tag":[],"class_list":{"0":"post-730148","1":"product","2":"type-product","3":"status-publish","5":"product_cat-edebiyat","6":"product_cat-fantastik","7":"pa_cilt-ciltli","8":"pa_tur-kitap","9":"pa_yayinevi-yabanci-yayinevi","10":"pa_yazar-shelby-mahurin","12":"first","13":"instock","14":"sale","15":"shipping-taxable","16":"purchasable","17":"product-type-simple"},"_links":{"self":[{"href":"https:\/\/roveyayinevi.com.tr\/index.php\/wp-json\/wp\/v2\/product\/730148","targetHints":{"allow":["GET"]}}],"collection":[{"href":"https:\/\/roveyayinevi.com.tr\/index.php\/wp-json\/wp\/v2\/product"}],"about":[{"href":"https:\/\/roveyayinevi.com.tr\/index.php\/wp-json\/wp\/v2\/types\/product"}],"wp:attachment":[{"href":"https:\/\/roveyayinevi.com.tr\/index.php\/wp-json\/wp\/v2\/media?parent=730148"}],"wp:term":[{"taxonomy":"product_brand","embeddable":true,"href":"https:\/\/roveyayinevi.com.tr\/index.php\/wp-json\/wp\/v2\/product_brand?post=730148"},{"taxonomy":"product_cat","embeddable":true,"href":"https:\/\/roveyayinevi.com.tr\/index.php\/wp-json\/wp\/v2\/product_cat?post=730148"},{"taxonomy":"product_tag","embeddable":true,"href":"https:\/\/roveyayinevi.com.tr\/index.php\/wp-json\/wp\/v2\/product_tag?post=730148"}],"curies":[{"name":"wp","href":"https:\/\/api.w.org\/{rel}","templated":true}]}}