{"id":730147,"date":"2025-08-27T21:09:13","date_gmt":"2025-08-27T18:09:13","guid":{"rendered":"https:\/\/roveyayinevi.com.tr\/index.php\/urun\/gel\/"},"modified":"2026-04-05T02:45:30","modified_gmt":"2026-04-04T23:45:30","slug":"gel","status":"publish","type":"product","link":"https:\/\/roveyayinevi.com.tr\/index.php\/urun\/gel\/","title":{"rendered":"Gel"},"content":{"rendered":"<p>\u015eu anda bu kitap elinizdeyse, bunu evrenden gelen bir i\u015faret olarak g\u00f6r\u00fcn ve baz\u0131 olumsuz inan\u00e7lardan, engellerden kurtulman\u0131z i\u00e7in art\u0131k desteklendi\u011finizi, duygusal, enerjik ve fiziksel bedeninizi iyile\u015ftirebilece\u011finizi hat\u0131rlay\u0131n. Bu kitap sizi ve yak\u0131nlar\u0131n\u0131z\u0131 manen iyile\u015ftirecek pratik \u00e7al\u0131\u015fmalarla dolu. \u015eimdi yaralar\u0131n\u0131z\u0131 sarma zaman\u0131&#8230; \u201cY\u0131llarca kendimden ka\u00e7mak i\u00e7in t\u00fcrl\u00fc maskeler edinmi\u015fim. Bug\u00fcn ise kendimi bulmaya \u00e7al\u0131\u015f\u0131yorum. Kendimi arama \u00f6yk\u00fcm y\u0131llarca s\u00fcrd\u00fc ve h\u00e2l\u00e2 devam etmekte. Bug\u00fcn benim gibi kendi \u00f6z\u00fcnden uzakla\u015fm\u0131\u015f ne istedi\u011fini ve neyi sevdi\u011fini unutmu\u015f, ba\u015fkalar\u0131n\u0131n belirledi\u011fi g\u00f6recelere g\u00f6re hayatlar\u0131n\u0131 devam ettiren bir s\u00fcr\u00fc insan ve mutsuz hik\u00e2ye var. Ben kendimi karanl\u0131ktayken buldum. Kay\u0131plar\u0131m\u0131n, hastal\u0131klar\u0131m\u0131n, yitirdi\u011fim onca \u015feyin \u00fczerine h\u00e2l\u00e2 hayattay\u0131m ve nefes alabiliyorum. San\u0131r\u0131m \u201cVar Olan Her \u015eeyin Yarat\u0131c\u0131s\u0131\u201d bana art\u0131k h\u0131zl\u0131 bir bi\u00e7imde \u00f6d\u00fcllerini sunuyor ya da ben nas\u0131l isteyece\u011fimi \u00f6\u011frendi\u011fim i\u00e7in bir\u00e7ok \u015fey h\u0131zl\u0131ca iyile\u015fmeye ba\u015flad\u0131. Sen de nas\u0131l yapaca\u011f\u0131n\u0131 bilmek ister misin?\u201d diyor yazar Sezen Tatl\u0131 ve ekliyor; Evrendeki sonsuz \u015fifadan ve huzurdan bahsediyorum, haydi \u00f6yleyse GEL\u2026 <\/p>\n","protected":false},"excerpt":{"rendered":"<p>\u015eu anda bu kitap elinizdeyse, bunu evrenden gelen bir i\u015faret olarak g\u00f6r\u00fcn ve baz\u0131 olumsuz inan\u00e7lardan, engellerden kurtulman\u0131z i\u00e7in art\u0131k desteklendi\u011finizi, duygusal, enerjik ve fiziksel bedeninizi<span class=\"excerpt-hellip\"> [\u2026]<\/span><\/p>\n","protected":false},"featured_media":0,"template":"","meta":{"_monsterinsights_skip_tracking":false,"_monsterinsights_sitenote_active":false,"_monsterinsights_sitenote_note":"","_monsterinsights_sitenote_category":0},"product_brand":[],"product_cat":[12364,12376],"product_tag":[],"class_list":{"0":"post-730147","1":"product","2":"type-product","3":"status-publish","5":"product_cat-genel-konular","6":"product_cat-kisisel-gelisim","7":"pa_cilt-ciltsiz","8":"pa_tur-kitap","9":"pa_yayinevi-muptela-yayinevi","10":"pa_yazar-sezen-tatli","12":"first","13":"instock","14":"sale","15":"shipping-taxable","16":"purchasable","17":"product-type-simple"},"_links":{"self":[{"href":"https:\/\/roveyayinevi.com.tr\/index.php\/wp-json\/wp\/v2\/product\/730147","targetHints":{"allow":["GET"]}}],"collection":[{"href":"https:\/\/roveyayinevi.com.tr\/index.php\/wp-json\/wp\/v2\/product"}],"about":[{"href":"https:\/\/roveyayinevi.com.tr\/index.php\/wp-json\/wp\/v2\/types\/product"}],"wp:attachment":[{"href":"https:\/\/roveyayinevi.com.tr\/index.php\/wp-json\/wp\/v2\/media?parent=730147"}],"wp:term":[{"taxonomy":"product_brand","embeddable":true,"href":"https:\/\/roveyayinevi.com.tr\/index.php\/wp-json\/wp\/v2\/product_brand?post=730147"},{"taxonomy":"product_cat","embeddable":true,"href":"https:\/\/roveyayinevi.com.tr\/index.php\/wp-json\/wp\/v2\/product_cat?post=730147"},{"taxonomy":"product_tag","embeddable":true,"href":"https:\/\/roveyayinevi.com.tr\/index.php\/wp-json\/wp\/v2\/product_tag?post=730147"}],"curies":[{"name":"wp","href":"https:\/\/api.w.org\/{rel}","templated":true}]}}