{"id":730146,"date":"2025-08-27T21:09:12","date_gmt":"2025-08-27T18:09:12","guid":{"rendered":"https:\/\/roveyayinevi.com.tr\/index.php\/urun\/daha-once-olmus-muyduk\/"},"modified":"2026-04-16T02:37:41","modified_gmt":"2026-04-15T23:37:41","slug":"daha-once-olmus-muyduk","status":"publish","type":"product","link":"https:\/\/roveyayinevi.com.tr\/index.php\/urun\/daha-once-olmus-muyduk\/","title":{"rendered":"Daha \u00d6nce \u00d6lm\u00fc\u015f M\u00fcyd\u00fck?"},"content":{"rendered":"<p>i\u00e7inden ge\u00e7irip de s\u00f6yleyemedi\u011fin a\u011fa\u00e7lar var &#8211; utanc\u0131n bu i\u00e7inden ge\u00e7irip de sevemedi\u011fin insanlar: \u015fehirler: otob\u00fcs biletleri ben \u015farap dediysem sen onu a\u011fustos anla hani do\u011fum g\u00fcn\u00fc hani g\u00fcndo\u011fumu eli kolu ba\u011fl\u0131 bir ada insan\u0131n yalan s\u00f6yleyen birileri olmal\u0131 hayat\u0131nda <\/p>\n","protected":false},"excerpt":{"rendered":"<p>i\u00e7inden ge\u00e7irip de s\u00f6yleyemedi\u011fin a\u011fa\u00e7lar var &#8211; utanc\u0131n bu i\u00e7inden ge\u00e7irip de sevemedi\u011fin insanlar: \u015fehirler: otob\u00fcs biletleri ben \u015farap dediysem sen onu a\u011fustos anla hani do\u011fum<span class=\"excerpt-hellip\"> [\u2026]<\/span><\/p>\n","protected":false},"featured_media":0,"template":"","meta":{"_monsterinsights_skip_tracking":false,"_monsterinsights_sitenote_active":false,"_monsterinsights_sitenote_note":"","_monsterinsights_sitenote_category":0},"product_brand":[],"product_cat":[12291,12509],"product_tag":[],"class_list":{"0":"post-730146","1":"product","2":"type-product","3":"status-publish","5":"product_cat-edebiyat","6":"product_cat-siir","7":"pa_cilt-ciltsiz","8":"pa_tur-kitap","9":"pa_yayinevi-ithaki-yayinlari","10":"pa_yazar-anil-cihan","12":"first","13":"instock","14":"sale","15":"shipping-taxable","16":"purchasable","17":"product-type-simple"},"_links":{"self":[{"href":"https:\/\/roveyayinevi.com.tr\/index.php\/wp-json\/wp\/v2\/product\/730146","targetHints":{"allow":["GET"]}}],"collection":[{"href":"https:\/\/roveyayinevi.com.tr\/index.php\/wp-json\/wp\/v2\/product"}],"about":[{"href":"https:\/\/roveyayinevi.com.tr\/index.php\/wp-json\/wp\/v2\/types\/product"}],"wp:attachment":[{"href":"https:\/\/roveyayinevi.com.tr\/index.php\/wp-json\/wp\/v2\/media?parent=730146"}],"wp:term":[{"taxonomy":"product_brand","embeddable":true,"href":"https:\/\/roveyayinevi.com.tr\/index.php\/wp-json\/wp\/v2\/product_brand?post=730146"},{"taxonomy":"product_cat","embeddable":true,"href":"https:\/\/roveyayinevi.com.tr\/index.php\/wp-json\/wp\/v2\/product_cat?post=730146"},{"taxonomy":"product_tag","embeddable":true,"href":"https:\/\/roveyayinevi.com.tr\/index.php\/wp-json\/wp\/v2\/product_tag?post=730146"}],"curies":[{"name":"wp","href":"https:\/\/api.w.org\/{rel}","templated":true}]}}