{"id":730145,"date":"2025-08-27T21:09:11","date_gmt":"2025-08-27T18:09:11","guid":{"rendered":"https:\/\/roveyayinevi.com.tr\/index.php\/urun\/yahya-kemalle\/"},"modified":"2026-04-16T02:37:41","modified_gmt":"2026-04-15T23:37:41","slug":"yahya-kemalle","status":"publish","type":"product","link":"https:\/\/roveyayinevi.com.tr\/index.php\/urun\/yahya-kemalle\/","title":{"rendered":"Yahya Kemal\u2019le"},"content":{"rendered":"<p>Osmanl\u0131 imparatorlu\u011fun \u00e7\u00f6k\u00fc\u015f\u00fcne ve Cumhuriyetin kurulu\u015funa \u015fahitlik etmi\u015f bir hayat\u2026 Kendi tabiriyle k\u00f6k\u00fc mazide olan bir ati\u2026 \u0130stanbul\u2019a kendini \u201cT\u00fcrk \u015fiirinin bir k\u00f6\u015fesinde, k\u0131rk sene bir vehme kap\u0131larak \u00e7al\u0131\u015fm\u0131\u015f bir i\u015f\u00e7i\u201d olarak g\u00f6ren bir \u015fairin g\u00f6z\u00fcnden \u015fahit olmak ve onun lisan\u0131yla \u0130stanbul\u2019u dinlemek\u2026Mehmet Samsak\u00e7\u0131 hem Yahya Kemal\u2019in eserlerinden hem de onun hakk\u0131nda bugu\u0308ne kadar ortaya konulmu\u015f olan muhtelif \u00e7al\u0131\u015fmalardan damla damla su\u0308zerek tamamen kendine has bir y\u00f6ntemle in\u015fa etti\u011fi bu kitab\u0131nda, \u015fimdi ile ge\u00e7mi\u015f aras\u0131ndaki mesafeyi ad\u0131m ad\u0131m silerken okuyucunun muhayyilesinde gittik\u00e7e belirginle\u015fen farkl\u0131 ve \u00f6zgu\u0308n bir Yahya Kemal imgesi canland\u0131r\u0131yor&#8230;<\/p>\n","protected":false},"excerpt":{"rendered":"<p>Osmanl\u0131 imparatorlu\u011fun \u00e7\u00f6k\u00fc\u015f\u00fcne ve Cumhuriyetin kurulu\u015funa \u015fahitlik etmi\u015f bir hayat\u2026 Kendi tabiriyle k\u00f6k\u00fc mazide olan bir ati\u2026 \u0130stanbul\u2019a kendini \u201cT\u00fcrk \u015fiirinin bir k\u00f6\u015fesinde, k\u0131rk sene bir<span class=\"excerpt-hellip\"> [\u2026]<\/span><\/p>\n","protected":false},"featured_media":0,"template":"","meta":{"_monsterinsights_skip_tracking":false,"_monsterinsights_sitenote_active":false,"_monsterinsights_sitenote_note":"","_monsterinsights_sitenote_category":0},"product_brand":[],"product_cat":[14009,12291],"product_tag":[],"class_list":{"0":"post-730145","1":"product","2":"type-product","3":"status-publish","5":"product_cat-biyografi-otobiyografi-edebiyat","6":"product_cat-edebiyat","7":"pa_cilt-ciltsiz","8":"pa_tur-kitap","9":"pa_yayinevi-erdem-yayinlari","10":"pa_yazar-mehmet-samsakci","12":"first","13":"instock","14":"sale","15":"shipping-taxable","16":"purchasable","17":"product-type-simple"},"_links":{"self":[{"href":"https:\/\/roveyayinevi.com.tr\/index.php\/wp-json\/wp\/v2\/product\/730145","targetHints":{"allow":["GET"]}}],"collection":[{"href":"https:\/\/roveyayinevi.com.tr\/index.php\/wp-json\/wp\/v2\/product"}],"about":[{"href":"https:\/\/roveyayinevi.com.tr\/index.php\/wp-json\/wp\/v2\/types\/product"}],"wp:attachment":[{"href":"https:\/\/roveyayinevi.com.tr\/index.php\/wp-json\/wp\/v2\/media?parent=730145"}],"wp:term":[{"taxonomy":"product_brand","embeddable":true,"href":"https:\/\/roveyayinevi.com.tr\/index.php\/wp-json\/wp\/v2\/product_brand?post=730145"},{"taxonomy":"product_cat","embeddable":true,"href":"https:\/\/roveyayinevi.com.tr\/index.php\/wp-json\/wp\/v2\/product_cat?post=730145"},{"taxonomy":"product_tag","embeddable":true,"href":"https:\/\/roveyayinevi.com.tr\/index.php\/wp-json\/wp\/v2\/product_tag?post=730145"}],"curies":[{"name":"wp","href":"https:\/\/api.w.org\/{rel}","templated":true}]}}