{"id":730142,"date":"2025-08-27T21:09:09","date_gmt":"2025-08-27T18:09:09","guid":{"rendered":"https:\/\/roveyayinevi.com.tr\/index.php\/urun\/lutfu\/"},"modified":"2026-04-16T02:37:41","modified_gmt":"2026-04-15T23:37:41","slug":"lutfu","status":"publish","type":"product","link":"https:\/\/roveyayinevi.com.tr\/index.php\/urun\/lutfu\/","title":{"rendered":"L\u00fctf\u00fc"},"content":{"rendered":"<p>Var ya, uzaktan \u00e7ok matrak g\u00f6r\u00fcn\u00fcyoruz!\u015eimdi ben sana L\u00fctf\u00fc\u2019y\u00fc nas\u0131l anlatsam, bilemedim? \u00c7ocu\u011fun i\u015flerinde bi\u2019terslik var karde\u015fim. Ters geliyor baz\u0131 \u015feyler yi\u011fidime aslan\u0131ma lakin, kuzu kuzu kuzu kuzu kuzu kuzu yap\u0131yor. Beyaz kartal\u0131ndan indi de k\u0131z pe\u015fine d\u00fc\u015ft\u00fc desem, beyaz kartal Amerikan simgesi derler de b\u00fcy\u00fck resme g\u00f6merler bizimkini. Arabesk dinler, vegan restoran\u0131nda kaybolur. Brokolinin yan\u0131na da demli \u00e7ay gitmez ki karde\u015fim! \u00c7ok sesli ba\u011f\u0131r\u0131r sevdas\u0131n\u0131 amma sesi k\u00f6t\u00fc ne yaps\u0131n? Az biraz avertad\u0131r. Az biraz sa\u011fdan, az biraz soldan. Felsefe yapar vesveseye kap\u0131l\u0131r. Desise yapar hadisede \u00e7ak\u0131l\u0131r. Rakkase oynat\u0131r elbiseye tak\u0131l\u0131r. Medrese yapar penc\u00fcse de s\u0131k\u0131l\u0131r. Lakin sevmiyorlar bu devirde g\u00fczeli genc\u00fcse karde\u015fim, L\u00fctf\u00fc ne yaps\u0131n?\u00dc\u00e7 harfli ka\u00e7t\u0131 bizim o\u011flan\u0131n i\u00e7ine. \u00dc\u00e7\u00fc birden ka\u00e7t\u0131. L\u00fctf\u00fc durdu durdu \u00fc\u00e7 harflilerden mi oldu? Art\u0131k o kadar\u0131n\u0131 da siz okuyun.Diyece\u011fim o ki o k\u0131rm\u0131z\u0131 davul f\u0131r\u0131na \u00e7arpmayacakt\u0131 aya\u011f\u0131n\u0131.O k\u00fc\u00e7\u00fck ser\u00e7e parmak ki ne ac\u0131r, ne ac\u0131r\u2026<\/p>\n","protected":false},"excerpt":{"rendered":"<p>Var ya, uzaktan \u00e7ok matrak g\u00f6r\u00fcn\u00fcyoruz!\u015eimdi ben sana L\u00fctf\u00fc\u2019y\u00fc nas\u0131l anlatsam, bilemedim? \u00c7ocu\u011fun i\u015flerinde bi\u2019terslik var karde\u015fim. Ters geliyor baz\u0131 \u015feyler yi\u011fidime aslan\u0131ma lakin, kuzu kuzu<span class=\"excerpt-hellip\"> [\u2026]<\/span><\/p>\n","protected":false},"featured_media":0,"template":"","meta":{"_monsterinsights_skip_tracking":false,"_monsterinsights_sitenote_active":false,"_monsterinsights_sitenote_note":"","_monsterinsights_sitenote_category":0},"product_brand":[],"product_cat":[12291,14825],"product_tag":[],"class_list":{"0":"post-730142","1":"product","2":"type-product","3":"status-publish","5":"product_cat-edebiyat","6":"product_cat-mizah","7":"pa_cilt-ciltsiz","8":"pa_tur-kitap","9":"pa_yayinevi-erdem-yayinlari","10":"pa_yazar-fahrettin-eren-dinler","12":"first","13":"instock","14":"sale","15":"shipping-taxable","16":"purchasable","17":"product-type-simple"},"_links":{"self":[{"href":"https:\/\/roveyayinevi.com.tr\/index.php\/wp-json\/wp\/v2\/product\/730142","targetHints":{"allow":["GET"]}}],"collection":[{"href":"https:\/\/roveyayinevi.com.tr\/index.php\/wp-json\/wp\/v2\/product"}],"about":[{"href":"https:\/\/roveyayinevi.com.tr\/index.php\/wp-json\/wp\/v2\/types\/product"}],"wp:attachment":[{"href":"https:\/\/roveyayinevi.com.tr\/index.php\/wp-json\/wp\/v2\/media?parent=730142"}],"wp:term":[{"taxonomy":"product_brand","embeddable":true,"href":"https:\/\/roveyayinevi.com.tr\/index.php\/wp-json\/wp\/v2\/product_brand?post=730142"},{"taxonomy":"product_cat","embeddable":true,"href":"https:\/\/roveyayinevi.com.tr\/index.php\/wp-json\/wp\/v2\/product_cat?post=730142"},{"taxonomy":"product_tag","embeddable":true,"href":"https:\/\/roveyayinevi.com.tr\/index.php\/wp-json\/wp\/v2\/product_tag?post=730142"}],"curies":[{"name":"wp","href":"https:\/\/api.w.org\/{rel}","templated":true}]}}