{"id":730140,"date":"2025-08-27T21:09:07","date_gmt":"2025-08-27T18:09:07","guid":{"rendered":"https:\/\/roveyayinevi.com.tr\/index.php\/urun\/iyi-anne-baba-olma-kilavuzu\/"},"modified":"2026-04-16T02:37:41","modified_gmt":"2026-04-15T23:37:41","slug":"iyi-anne-baba-olma-kilavuzu","status":"publish","type":"product","link":"https:\/\/roveyayinevi.com.tr\/index.php\/urun\/iyi-anne-baba-olma-kilavuzu\/","title":{"rendered":"\u0130yi Anne Baba Olma K\u0131lavuzu"},"content":{"rendered":"<p>Aile olma s\u00fcrecini yeniden ele alan Serap Buharal\u0131, anne ve babaya yol g\u00f6steren \u0130yi Anne Baba Olma K\u0131lavuzu kitab\u0131n\u0131 sizlere sunuyor. Birey olarak kendimizi ger\u00e7ekle\u015ftirmeye ba\u015flad\u0131\u011f\u0131m\u0131z andan ba\u015farabildiklerimiz ve ba\u015faramad\u0131klar\u0131m\u0131za; evlilik ad\u0131m\u0131 ataca\u011f\u0131m\u0131z ki\u015fi ile ili\u015fkilerimizi anlamland\u0131r\u0131p hamilelik s\u00fcrecini anla\u015f\u0131l\u0131r k\u0131lmaya; insan ili\u015fkilerimizi g\u00fc\u00e7lendirip 21. y\u00fczy\u0131l\u0131n getirilerine ayak uydurmaya kadar pek \u00e7ok konuya de\u011finilen kitap, bir k\u0131lavuz olma \u00f6zelli\u011fini ta\u015f\u0131yor.<\/p>\n","protected":false},"excerpt":{"rendered":"<p>Aile olma s\u00fcrecini yeniden ele alan Serap Buharal\u0131, anne ve babaya yol g\u00f6steren \u0130yi Anne Baba Olma K\u0131lavuzu kitab\u0131n\u0131 sizlere sunuyor. Birey olarak kendimizi ger\u00e7ekle\u015ftirmeye ba\u015flad\u0131\u011f\u0131m\u0131z<span class=\"excerpt-hellip\"> [\u2026]<\/span><\/p>\n","protected":false},"featured_media":0,"template":"","meta":{"_monsterinsights_skip_tracking":false,"_monsterinsights_sitenote_active":false,"_monsterinsights_sitenote_note":"","_monsterinsights_sitenote_category":0},"product_brand":[],"product_cat":[12831,12324],"product_tag":[],"class_list":{"0":"post-730140","1":"product","2":"type-product","3":"status-publish","5":"product_cat-aile-ve-cocuk","6":"product_cat-sosyoloji","7":"pa_cilt-ciltsiz","8":"pa_tur-kitap","9":"pa_yayinevi-erdem-yayinlari","10":"pa_yazar-serap-buharali","12":"first","13":"instock","14":"sale","15":"shipping-taxable","16":"purchasable","17":"product-type-simple"},"_links":{"self":[{"href":"https:\/\/roveyayinevi.com.tr\/index.php\/wp-json\/wp\/v2\/product\/730140","targetHints":{"allow":["GET"]}}],"collection":[{"href":"https:\/\/roveyayinevi.com.tr\/index.php\/wp-json\/wp\/v2\/product"}],"about":[{"href":"https:\/\/roveyayinevi.com.tr\/index.php\/wp-json\/wp\/v2\/types\/product"}],"wp:attachment":[{"href":"https:\/\/roveyayinevi.com.tr\/index.php\/wp-json\/wp\/v2\/media?parent=730140"}],"wp:term":[{"taxonomy":"product_brand","embeddable":true,"href":"https:\/\/roveyayinevi.com.tr\/index.php\/wp-json\/wp\/v2\/product_brand?post=730140"},{"taxonomy":"product_cat","embeddable":true,"href":"https:\/\/roveyayinevi.com.tr\/index.php\/wp-json\/wp\/v2\/product_cat?post=730140"},{"taxonomy":"product_tag","embeddable":true,"href":"https:\/\/roveyayinevi.com.tr\/index.php\/wp-json\/wp\/v2\/product_tag?post=730140"}],"curies":[{"name":"wp","href":"https:\/\/api.w.org\/{rel}","templated":true}]}}