{"id":730138,"date":"2025-08-27T21:09:05","date_gmt":"2025-08-27T18:09:05","guid":{"rendered":"https:\/\/roveyayinevi.com.tr\/index.php\/urun\/denizlerin-efendisi-gazi-umur-bey\/"},"modified":"2026-04-16T02:37:41","modified_gmt":"2026-04-15T23:37:41","slug":"denizlerin-efendisi-gazi-umur-bey","status":"publish","type":"product","link":"https:\/\/roveyayinevi.com.tr\/index.php\/urun\/denizlerin-efendisi-gazi-umur-bey\/","title":{"rendered":"Denizlerin Efendisi Gazi Umur Bey"},"content":{"rendered":"<p>13. y\u00fczy\u0131l ba\u015flar\u0131nda Bat\u0131 Anadolu\u2019da kurulan Ayd\u0131no\u011fullar\u0131, Mente\u015feo\u011fullar\u0131, Karesio\u011fullar\u0131 ve Saruhano\u011fullar\u0131 \u201fdenizci T\u00fcrkmen beylikleri\u201d olarak tarih literat\u00fcr\u00fcne ge\u00e7mi\u015flerdir. Bu beyliklerden Ayd\u0131no\u011fullar\u0131, denizlerdeki h\u00e2kimiyetini Ege adalar\u0131, Yunanistan ve Trakya\u2019ya kadar ta\u015f\u0131m\u0131\u015f, Bizans \u0130mparatorlu\u011fu ile kurdu\u011fu yak\u0131n ili\u015fki ve ittifaklarla bu devletin i\u00e7 i\u015flerine m\u00fcdahale eder h\u00e2le gelmi\u015ftir. Bilhassa Gazi Umur Bey devri (1334-1348) denizcilik ve Rumeli gaz\u00e2lar\u0131nda Ayd\u0131no\u011fullar\u0131n\u0131 bir ad\u0131m \u00f6ne \u00e7\u0131karm\u0131\u015ft\u0131r. Gazi Umur Bey, cesur ki\u015fili\u011fi ve giri\u015fken tav\u0131rlar\u0131 ile Bat\u0131 Anadolu\u2019nun tarihi ak\u0131\u015f\u0131na m\u00fcdahale etmi\u015f \u00f6nemli bir kahramand\u0131r. O, Bat\u0131 Anadolu k\u0131y\u0131lar\u0131nda ilk defa denizle tan\u0131\u015fan T\u00fcrk topluluklar\u0131 i\u00e7inden \u00e7\u0131kan \u00f6nemli bir denizci olarak ba\u015far\u0131s\u0131n\u0131 b\u00fct\u00fcn d\u00fcnyaya kabul ettirmi\u015ftir. Gazi Umur Bey, 14. y\u00fczy\u0131lda Ege Denizi\u2019ni kontrol alt\u0131na ala bir donanmaya sahip oldu\u011fu gibi gemileri karadan y\u00fcr\u00fcten ilk denizci olarak da tarihe ge\u00e7er. O, hayat\u0131 ancak efsanelere s\u0131\u011facak ger\u00e7ek bir T\u00fcrk kahraman\u0131d\u0131r.<\/p>\n","protected":false},"excerpt":{"rendered":"<p>13. y\u00fczy\u0131l ba\u015flar\u0131nda Bat\u0131 Anadolu\u2019da kurulan Ayd\u0131no\u011fullar\u0131, Mente\u015feo\u011fullar\u0131, Karesio\u011fullar\u0131 ve Saruhano\u011fullar\u0131 \u201fdenizci T\u00fcrkmen beylikleri\u201d olarak tarih literat\u00fcr\u00fcne ge\u00e7mi\u015flerdir. Bu beyliklerden Ayd\u0131no\u011fullar\u0131, denizlerdeki h\u00e2kimiyetini Ege adalar\u0131, Yunanistan<span class=\"excerpt-hellip\"> [\u2026]<\/span><\/p>\n","protected":false},"featured_media":0,"template":"","meta":{"_monsterinsights_skip_tracking":false,"_monsterinsights_sitenote_active":false,"_monsterinsights_sitenote_note":"","_monsterinsights_sitenote_category":0},"product_brand":[],"product_cat":[13946,12304],"product_tag":[],"class_list":{"0":"post-730138","1":"product","2":"type-product","3":"status-publish","5":"product_cat-biyografi-otobiyografi","6":"product_cat-tarih","7":"pa_cilt-ciltsiz","8":"pa_tur-kitap","9":"pa_yayinevi-erdem-yayinlari","10":"pa_yazar-kemal-ramazan-haykiran","12":"first","13":"instock","14":"sale","15":"shipping-taxable","16":"purchasable","17":"product-type-simple"},"_links":{"self":[{"href":"https:\/\/roveyayinevi.com.tr\/index.php\/wp-json\/wp\/v2\/product\/730138","targetHints":{"allow":["GET"]}}],"collection":[{"href":"https:\/\/roveyayinevi.com.tr\/index.php\/wp-json\/wp\/v2\/product"}],"about":[{"href":"https:\/\/roveyayinevi.com.tr\/index.php\/wp-json\/wp\/v2\/types\/product"}],"wp:attachment":[{"href":"https:\/\/roveyayinevi.com.tr\/index.php\/wp-json\/wp\/v2\/media?parent=730138"}],"wp:term":[{"taxonomy":"product_brand","embeddable":true,"href":"https:\/\/roveyayinevi.com.tr\/index.php\/wp-json\/wp\/v2\/product_brand?post=730138"},{"taxonomy":"product_cat","embeddable":true,"href":"https:\/\/roveyayinevi.com.tr\/index.php\/wp-json\/wp\/v2\/product_cat?post=730138"},{"taxonomy":"product_tag","embeddable":true,"href":"https:\/\/roveyayinevi.com.tr\/index.php\/wp-json\/wp\/v2\/product_tag?post=730138"}],"curies":[{"name":"wp","href":"https:\/\/api.w.org\/{rel}","templated":true}]}}