{"id":730137,"date":"2025-08-27T21:09:04","date_gmt":"2025-08-27T18:09:04","guid":{"rendered":"https:\/\/roveyayinevi.com.tr\/index.php\/urun\/sanal-ulke-ciltli\/"},"modified":"2026-01-30T03:04:39","modified_gmt":"2026-01-30T00:04:39","slug":"sanal-ulke-ciltli","status":"publish","type":"product","link":"https:\/\/roveyayinevi.com.tr\/index.php\/urun\/sanal-ulke-ciltli\/","title":{"rendered":"Sanal \u00dclke (Ciltli)"},"content":{"rendered":"<p>1997\u2019nin sonlar\u0131nda evinden ka\u00e7an gen\u00e7 bir k\u0131z ile sar\u0131 oyuncak robotu ABD\u2019nin bat\u0131s\u0131na do\u011fru tuhaf bir yolculu\u011fa \u00e7\u0131kar. Devasa sava\u015f dronlar\u0131, \u00e7\u00f6kmekte olan toplumun di\u011fer teknoloji \u00e7\u00f6pleriyle birlikte k\u0131rsala da\u011f\u0131lm\u0131\u015f h\u00e2ldedir. Arabalar\u0131 k\u0131tan\u0131n ucuna do\u011fru ilerledik\u00e7e pencereden d\u0131\u015f d\u00fcnya kendisini daha h\u0131zl\u0131 g\u00f6stermeye ba\u015flar; sanki ufkun \u00f6te taraf\u0131nda medeniyet ka\u00e7\u0131n\u0131lmaz olarak \u00e7\u00f6kmeye ba\u015flam\u0131\u015ft\u0131r. D\u00f6ng\u00fc\u2019den Hik\u00e2yeler\u2019in yazar\u0131 ve \u00e7izeri Simon St\u00e5lenhag, Sanal \u00dclke\u2019yle birlikte bu kez y\u00fcz\u00fcn\u00fc Amerikan k\u0131rsal\u0131na d\u00f6n\u00fcp oradaki ya\u015fama farkl\u0131 bir bak\u0131\u015f a\u00e7\u0131s\u0131 getiriyor.   \u201cHayranl\u0131k uyand\u0131ran bir bilimkurgu kitab\u0131. Bu sakin ve h\u00fcz\u00fcn dolu macera her \u00e7izgi roman, resim ve bilimkurgu koleksiyonu i\u00e7in kusursuz ve g\u00f6rsel a\u00e7\u0131dan \u00e7arp\u0131c\u0131 bir ekleme olacak.\u201d \u2013Publishers Weekly   \u201cAk\u0131ldan \u00e7\u0131kmayan bir resimli roman. Kasvetli ve duygusal a\u00e7\u0131dan g\u00fc\u00e7l\u00fc distopik bilimkurguyu seven okurlar, St\u00e5lenhag\u2019\u0131n ad\u0131m ad\u0131m kendini g\u00f6steren ve y\u00fcrek burkan finale sahip bu kitab\u0131ndan \u00e7ok etkilenecek.\u201d \u2013Booklist <\/p>\n","protected":false},"excerpt":{"rendered":"<p>1997\u2019nin sonlar\u0131nda evinden ka\u00e7an gen\u00e7 bir k\u0131z ile sar\u0131 oyuncak robotu ABD\u2019nin bat\u0131s\u0131na do\u011fru tuhaf bir yolculu\u011fa \u00e7\u0131kar. Devasa sava\u015f dronlar\u0131, \u00e7\u00f6kmekte olan toplumun di\u011fer teknoloji<span class=\"excerpt-hellip\"> [\u2026]<\/span><\/p>\n","protected":false},"featured_media":0,"template":"","meta":{"_monsterinsights_skip_tracking":false,"_monsterinsights_sitenote_active":false,"_monsterinsights_sitenote_note":"","_monsterinsights_sitenote_category":0},"product_brand":[],"product_cat":[12416,12291],"product_tag":[],"class_list":{"0":"post-730137","1":"product","2":"type-product","3":"status-publish","5":"product_cat-cizgi-roman","6":"product_cat-edebiyat","7":"pa_cilt-ciltli","8":"pa_tur-kitap","9":"pa_yayinevi-ithaki-yayinlari","10":"pa_yazar-simon-stalenhag","12":"first","13":"instock","14":"sale","15":"shipping-taxable","16":"purchasable","17":"product-type-simple"},"_links":{"self":[{"href":"https:\/\/roveyayinevi.com.tr\/index.php\/wp-json\/wp\/v2\/product\/730137","targetHints":{"allow":["GET"]}}],"collection":[{"href":"https:\/\/roveyayinevi.com.tr\/index.php\/wp-json\/wp\/v2\/product"}],"about":[{"href":"https:\/\/roveyayinevi.com.tr\/index.php\/wp-json\/wp\/v2\/types\/product"}],"wp:attachment":[{"href":"https:\/\/roveyayinevi.com.tr\/index.php\/wp-json\/wp\/v2\/media?parent=730137"}],"wp:term":[{"taxonomy":"product_brand","embeddable":true,"href":"https:\/\/roveyayinevi.com.tr\/index.php\/wp-json\/wp\/v2\/product_brand?post=730137"},{"taxonomy":"product_cat","embeddable":true,"href":"https:\/\/roveyayinevi.com.tr\/index.php\/wp-json\/wp\/v2\/product_cat?post=730137"},{"taxonomy":"product_tag","embeddable":true,"href":"https:\/\/roveyayinevi.com.tr\/index.php\/wp-json\/wp\/v2\/product_tag?post=730137"}],"curies":[{"name":"wp","href":"https:\/\/api.w.org\/{rel}","templated":true}]}}